{"id":3180,"date":"2026-02-17T11:03:03","date_gmt":"2026-02-17T09:03:03","guid":{"rendered":"https:\/\/casino-site-amp100.top\/?page_id=3180"},"modified":"2026-02-17T11:03:27","modified_gmt":"2026-02-17T09:03:27","slug":"privacy-policy-tr","status":"publish","type":"page","link":"https:\/\/casino-site-amp100.top\/tr\/privacy-policy-tr\/","title":{"rendered":"Privacy Policy tr"},"content":{"rendered":"<h1>Gizlilik Politikas\u0131<\/h1>\n<p>1xBet, ki\u015fisel verilerinizin denetleyicisi olan 1xBet&#8217;in sahibi oldu\u011fu ve i\u015fletti\u011fi bir web sitesidir. Gizlilik politikam\u0131z, 1xBet web sitesinden toplanan bilgileri nas\u0131l i\u015fledi\u011fimizi ayr\u0131nt\u0131l\u0131 olarak a\u00e7\u0131klamak ve hakk\u0131n\u0131zda belirli ki\u015fisel verileri neden toplamam\u0131z gerekti\u011fini a\u00e7\u0131klamak \u00fczere tasarlanm\u0131\u015ft\u0131r. Bu nedenle 1xBet web sitesini kullanmadan \u00f6nce bu gizlilik politikas\u0131n\u0131 okuman\u0131z\u0131 \u00f6nemle tavsiye ederiz.<\/p>\n<h2>Ki\u015fisel verilerinizin korunmas\u0131<\/h2>\n<p>M\u00fc\u015fterilerimizin verilerinin g\u00fcvenli\u011fine ve gizlili\u011fine en y\u00fcksek \u00f6nemi veriyoruz. Bu politikada hangi verileri toplad\u0131\u011f\u0131m\u0131z\u0131, bunlar\u0131 nas\u0131l kulland\u0131\u011f\u0131m\u0131z\u0131 ve ki\u015fisel verilerinizle ilgili olarak hangi haklara sahip oldu\u011funuzu a\u00e7\u0131klayaca\u011f\u0131z.<\/p>\n<h2>Toplad\u0131\u011f\u0131m\u0131z ki\u015fisel bilgiler<\/h2>\n<p>1xBet web sitesini ziyaret etti\u011finizde, web taray\u0131c\u0131n\u0131z, IP adresiniz, saat diliminiz ve di\u011fer veriler hakk\u0131ndaki bilgiler gibi cihaz\u0131n\u0131zla ilgili belirli bilgiler otomatik olarak toplan\u0131r. Ayr\u0131ca cihaz\u0131n\u0131zda saklanan \u00e7erezleri de kullan\u0131r\u0131z. Ayr\u0131ca siteyle etkile\u015fim kurdu\u011funuzda g\u00f6r\u00fcnt\u00fclenen sayfalar ve \u00fcr\u00fcnler, siteye y\u00f6nlendirme kaynaklar\u0131 ve sitedeki eylemleriniz hakk\u0131ndaki bilgileri kaydediyoruz. Bu bilgilere &#171;Cihaz Bilgileri&#187; diyoruz. Ayr\u0131ca bize sa\u011flad\u0131\u011f\u0131n\u0131z ad, soyad, adres, \u00f6deme bilgileri ve di\u011fer gerekli ki\u015fisel bilgileri de toplayabiliriz.<\/p>\n<h2>Verilerinizi neden i\u015fliyoruz?<\/h2>\n<p>Temel \u00f6nceliklerimiz g\u00fcvenlik ve m\u00fc\u015fteri memnuniyetidir. Bu nedenle sitenin i\u015fleyi\u015fini sa\u011flamak i\u00e7in gereken minimum miktarda veriyi i\u015fleriz. Otomatik olarak toplanan bilgiler yaln\u0131zca olas\u0131 ihlalleri tespit etmek ve site kullan\u0131m\u0131na ili\u015fkin istatistiksel bilgiler elde etmek i\u00e7in kullan\u0131l\u0131r. Bu istatistikler belirli bir kullan\u0131c\u0131y\u0131 tan\u0131mlamak i\u00e7in kullan\u0131lmaz.<\/p>\n<p>1xBet web sitesini kimli\u011finizi a\u00e7\u0131klamadan anonim olarak ziyaret edebilirsiniz. Ancak haber b\u00fclteni almak veya ileti\u015fim formu arac\u0131l\u0131\u011f\u0131yla bizimle ileti\u015fime ge\u00e7mek gibi baz\u0131 site i\u015flevlerini kullanmak i\u00e7in e-posta adresiniz, ad\u0131n\u0131z ve soyad\u0131n\u0131z gibi ki\u015fisel bilgileri vermeniz gerekir. Bu verileri vermeme hakk\u0131na sahipsiniz ancak bu durumda sitenin baz\u0131 i\u015flevlerini kullanamayacaks\u0131n\u0131z.<\/p>\n<h2>Haklar\u0131n\u0131z<\/h2>\n<p>Avrupa Birli\u011fi&#8217;nde ikamet ediyorsan\u0131z ki\u015fisel verilerinizle ilgili bir tak\u0131m haklara sahipsiniz:<\/p>\n<ul>\n<li>Bilgi edinme hakk\u0131: Hakk\u0131n\u0131zda hangi verilerin topland\u0131\u011f\u0131n\u0131 ve bunlar\u0131n nas\u0131l kullan\u0131ld\u0131\u011f\u0131n\u0131 bilme hakk\u0131na sahipsiniz.<\/li>\n<li>Eri\u015fim hakk\u0131: Ki\u015fisel verilerinize eri\u015fim talep edebilirsiniz.<\/li>\n<li>D\u00fczeltme hakk\u0131: Verilerinizde yer alan yanl\u0131\u015fl\u0131klar\u0131n d\u00fczeltilmesini isteyebilirsiniz.<\/li>\n<li>Silme hakk\u0131: Ki\u015fisel verilerinizin i\u015flenmesine hukuki bir dayanak bulunmad\u0131\u011f\u0131 takdirde silinmesini talep edebilirsiniz.<\/li>\n<li>\u0130\u015flemenin k\u0131s\u0131tlanmas\u0131 hakk\u0131: Belirli durumlarda verilerinizin i\u015flenmesinin k\u0131s\u0131tlanmas\u0131n\u0131 talep edebilirsiniz.<\/li>\n<li>Veri ta\u015f\u0131nabilirli\u011fi hakk\u0131: Verilerinizin ba\u015fka bir denetleyiciye aktar\u0131lmas\u0131n\u0131 talep edebilirsiniz.<\/li>\n<li>\u0130tiraz hakk\u0131: Belirli durumlarda verilerinizin i\u015flenmesine itiraz etme hakk\u0131na sahipsiniz.<\/li>\n<li>R\u0131zay\u0131 geri \u00e7ekme hakk\u0131: Verilerinizin i\u015flenmesi izninize dayan\u0131yorsa, bunu istedi\u011finiz zaman geri \u00e7ekebilirsiniz.<\/li>\n<\/ul>\n<p>Bu haklardan herhangi birini kullanmak istiyorsan\u0131z l\u00fctfen info@1xbet-team.com adresinden bizimle ileti\u015fime ge\u00e7in.<\/p>\n<h2>Bilgi G\u00fcvenli\u011fi<\/h2>\n<p>Sa\u011flad\u0131\u011f\u0131n\u0131z bilgilerin yetkisiz eri\u015fime ve kaybolmaya kar\u015f\u0131 korunmas\u0131 i\u00e7in \u00f6nlemler al\u0131yoruz. Verilerinizi g\u00fcvende tutmak i\u00e7in modern g\u00fcvenlik y\u00f6ntem ve teknolojilerini kullan\u0131yoruz. Ancak \u0130nternet \u00fczerinden veri aktar\u0131m\u0131n\u0131n tamamen garanti edilemeyece\u011fini l\u00fctfen unutmay\u0131n.<\/p>\n<h2>Yasal A\u00e7\u0131klama<\/h2>\n<p>Mahkeme emri veya mahkeme celbi gibi yasalar\u0131n gerektirmesi veya izin vermesi halinde bilgilerinizi if\u015fa edebiliriz. Haklar\u0131m\u0131z\u0131 korumak, g\u00fcvenli\u011fimizi korumak veya doland\u0131r\u0131c\u0131l\u0131\u011f\u0131 \u00f6nlemek i\u00e7in gerekli oldu\u011funa inand\u0131\u011f\u0131m\u0131zda da bilgileri a\u00e7\u0131klayabiliriz.<\/p>\n","protected":false},"excerpt":{"rendered":"<p>Gizlilik Politikas\u0131 1xBet, ki\u015fisel verilerinizin denetleyicisi olan 1xBet&#8217;in sahibi oldu\u011fu ve i\u015fletti\u011fi bir web sitesidir. Gizlilik politikam\u0131z, 1xBet web sitesinden toplanan bilgileri nas\u0131l i\u015fledi\u011fimizi ayr\u0131nt\u0131l\u0131 olarak a\u00e7\u0131klamak ve hakk\u0131n\u0131zda belirli ki\u015fisel verileri neden toplamam\u0131z gerekti\u011fini a\u00e7\u0131klamak \u00fczere tasarlanm\u0131\u015ft\u0131r. Bu nedenle 1xBet web sitesini kullanmadan \u00f6nce bu gizlilik politikas\u0131n\u0131 okuman\u0131z\u0131 \u00f6nemle tavsiye ederiz. Ki\u015fisel verilerinizin korunmas\u0131 [&hellip;]<\/p>\n","protected":false},"author":1,"featured_media":0,"parent":0,"menu_order":0,"comment_status":"closed","ping_status":"closed","template":"onas.php","meta":{"_acf_changed":false,"footnotes":""},"class_list":["post-3180","page","type-page","status-publish","hentry"],"acf":[],"yoast_head":"<!-- This site is optimized with the Yoast SEO plugin v27.0 - https:\/\/yoast.com\/product\/yoast-seo-wordpress\/ -->\n<title>1xBet Gizlilik Politikas\u0131: Veri G\u00fcvenli\u011fi Rehberiniz<\/title>\n<meta name=\"description\" content=\"1xBet&#039;in verilerinizi her ad\u0131mda nas\u0131l g\u00fcvende ve gizli tuttu\u011funu anlamak i\u00e7in l\u00fctfen gizlilik politikam\u0131z\u0131 inceleyin.\" \/>\n<meta name=\"robots\" content=\"index, follow, max-snippet:-1, max-image-preview:large, max-video-preview:-1\" \/>\n<link rel=\"canonical\" href=\"https:\/\/casino-site-amp100.top\/tr\/privacy-policy-tr\/\" \/>\n<meta property=\"og:locale\" content=\"ru_RU\" \/>\n<meta property=\"og:type\" content=\"article\" \/>\n<meta property=\"og:title\" content=\"1xBet Gizlilik Politikas\u0131: Veri G\u00fcvenli\u011fi Rehberiniz\" \/>\n<meta property=\"og:description\" content=\"1xBet&#039;in verilerinizi her ad\u0131mda nas\u0131l g\u00fcvende ve gizli tuttu\u011funu anlamak i\u00e7in l\u00fctfen gizlilik politikam\u0131z\u0131 inceleyin.\" \/>\n<meta property=\"og:url\" content=\"https:\/\/casino-site-amp100.top\/tr\/privacy-policy-tr\/\" \/>\n<meta property=\"og:site_name\" content=\"casino-site-amp100.top\" \/>\n<meta property=\"article:modified_time\" content=\"2026-02-17T09:03:27+00:00\" \/>\n<script type=\"application\/ld+json\" class=\"yoast-schema-graph\">{\"@context\":\"https:\/\/schema.org\",\"@graph\":[{\"@type\":\"WebPage\",\"@id\":\"https:\/\/casino-site-amp100.top\/tr\/privacy-policy-tr\/\",\"url\":\"https:\/\/casino-site-amp100.top\/tr\/privacy-policy-tr\/\",\"name\":\"1xBet Gizlilik Politikas\u0131: Veri G\u00fcvenli\u011fi Rehberiniz\",\"isPartOf\":{\"@id\":\"https:\/\/casino-site-amp100.top\/#website\"},\"datePublished\":\"2026-02-17T09:03:03+00:00\",\"dateModified\":\"2026-02-17T09:03:27+00:00\",\"description\":\"1xBet'in verilerinizi her ad\u0131mda nas\u0131l g\u00fcvende ve gizli tuttu\u011funu anlamak i\u00e7in l\u00fctfen gizlilik politikam\u0131z\u0131 inceleyin.\",\"breadcrumb\":{\"@id\":\"https:\/\/casino-site-amp100.top\/tr\/privacy-policy-tr\/#breadcrumb\"},\"inLanguage\":\"ru-RU\",\"potentialAction\":[{\"@type\":\"ReadAction\",\"target\":[\"https:\/\/casino-site-amp100.top\/tr\/privacy-policy-tr\/\"]}]},{\"@type\":\"BreadcrumbList\",\"@id\":\"https:\/\/casino-site-amp100.top\/tr\/privacy-policy-tr\/#breadcrumb\",\"itemListElement\":[{\"@type\":\"ListItem\",\"position\":1,\"name\":\"Home\",\"item\":\"https:\/\/casino-site-amp100.top\/\"},{\"@type\":\"ListItem\",\"position\":2,\"name\":\"Privacy Policy tr\"}]},{\"@type\":\"WebSite\",\"@id\":\"https:\/\/casino-site-amp100.top\/#website\",\"url\":\"https:\/\/casino-site-amp100.top\/\",\"name\":\"casino-site-amp100.top\",\"description\":\"\",\"potentialAction\":[{\"@type\":\"SearchAction\",\"target\":{\"@type\":\"EntryPoint\",\"urlTemplate\":\"https:\/\/casino-site-amp100.top\/?s={search_term_string}\"},\"query-input\":{\"@type\":\"PropertyValueSpecification\",\"valueRequired\":true,\"valueName\":\"search_term_string\"}}],\"inLanguage\":\"ru-RU\"}]}<\/script>\n<!-- \/ Yoast SEO plugin. -->","yoast_head_json":{"title":"1xBet Gizlilik Politikas\u0131: Veri G\u00fcvenli\u011fi Rehberiniz","description":"1xBet'in verilerinizi her ad\u0131mda nas\u0131l g\u00fcvende ve gizli tuttu\u011funu anlamak i\u00e7in l\u00fctfen gizlilik politikam\u0131z\u0131 inceleyin.","robots":{"index":"index","follow":"follow","max-snippet":"max-snippet:-1","max-image-preview":"max-image-preview:large","max-video-preview":"max-video-preview:-1"},"canonical":"https:\/\/casino-site-amp100.top\/tr\/privacy-policy-tr\/","og_locale":"ru_RU","og_type":"article","og_title":"1xBet Gizlilik Politikas\u0131: Veri G\u00fcvenli\u011fi Rehberiniz","og_description":"1xBet'in verilerinizi her ad\u0131mda nas\u0131l g\u00fcvende ve gizli tuttu\u011funu anlamak i\u00e7in l\u00fctfen gizlilik politikam\u0131z\u0131 inceleyin.","og_url":"https:\/\/casino-site-amp100.top\/tr\/privacy-policy-tr\/","og_site_name":"casino-site-amp100.top","article_modified_time":"2026-02-17T09:03:27+00:00","schema":{"@context":"https:\/\/schema.org","@graph":[{"@type":"WebPage","@id":"https:\/\/casino-site-amp100.top\/tr\/privacy-policy-tr\/","url":"https:\/\/casino-site-amp100.top\/tr\/privacy-policy-tr\/","name":"1xBet Gizlilik Politikas\u0131: Veri G\u00fcvenli\u011fi Rehberiniz","isPartOf":{"@id":"https:\/\/casino-site-amp100.top\/#website"},"datePublished":"2026-02-17T09:03:03+00:00","dateModified":"2026-02-17T09:03:27+00:00","description":"1xBet'in verilerinizi her ad\u0131mda nas\u0131l g\u00fcvende ve gizli tuttu\u011funu anlamak i\u00e7in l\u00fctfen gizlilik politikam\u0131z\u0131 inceleyin.","breadcrumb":{"@id":"https:\/\/casino-site-amp100.top\/tr\/privacy-policy-tr\/#breadcrumb"},"inLanguage":"ru-RU","potentialAction":[{"@type":"ReadAction","target":["https:\/\/casino-site-amp100.top\/tr\/privacy-policy-tr\/"]}]},{"@type":"BreadcrumbList","@id":"https:\/\/casino-site-amp100.top\/tr\/privacy-policy-tr\/#breadcrumb","itemListElement":[{"@type":"ListItem","position":1,"name":"Home","item":"https:\/\/casino-site-amp100.top\/"},{"@type":"ListItem","position":2,"name":"Privacy Policy tr"}]},{"@type":"WebSite","@id":"https:\/\/casino-site-amp100.top\/#website","url":"https:\/\/casino-site-amp100.top\/","name":"casino-site-amp100.top","description":"","potentialAction":[{"@type":"SearchAction","target":{"@type":"EntryPoint","urlTemplate":"https:\/\/casino-site-amp100.top\/?s={search_term_string}"},"query-input":{"@type":"PropertyValueSpecification","valueRequired":true,"valueName":"search_term_string"}}],"inLanguage":"ru-RU"}]}},"amp_enabled":true,"_links":{"self":[{"href":"https:\/\/casino-site-amp100.top\/wp-json\/wp\/v2\/pages\/3180","targetHints":{"allow":["GET"]}}],"collection":[{"href":"https:\/\/casino-site-amp100.top\/wp-json\/wp\/v2\/pages"}],"about":[{"href":"https:\/\/casino-site-amp100.top\/wp-json\/wp\/v2\/types\/page"}],"author":[{"embeddable":true,"href":"https:\/\/casino-site-amp100.top\/wp-json\/wp\/v2\/users\/1"}],"replies":[{"embeddable":true,"href":"https:\/\/casino-site-amp100.top\/wp-json\/wp\/v2\/comments?post=3180"}],"version-history":[{"count":2,"href":"https:\/\/casino-site-amp100.top\/wp-json\/wp\/v2\/pages\/3180\/revisions"}],"predecessor-version":[{"id":3182,"href":"https:\/\/casino-site-amp100.top\/wp-json\/wp\/v2\/pages\/3180\/revisions\/3182"}],"wp:attachment":[{"href":"https:\/\/casino-site-amp100.top\/wp-json\/wp\/v2\/media?parent=3180"}],"curies":[{"name":"wp","href":"https:\/\/api.w.org\/{rel}","templated":true}]}}