{"id":3172,"date":"2026-02-17T10:49:51","date_gmt":"2026-02-17T08:49:51","guid":{"rendered":"https:\/\/casino-site-amp100.top\/?page_id=3172"},"modified":"2026-02-17T10:49:51","modified_gmt":"2026-02-17T08:49:51","slug":"privacy-policy-az","status":"publish","type":"page","link":"https:\/\/casino-site-amp100.top\/az\/privacy-policy-az\/","title":{"rendered":"Privacy Policy-az"},"content":{"rendered":"<h1>M\u0259xfilik Siyas\u0259ti<\/h1>\n<p>1xBet \u015f\u0259xsi m\u0259lumatlar\u0131n\u0131z \u00fc\u00e7\u00fcn n\u0259zar\u0259t\u00e7i olan 1xBet-\u0259 m\u0259xsus v\u0259 idar\u0259 olunan vebsaytd\u0131r. M\u0259xfilik siyas\u0259timiz 1xBet veb sayt\u0131ndan toplanm\u0131\u015f m\u0259lumatlar\u0131 nec\u0259 emal etdiyimizi \u0259trafl\u0131 izah etm\u0259k v\u0259 sizin haqq\u0131n\u0131zda m\u00fc\u0259yy\u0259n \u015f\u0259xsi m\u0259lumatlar\u0131 toplamal\u0131 oldu\u011fumuz s\u0259b\u0259bl\u0259ri izah etm\u0259k \u00fc\u00e7\u00fcn n\u0259z\u0259rd\u0259 tutulmu\u015fdur. Buna g\u00f6r\u0259 d\u0259, 1xBet vebsayt\u0131ndan istifad\u0259 etm\u0259zd\u0259n \u0259vv\u0259l bu m\u0259xfilik siyas\u0259tini oxuma\u011f\u0131n\u0131z\u0131 t\u00f6vsiy\u0259 edirik.<\/p>\n<h2>\u015e\u0259xsi m\u0259lumatlar\u0131n\u0131z\u0131n qay\u011f\u0131s\u0131na qalmaq<\/h2>\n<p>Biz m\u00fc\u015ft\u0259ril\u0259rimizin m\u0259lumatlar\u0131n\u0131n t\u0259hl\u00fck\u0259sizliyin\u0259 v\u0259 m\u0259xfiliyin\u0259 b\u00f6y\u00fck \u0259h\u0259miyy\u0259t veririk. Bu siyas\u0259td\u0259 biz hans\u0131 m\u0259lumatlar\u0131 toplad\u0131\u011f\u0131m\u0131z\u0131 v\u0259 onlardan nec\u0259 istifad\u0259 etdiyimizi v\u0259 \u015f\u0259xsi m\u0259lumatlar\u0131n\u0131zla ba\u011fl\u0131 hans\u0131 h\u00fcquqlara malik oldu\u011funuzu izah ed\u0259c\u0259yik.<\/p>\n<h2>Toplad\u0131\u011f\u0131m\u0131z \u015f\u0259xsi m\u0259lumatlar<\/h2>\n<p>Siz 1xBet veb-sayt\u0131na daxil oldu\u011funuz zaman, veb-brauzeriniz, IP \u00fcnvan\u0131n\u0131z, saat qur\u015fa\u011f\u0131 v\u0259 dig\u0259r m\u0259lumatlar haqq\u0131nda m\u0259lumat kimi cihaz\u0131n\u0131z haqq\u0131nda m\u00fc\u0259yy\u0259n m\u0259lumatlar avtomatik olaraq toplan\u0131r. Biz h\u0259m\u00e7inin cihaz\u0131n\u0131zda saxlan\u0131lan kukil\u0259rd\u0259n istifad\u0259 edirik. Bundan \u0259lav\u0259, saytla \u0259laq\u0259 qurark\u0259n bax\u0131lan s\u0259hif\u0259l\u0259r v\u0259 m\u0259hsullar, sayta m\u00fcraci\u0259t m\u0259nb\u0259l\u0259ri v\u0259 saytdak\u0131 h\u0259r\u0259k\u0259tl\u0259riniz haqq\u0131nda m\u0259lumatlar\u0131 qeyd edirik. Biz bu m\u0259lumat\u0131 &#171;Cihaz m\u0259lumat\u0131&#187; adland\u0131r\u0131r\u0131q. Z\u0259ruri hallarda ad, soyad, \u00fcnvan, \u00f6d\u0259ni\u015f m\u0259lumatlar\u0131 v\u0259 ba\u015fqalar\u0131 kimi biz\u0259 t\u0259qdim etdiyiniz \u015f\u0259xsi m\u0259lumatlar\u0131 da toplaya bil\u0259rik.<\/p>\n<h2>Niy\u0259 m\u0259lumatlar\u0131n\u0131z\u0131 emal edirik<\/h2>\n<p>\u018fsas prioritetl\u0259rimiz t\u0259hl\u00fck\u0259sizlik v\u0259 m\u00fc\u015ft\u0259ri m\u0259mnuniyy\u0259tidir. Buna g\u00f6r\u0259 d\u0259, sayt\u0131n i\u015fl\u0259m\u0259sini t\u0259min etm\u0259k \u00fc\u00e7\u00fcn laz\u0131m olan minimum m\u0259lumat miqdar\u0131n\u0131 emal edirik. Avtomatik toplanan m\u0259lumat yaln\u0131z potensial pozuntular\u0131 m\u00fc\u0259yy\u0259n etm\u0259k v\u0259 saytdan istifad\u0259 haqq\u0131nda statistik m\u0259lumat \u0259ld\u0259 etm\u0259k \u00fc\u00e7\u00fcn istifad\u0259 olunur. Bu statistik m\u0259lumatlar konkret istifad\u0259\u00e7ini m\u00fc\u0259yy\u0259n ed\u0259n \u015f\u0259kild\u0259 istifad\u0259 edilmir.<\/p>\n<p>Siz \u015f\u0259xsiyy\u0259tinizi a\u00e7\u0131qlamadan 1xBet veb sayt\u0131na anonim \u015f\u0259kild\u0259 daxil ola bil\u0259rsiniz. Bununla bel\u0259, b\u00fclleteni q\u0259bul etm\u0259k v\u0259 ya \u0259laq\u0259 formas\u0131 vasit\u0259sil\u0259 biziml\u0259 \u0259laq\u0259 saxlamaq kimi b\u0259zi sayt funksiyalar\u0131ndan istifad\u0259 etm\u0259k \u00fc\u00e7\u00fcn siz e-po\u00e7t \u00fcnvan\u0131n\u0131z, ad\u0131n\u0131z v\u0259 soyad\u0131n\u0131z kimi \u015f\u0259xsi m\u0259lumatlar\u0131n\u0131z\u0131 t\u0259qdim etm\u0259lisiniz. Bu m\u0259lumatlar\u0131 t\u0259qdim etm\u0259m\u0259k h\u00fcququnuz var, lakin bu halda sayt\u0131n b\u0259zi funksiyalar\u0131ndan istifad\u0259 ed\u0259 bilm\u0259y\u0259c\u0259ksiniz.<\/p>\n<h2>H\u00fcquqlar\u0131n\u0131z<\/h2>\n<p>\u018fg\u0259r siz Avropa \u0130ttifaq\u0131n\u0131n rezidentisinizs\u0259, \u015f\u0259xsi m\u0259lumatlar\u0131n\u0131zla ba\u011fl\u0131 bir s\u0131ra h\u00fcquqlar\u0131n\u0131z var:<\/p>\n<ul>\n<li>M\u0259lumat almaq h\u00fcququ: Sizin haqq\u0131n\u0131zda hans\u0131 m\u0259lumatlar\u0131n topland\u0131\u011f\u0131n\u0131 v\u0259 onlardan nec\u0259 istifad\u0259 olundu\u011funu bilm\u0259k h\u00fcququnuz var.<\/li>\n<li>Giri\u015f h\u00fcququ: Siz \u015f\u0259xsi m\u0259lumatlar\u0131n\u0131za giri\u015f t\u0259l\u0259b ed\u0259 bil\u0259rsiniz.<\/li>\n<li>D\u00fcz\u0259li\u015f etm\u0259k h\u00fcququ: Siz m\u0259lumatlar\u0131n\u0131zdak\u0131 qeyri-d\u0259qiqlikl\u0259rin d\u00fcz\u0259ldilm\u0259sini ist\u0259y\u0259 bil\u0259rsiniz.<\/li>\n<li>Silm\u0259k h\u00fcququ: Siz \u015f\u0259xsi m\u0259lumatlar\u0131n\u0131z\u0131n i\u015fl\u0259nm\u0259si \u00fc\u00e7\u00fcn he\u00e7 bir h\u00fcquqi \u0259sas olmad\u0131qda silinm\u0259sini t\u0259l\u0259b ed\u0259 bil\u0259rsiniz.<\/li>\n<li>Emal\u0131n m\u0259hdudla\u015fd\u0131r\u0131lmas\u0131 h\u00fcququ: Siz m\u00fc\u0259yy\u0259n hallarda m\u0259lumatlar\u0131n\u0131z\u0131n i\u015fl\u0259nm\u0259sinin m\u0259hdudla\u015fd\u0131r\u0131lmas\u0131n\u0131 t\u0259l\u0259b ed\u0259 bil\u0259rsiniz.<\/li>\n<li>M\u0259lumat da\u015f\u0131nmas\u0131 h\u00fcququ: Siz m\u0259lumatlar\u0131n\u0131z\u0131n ba\u015fqa n\u0259zar\u0259t\u00e7iy\u0259 \u00f6t\u00fcr\u00fclm\u0259sini t\u0259l\u0259b ed\u0259 bil\u0259rsiniz.<\/li>\n<li>Etiraz etm\u0259k h\u00fcququ: M\u00fc\u0259yy\u0259n hallarda m\u0259lumatlar\u0131n\u0131z\u0131n i\u015fl\u0259nm\u0259sin\u0259 etiraz etm\u0259k h\u00fcququnuz var.<\/li>\n<li>Raz\u0131l\u0131\u011f\u0131 geri g\u00f6t\u00fcrm\u0259k h\u00fcququ: \u018fg\u0259r m\u0259lumatlar\u0131n\u0131z\u0131n emal\u0131 raz\u0131l\u0131\u011f\u0131n\u0131za \u0259saslan\u0131rsa, onu ist\u0259nil\u0259n vaxt geri g\u00f6t\u00fcr\u0259 bil\u0259rsiniz.<\/li>\n<\/ul>\n<p>Bu h\u00fcquqlardan h\u0259r hans\u0131 birini h\u0259yata ke\u00e7irm\u0259k ist\u0259yirsinizs\u0259, l\u00fctf\u0259n, biziml\u0259 \u0259laq\u0259 saxlay\u0131n: info@1xbet-team.com.<\/p>\n<h2>\u0130nformasiya t\u0259hl\u00fck\u0259sizliyi<\/h2>\n<p>T\u0259qdim etdiyiniz m\u0259lumatlar\u0131 icaz\u0259siz giri\u015f v\u0259 itkil\u0259rd\u0259n qorumaq \u00fc\u00e7\u00fcn t\u0259dbirl\u0259r g\u00f6r\u00fcr\u00fck. Biz m\u0259lumatlar\u0131n\u0131z\u0131 t\u0259hl\u00fck\u0259siz saxlamaq \u00fc\u00e7\u00fcn m\u00fcasir t\u0259hl\u00fck\u0259sizlik metodlar\u0131ndan v\u0259 texnologiyalar\u0131ndan istifad\u0259 edirik. N\u0259z\u0259r\u0259 al\u0131n ki, internet \u00fcz\u0259rind\u0259n m\u0259lumatlar\u0131n \u00f6t\u00fcr\u00fclm\u0259sin\u0259 tam z\u0259man\u0259t verm\u0259k olmaz.<\/p>\n<h2>H\u00fcquqi A\u00e7\u0131qlama<\/h2>\n<p>Qanunla t\u0259l\u0259b olunarsa v\u0259 ya icaz\u0259 verilirs\u0259, m\u0259s\u0259l\u0259n, m\u0259hk\u0259m\u0259 q\u0259rar\u0131na v\u0259 ya \u00e7a\u011f\u0131r\u0131\u015fa cavab olaraq m\u0259lumatlar\u0131n\u0131z\u0131 a\u00e7\u0131qlaya bil\u0259rik. H\u00fcquqlar\u0131m\u0131z\u0131 qorumaq, t\u0259hl\u00fck\u0259sizliyimizi qorumaq v\u0259 ya f\u0131r\u0131ldaq\u00e7\u0131l\u0131\u011f\u0131n qar\u015f\u0131s\u0131n\u0131 almaq \u00fc\u00e7\u00fcn z\u0259ruri oldu\u011funa inand\u0131\u011f\u0131m\u0131z zaman da m\u0259lumatlar\u0131 a\u00e7\u0131qlaya bil\u0259rik.<\/p>\n","protected":false},"excerpt":{"rendered":"<p>M\u0259xfilik Siyas\u0259ti 1xBet \u015f\u0259xsi m\u0259lumatlar\u0131n\u0131z \u00fc\u00e7\u00fcn n\u0259zar\u0259t\u00e7i olan 1xBet-\u0259 m\u0259xsus v\u0259 idar\u0259 olunan vebsaytd\u0131r. M\u0259xfilik siyas\u0259timiz 1xBet veb sayt\u0131ndan toplanm\u0131\u015f m\u0259lumatlar\u0131 nec\u0259 emal etdiyimizi \u0259trafl\u0131 izah etm\u0259k v\u0259 sizin haqq\u0131n\u0131zda m\u00fc\u0259yy\u0259n \u015f\u0259xsi m\u0259lumatlar\u0131 toplamal\u0131 oldu\u011fumuz s\u0259b\u0259bl\u0259ri izah etm\u0259k \u00fc\u00e7\u00fcn n\u0259z\u0259rd\u0259 tutulmu\u015fdur. Buna g\u00f6r\u0259 d\u0259, 1xBet vebsayt\u0131ndan istifad\u0259 etm\u0259zd\u0259n \u0259vv\u0259l bu m\u0259xfilik siyas\u0259tini oxuma\u011f\u0131n\u0131z\u0131 t\u00f6vsiy\u0259 edirik. [&hellip;]<\/p>\n","protected":false},"author":1,"featured_media":0,"parent":0,"menu_order":0,"comment_status":"closed","ping_status":"closed","template":"onas.php","meta":{"_acf_changed":false,"footnotes":""},"class_list":["post-3172","page","type-page","status-publish","hentry"],"acf":[],"yoast_head":"<!-- This site is optimized with the Yoast SEO plugin v27.0 - https:\/\/yoast.com\/product\/yoast-seo-wordpress\/ -->\n<title>1xBet M\u0259xfilik Siyas\u0259ti: M\u0259lumat T\u0259hl\u00fck\u0259sizliyi \u00fczr\u0259 B\u0259l\u0259d\u00e7iniz<\/title>\n<meta name=\"description\" content=\"1xBet-in m\u0259lumatlar\u0131n\u0131z\u0131 h\u0259r add\u0131mda nec\u0259 t\u0259hl\u00fck\u0259siz v\u0259 m\u0259xfi saxlad\u0131\u011f\u0131n\u0131 anlamaq \u00fc\u00e7\u00fcn m\u0259xfilik siyas\u0259timizi n\u0259z\u0259rd\u0259n ke\u00e7irin.\" \/>\n<meta name=\"robots\" content=\"index, follow, max-snippet:-1, max-image-preview:large, max-video-preview:-1\" \/>\n<link rel=\"canonical\" href=\"https:\/\/casino-site-amp100.top\/az\/privacy-policy-az\/\" \/>\n<meta property=\"og:locale\" content=\"ru_RU\" \/>\n<meta property=\"og:type\" content=\"article\" \/>\n<meta property=\"og:title\" content=\"1xBet M\u0259xfilik Siyas\u0259ti: M\u0259lumat T\u0259hl\u00fck\u0259sizliyi \u00fczr\u0259 B\u0259l\u0259d\u00e7iniz\" \/>\n<meta property=\"og:description\" content=\"1xBet-in m\u0259lumatlar\u0131n\u0131z\u0131 h\u0259r add\u0131mda nec\u0259 t\u0259hl\u00fck\u0259siz v\u0259 m\u0259xfi saxlad\u0131\u011f\u0131n\u0131 anlamaq \u00fc\u00e7\u00fcn m\u0259xfilik siyas\u0259timizi n\u0259z\u0259rd\u0259n ke\u00e7irin.\" \/>\n<meta property=\"og:url\" content=\"https:\/\/casino-site-amp100.top\/az\/privacy-policy-az\/\" \/>\n<meta property=\"og:site_name\" content=\"casino-site-amp100.top\" \/>\n<script type=\"application\/ld+json\" class=\"yoast-schema-graph\">{\"@context\":\"https:\/\/schema.org\",\"@graph\":[{\"@type\":\"WebPage\",\"@id\":\"https:\/\/casino-site-amp100.top\/az\/privacy-policy-az\/\",\"url\":\"https:\/\/casino-site-amp100.top\/az\/privacy-policy-az\/\",\"name\":\"1xBet M\u0259xfilik Siyas\u0259ti: M\u0259lumat T\u0259hl\u00fck\u0259sizliyi \u00fczr\u0259 B\u0259l\u0259d\u00e7iniz\",\"isPartOf\":{\"@id\":\"https:\/\/casino-site-amp100.top\/#website\"},\"datePublished\":\"2026-02-17T08:49:51+00:00\",\"description\":\"1xBet-in m\u0259lumatlar\u0131n\u0131z\u0131 h\u0259r add\u0131mda nec\u0259 t\u0259hl\u00fck\u0259siz v\u0259 m\u0259xfi saxlad\u0131\u011f\u0131n\u0131 anlamaq \u00fc\u00e7\u00fcn m\u0259xfilik siyas\u0259timizi n\u0259z\u0259rd\u0259n ke\u00e7irin.\",\"breadcrumb\":{\"@id\":\"https:\/\/casino-site-amp100.top\/az\/privacy-policy-az\/#breadcrumb\"},\"inLanguage\":\"ru-RU\",\"potentialAction\":[{\"@type\":\"ReadAction\",\"target\":[\"https:\/\/casino-site-amp100.top\/az\/privacy-policy-az\/\"]}]},{\"@type\":\"BreadcrumbList\",\"@id\":\"https:\/\/casino-site-amp100.top\/az\/privacy-policy-az\/#breadcrumb\",\"itemListElement\":[{\"@type\":\"ListItem\",\"position\":1,\"name\":\"Home\",\"item\":\"https:\/\/casino-site-amp100.top\/\"},{\"@type\":\"ListItem\",\"position\":2,\"name\":\"Privacy Policy-az\"}]},{\"@type\":\"WebSite\",\"@id\":\"https:\/\/casino-site-amp100.top\/#website\",\"url\":\"https:\/\/casino-site-amp100.top\/\",\"name\":\"casino-site-amp100.top\",\"description\":\"\",\"potentialAction\":[{\"@type\":\"SearchAction\",\"target\":{\"@type\":\"EntryPoint\",\"urlTemplate\":\"https:\/\/casino-site-amp100.top\/?s={search_term_string}\"},\"query-input\":{\"@type\":\"PropertyValueSpecification\",\"valueRequired\":true,\"valueName\":\"search_term_string\"}}],\"inLanguage\":\"ru-RU\"}]}<\/script>\n<!-- \/ Yoast SEO plugin. -->","yoast_head_json":{"title":"1xBet M\u0259xfilik Siyas\u0259ti: M\u0259lumat T\u0259hl\u00fck\u0259sizliyi \u00fczr\u0259 B\u0259l\u0259d\u00e7iniz","description":"1xBet-in m\u0259lumatlar\u0131n\u0131z\u0131 h\u0259r add\u0131mda nec\u0259 t\u0259hl\u00fck\u0259siz v\u0259 m\u0259xfi saxlad\u0131\u011f\u0131n\u0131 anlamaq \u00fc\u00e7\u00fcn m\u0259xfilik siyas\u0259timizi n\u0259z\u0259rd\u0259n ke\u00e7irin.","robots":{"index":"index","follow":"follow","max-snippet":"max-snippet:-1","max-image-preview":"max-image-preview:large","max-video-preview":"max-video-preview:-1"},"canonical":"https:\/\/casino-site-amp100.top\/az\/privacy-policy-az\/","og_locale":"ru_RU","og_type":"article","og_title":"1xBet M\u0259xfilik Siyas\u0259ti: M\u0259lumat T\u0259hl\u00fck\u0259sizliyi \u00fczr\u0259 B\u0259l\u0259d\u00e7iniz","og_description":"1xBet-in m\u0259lumatlar\u0131n\u0131z\u0131 h\u0259r add\u0131mda nec\u0259 t\u0259hl\u00fck\u0259siz v\u0259 m\u0259xfi saxlad\u0131\u011f\u0131n\u0131 anlamaq \u00fc\u00e7\u00fcn m\u0259xfilik siyas\u0259timizi n\u0259z\u0259rd\u0259n ke\u00e7irin.","og_url":"https:\/\/casino-site-amp100.top\/az\/privacy-policy-az\/","og_site_name":"casino-site-amp100.top","schema":{"@context":"https:\/\/schema.org","@graph":[{"@type":"WebPage","@id":"https:\/\/casino-site-amp100.top\/az\/privacy-policy-az\/","url":"https:\/\/casino-site-amp100.top\/az\/privacy-policy-az\/","name":"1xBet M\u0259xfilik Siyas\u0259ti: M\u0259lumat T\u0259hl\u00fck\u0259sizliyi \u00fczr\u0259 B\u0259l\u0259d\u00e7iniz","isPartOf":{"@id":"https:\/\/casino-site-amp100.top\/#website"},"datePublished":"2026-02-17T08:49:51+00:00","description":"1xBet-in m\u0259lumatlar\u0131n\u0131z\u0131 h\u0259r add\u0131mda nec\u0259 t\u0259hl\u00fck\u0259siz v\u0259 m\u0259xfi saxlad\u0131\u011f\u0131n\u0131 anlamaq \u00fc\u00e7\u00fcn m\u0259xfilik siyas\u0259timizi n\u0259z\u0259rd\u0259n ke\u00e7irin.","breadcrumb":{"@id":"https:\/\/casino-site-amp100.top\/az\/privacy-policy-az\/#breadcrumb"},"inLanguage":"ru-RU","potentialAction":[{"@type":"ReadAction","target":["https:\/\/casino-site-amp100.top\/az\/privacy-policy-az\/"]}]},{"@type":"BreadcrumbList","@id":"https:\/\/casino-site-amp100.top\/az\/privacy-policy-az\/#breadcrumb","itemListElement":[{"@type":"ListItem","position":1,"name":"Home","item":"https:\/\/casino-site-amp100.top\/"},{"@type":"ListItem","position":2,"name":"Privacy Policy-az"}]},{"@type":"WebSite","@id":"https:\/\/casino-site-amp100.top\/#website","url":"https:\/\/casino-site-amp100.top\/","name":"casino-site-amp100.top","description":"","potentialAction":[{"@type":"SearchAction","target":{"@type":"EntryPoint","urlTemplate":"https:\/\/casino-site-amp100.top\/?s={search_term_string}"},"query-input":{"@type":"PropertyValueSpecification","valueRequired":true,"valueName":"search_term_string"}}],"inLanguage":"ru-RU"}]}},"amp_enabled":true,"_links":{"self":[{"href":"https:\/\/casino-site-amp100.top\/wp-json\/wp\/v2\/pages\/3172","targetHints":{"allow":["GET"]}}],"collection":[{"href":"https:\/\/casino-site-amp100.top\/wp-json\/wp\/v2\/pages"}],"about":[{"href":"https:\/\/casino-site-amp100.top\/wp-json\/wp\/v2\/types\/page"}],"author":[{"embeddable":true,"href":"https:\/\/casino-site-amp100.top\/wp-json\/wp\/v2\/users\/1"}],"replies":[{"embeddable":true,"href":"https:\/\/casino-site-amp100.top\/wp-json\/wp\/v2\/comments?post=3172"}],"version-history":[{"count":1,"href":"https:\/\/casino-site-amp100.top\/wp-json\/wp\/v2\/pages\/3172\/revisions"}],"predecessor-version":[{"id":3173,"href":"https:\/\/casino-site-amp100.top\/wp-json\/wp\/v2\/pages\/3172\/revisions\/3173"}],"wp:attachment":[{"href":"https:\/\/casino-site-amp100.top\/wp-json\/wp\/v2\/media?parent=3172"}],"curies":[{"name":"wp","href":"https:\/\/api.w.org\/{rel}","templated":true}]}}