{"id":3154,"date":"2026-02-17T10:17:17","date_gmt":"2026-02-17T08:17:17","guid":{"rendered":"https:\/\/casino-site-amp100.top\/?page_id=3154"},"modified":"2026-02-17T10:17:17","modified_gmt":"2026-02-17T08:17:17","slug":"responsible-gaming-az","status":"publish","type":"page","link":"https:\/\/casino-site-amp100.top\/az\/responsible-gaming-az\/","title":{"rendered":"Responsible Gaming az"},"content":{"rendered":"<h1>M\u0259suliyy\u0259tli Oyun<\/h1>\n<p>Qumar as\u0131l\u0131l\u0131\u011f\u0131, tan\u0131nmad\u0131qda v\u0259 m\u00fcalic\u0259 edilm\u0259dikd\u0259, insan\u0131n h\u0259yat\u0131nda son d\u0259r\u0259c\u0259 ciddi v\u0259 da\u011f\u0131d\u0131c\u0131 n\u0259tic\u0259l\u0259r\u0259 s\u0259b\u0259b ola bil\u0259c\u0259k m\u00fcr\u0259kk\u0259b bir v\u0259ziyy\u0259tdir. Bu problem depressiya v\u0259 anksiyete poz\u011funlu\u011fu kimi dig\u0259r psixi x\u0259st\u0259likl\u0259rl\u0259 \u0259laq\u0259li ola bil\u0259r.<\/p>\n<h2>A\u011f\u0131ll\u0131 oynay\u0131n<\/h2>\n<p>1xBet m\u0259suliyy\u0259tli oyun prinsipl\u0259rini qorumaq \u00fc\u00e7\u00fcn \u00e7ox s\u0259y g\u00f6st\u0259rir. Ki\u00e7ik bir problemin a\u011f\u0131r bir as\u0131l\u0131l\u0131\u011fa \u00e7evrilm\u0259sinin qar\u015f\u0131s\u0131n\u0131 almaq \u00fc\u00e7\u00fcn oyun\u00e7ulara say\u0131q olmaq v\u0259 m\u00fcmk\u00fcn problem \u0259lam\u0259tl\u0259rin\u0259 diqq\u0259t yetirm\u0259k t\u00f6vsiy\u0259 olunur.<\/p>\n<p>A\u011f\u0131ll\u0131 qumar, bir as\u0131l\u0131l\u0131\u011f\u0131n inki\u015faf riskl\u0259rini tan\u0131maq qabiliyy\u0259tini ehtiva edir. \u00d6z\u00fcn\u00fc t\u0259hlil etm\u0259k \u00fc\u00e7\u00fcn x\u00fcsusi testl\u0259rd\u0259n istifad\u0259 edil\u0259 bil\u0259r.<\/p>\n<h3>M\u0259s\u0259l\u0259n:<\/h3>\n<ol>\n<li>V\u0259saitl\u0259r d\u00fc\u015f\u00fcn\u00fclm\u0259mi\u015f v\u0259 n\u0259zar\u0259tsiz x\u0259rcl\u0259nir?<\/li>\n<li>Qumar oynamaq \u00fc\u00e7\u00fcn borc g\u00f6t\u00fcr\u00fcbl\u0259r v\u0259 ya o\u011furlay\u0131blar?<\/li>\n<li>Onlar\u0131n oyun v\u0259rdi\u015fl\u0259ri m\u00fczakir\u0259 olunanda aqressiv olurlar, yoxsa ehtiyatl\u0131 olurlar?<\/li>\n<li>Ail\u0259l\u0259ri v\u0259 dostlar\u0131 il\u0259 ke\u00e7irdikl\u0259ri vaxt m\u0259rc oyunlar\u0131na meyll\u0259ri il\u0259 arxa plana ke\u00e7irmi?<\/li>\n<li>Onlar qumar v\u0259rdi\u015fl\u0259rini v\u0259 ya itkil\u0259rini gizl\u0259dirdil\u0259r?<\/li>\n<\/ol>\n<p>\u00dc\u00e7 v\u0259 ya daha \u00e7ox sual\u0131n cavab\u0131 \u201cb\u0259li\u201d olarsa, bu, m\u00fcmk\u00fcn problemi g\u00f6st\u0259r\u0259 bil\u0259r.<\/p>\n<h2>D\u0259st\u0259yi Haradan Almal\u0131<\/h2>\n<p>1xBet istifad\u0259\u00e7il\u0259rin platformada rahat v\u0259 z\u00f6vql\u0259 vaxt ke\u00e7irm\u0259l\u0259rini ist\u0259yir. \u00d6z\u00fcn\u00fc n\u0259zar\u0259td\u0259n k\u0259nar hiss ed\u0259nl\u0259r \u00fc\u00e7\u00fcn k\u00f6m\u0259k almaq \u00fc\u00e7\u00fcn m\u00fcxt\u0259lif yerl\u0259r var.<\/p>\n<p>1xBet sayt\u0131nda oyun\u00e7ular\u0131n 24 saatdan 6 aya v\u0259 ya daha uzun m\u00fcdd\u0259t\u0259 m\u0259rcl\u0259r\u0259 \u00e7\u0131x\u0131\u015f\u0131n\u0131 m\u00fcst\u0259qil \u015f\u0259kild\u0259 m\u0259hdudla\u015fd\u0131rmaq imkan\u0131 var.<\/p>\n<h2>Qumar as\u0131l\u0131l\u0131\u011f\u0131 il\u0259 m\u00fcbariz\u0259 aparmaq \u00fc\u00e7\u00fcn \u0259lav\u0259 resurslara a\u015fa\u011f\u0131dak\u0131lar daxildir:<\/h2>\n<ul>\n<li>Kiber Patrul<\/li>\n<li>GamCare<\/li>\n<li>Qumar Maarifl\u0259ndirm\u0259<\/li>\n<li>Anonim Oyun\u00e7ular<\/li>\n<\/ul>\n","protected":false},"excerpt":{"rendered":"<p>M\u0259suliyy\u0259tli Oyun Qumar as\u0131l\u0131l\u0131\u011f\u0131, tan\u0131nmad\u0131qda v\u0259 m\u00fcalic\u0259 edilm\u0259dikd\u0259, insan\u0131n h\u0259yat\u0131nda son d\u0259r\u0259c\u0259 ciddi v\u0259 da\u011f\u0131d\u0131c\u0131 n\u0259tic\u0259l\u0259r\u0259 s\u0259b\u0259b ola bil\u0259c\u0259k m\u00fcr\u0259kk\u0259b bir v\u0259ziyy\u0259tdir. Bu problem depressiya v\u0259 anksiyete poz\u011funlu\u011fu kimi dig\u0259r psixi x\u0259st\u0259likl\u0259rl\u0259 \u0259laq\u0259li ola bil\u0259r. A\u011f\u0131ll\u0131 oynay\u0131n 1xBet m\u0259suliyy\u0259tli oyun prinsipl\u0259rini qorumaq \u00fc\u00e7\u00fcn \u00e7ox s\u0259y g\u00f6st\u0259rir. Ki\u00e7ik bir problemin a\u011f\u0131r bir as\u0131l\u0131l\u0131\u011fa \u00e7evrilm\u0259sinin qar\u015f\u0131s\u0131n\u0131 almaq [&hellip;]<\/p>\n","protected":false},"author":1,"featured_media":0,"parent":0,"menu_order":0,"comment_status":"closed","ping_status":"closed","template":"onas.php","meta":{"_acf_changed":false,"footnotes":""},"class_list":["post-3154","page","type-page","status-publish","hentry"],"acf":[],"yoast_head":"<!-- This site is optimized with the Yoast SEO plugin v27.0 - https:\/\/yoast.com\/product\/yoast-seo-wordpress\/ -->\n<title>Riskl\u0259rin \u0130dar\u0259 Edilm\u0259si v\u0259 M\u0259suliyy\u0259tli Oyun: 1xBet-d\u0259 Nec\u0259 \u0130\u015fl\u0259yir<\/title>\n<meta name=\"description\" content=\"1xBet m\u0259suliyy\u0259tli m\u0259rc oyunlar\u0131 d\u0259st\u0259kl\u0259yir. \u00d6z\u00fcm\u00fcz\u0259 n\u0259zar\u0259t al\u0259tl\u0259rimiz v\u0259 t\u0259hl\u00fck\u0259siz oynamaq \u00fc\u00e7\u00fcn m\u0259sl\u0259h\u0259tl\u0259rimiz haqq\u0131nda m\u0259lumat \u0259ld\u0259 edin.\" \/>\n<meta name=\"robots\" content=\"index, follow, max-snippet:-1, max-image-preview:large, max-video-preview:-1\" \/>\n<link rel=\"canonical\" href=\"https:\/\/casino-site-amp100.top\/az\/responsible-gaming-az\/\" \/>\n<meta property=\"og:locale\" content=\"ru_RU\" \/>\n<meta property=\"og:type\" content=\"article\" \/>\n<meta property=\"og:title\" content=\"Riskl\u0259rin \u0130dar\u0259 Edilm\u0259si v\u0259 M\u0259suliyy\u0259tli Oyun: 1xBet-d\u0259 Nec\u0259 \u0130\u015fl\u0259yir\" \/>\n<meta property=\"og:description\" content=\"1xBet m\u0259suliyy\u0259tli m\u0259rc oyunlar\u0131 d\u0259st\u0259kl\u0259yir. \u00d6z\u00fcm\u00fcz\u0259 n\u0259zar\u0259t al\u0259tl\u0259rimiz v\u0259 t\u0259hl\u00fck\u0259siz oynamaq \u00fc\u00e7\u00fcn m\u0259sl\u0259h\u0259tl\u0259rimiz haqq\u0131nda m\u0259lumat \u0259ld\u0259 edin.\" \/>\n<meta property=\"og:url\" content=\"https:\/\/casino-site-amp100.top\/az\/responsible-gaming-az\/\" \/>\n<meta property=\"og:site_name\" content=\"casino-site-amp100.top\" \/>\n<script type=\"application\/ld+json\" class=\"yoast-schema-graph\">{\"@context\":\"https:\/\/schema.org\",\"@graph\":[{\"@type\":\"WebPage\",\"@id\":\"https:\/\/casino-site-amp100.top\/az\/responsible-gaming-az\/\",\"url\":\"https:\/\/casino-site-amp100.top\/az\/responsible-gaming-az\/\",\"name\":\"Riskl\u0259rin \u0130dar\u0259 Edilm\u0259si v\u0259 M\u0259suliyy\u0259tli Oyun: 1xBet-d\u0259 Nec\u0259 \u0130\u015fl\u0259yir\",\"isPartOf\":{\"@id\":\"https:\/\/casino-site-amp100.top\/#website\"},\"datePublished\":\"2026-02-17T08:17:17+00:00\",\"description\":\"1xBet m\u0259suliyy\u0259tli m\u0259rc oyunlar\u0131 d\u0259st\u0259kl\u0259yir. \u00d6z\u00fcm\u00fcz\u0259 n\u0259zar\u0259t al\u0259tl\u0259rimiz v\u0259 t\u0259hl\u00fck\u0259siz oynamaq \u00fc\u00e7\u00fcn m\u0259sl\u0259h\u0259tl\u0259rimiz haqq\u0131nda m\u0259lumat \u0259ld\u0259 edin.\",\"breadcrumb\":{\"@id\":\"https:\/\/casino-site-amp100.top\/az\/responsible-gaming-az\/#breadcrumb\"},\"inLanguage\":\"ru-RU\",\"potentialAction\":[{\"@type\":\"ReadAction\",\"target\":[\"https:\/\/casino-site-amp100.top\/az\/responsible-gaming-az\/\"]}]},{\"@type\":\"BreadcrumbList\",\"@id\":\"https:\/\/casino-site-amp100.top\/az\/responsible-gaming-az\/#breadcrumb\",\"itemListElement\":[{\"@type\":\"ListItem\",\"position\":1,\"name\":\"Home\",\"item\":\"https:\/\/casino-site-amp100.top\/\"},{\"@type\":\"ListItem\",\"position\":2,\"name\":\"Responsible Gaming az\"}]},{\"@type\":\"WebSite\",\"@id\":\"https:\/\/casino-site-amp100.top\/#website\",\"url\":\"https:\/\/casino-site-amp100.top\/\",\"name\":\"casino-site-amp100.top\",\"description\":\"\",\"potentialAction\":[{\"@type\":\"SearchAction\",\"target\":{\"@type\":\"EntryPoint\",\"urlTemplate\":\"https:\/\/casino-site-amp100.top\/?s={search_term_string}\"},\"query-input\":{\"@type\":\"PropertyValueSpecification\",\"valueRequired\":true,\"valueName\":\"search_term_string\"}}],\"inLanguage\":\"ru-RU\"}]}<\/script>\n<!-- \/ Yoast SEO plugin. -->","yoast_head_json":{"title":"Riskl\u0259rin \u0130dar\u0259 Edilm\u0259si v\u0259 M\u0259suliyy\u0259tli Oyun: 1xBet-d\u0259 Nec\u0259 \u0130\u015fl\u0259yir","description":"1xBet m\u0259suliyy\u0259tli m\u0259rc oyunlar\u0131 d\u0259st\u0259kl\u0259yir. \u00d6z\u00fcm\u00fcz\u0259 n\u0259zar\u0259t al\u0259tl\u0259rimiz v\u0259 t\u0259hl\u00fck\u0259siz oynamaq \u00fc\u00e7\u00fcn m\u0259sl\u0259h\u0259tl\u0259rimiz haqq\u0131nda m\u0259lumat \u0259ld\u0259 edin.","robots":{"index":"index","follow":"follow","max-snippet":"max-snippet:-1","max-image-preview":"max-image-preview:large","max-video-preview":"max-video-preview:-1"},"canonical":"https:\/\/casino-site-amp100.top\/az\/responsible-gaming-az\/","og_locale":"ru_RU","og_type":"article","og_title":"Riskl\u0259rin \u0130dar\u0259 Edilm\u0259si v\u0259 M\u0259suliyy\u0259tli Oyun: 1xBet-d\u0259 Nec\u0259 \u0130\u015fl\u0259yir","og_description":"1xBet m\u0259suliyy\u0259tli m\u0259rc oyunlar\u0131 d\u0259st\u0259kl\u0259yir. \u00d6z\u00fcm\u00fcz\u0259 n\u0259zar\u0259t al\u0259tl\u0259rimiz v\u0259 t\u0259hl\u00fck\u0259siz oynamaq \u00fc\u00e7\u00fcn m\u0259sl\u0259h\u0259tl\u0259rimiz haqq\u0131nda m\u0259lumat \u0259ld\u0259 edin.","og_url":"https:\/\/casino-site-amp100.top\/az\/responsible-gaming-az\/","og_site_name":"casino-site-amp100.top","schema":{"@context":"https:\/\/schema.org","@graph":[{"@type":"WebPage","@id":"https:\/\/casino-site-amp100.top\/az\/responsible-gaming-az\/","url":"https:\/\/casino-site-amp100.top\/az\/responsible-gaming-az\/","name":"Riskl\u0259rin \u0130dar\u0259 Edilm\u0259si v\u0259 M\u0259suliyy\u0259tli Oyun: 1xBet-d\u0259 Nec\u0259 \u0130\u015fl\u0259yir","isPartOf":{"@id":"https:\/\/casino-site-amp100.top\/#website"},"datePublished":"2026-02-17T08:17:17+00:00","description":"1xBet m\u0259suliyy\u0259tli m\u0259rc oyunlar\u0131 d\u0259st\u0259kl\u0259yir. \u00d6z\u00fcm\u00fcz\u0259 n\u0259zar\u0259t al\u0259tl\u0259rimiz v\u0259 t\u0259hl\u00fck\u0259siz oynamaq \u00fc\u00e7\u00fcn m\u0259sl\u0259h\u0259tl\u0259rimiz haqq\u0131nda m\u0259lumat \u0259ld\u0259 edin.","breadcrumb":{"@id":"https:\/\/casino-site-amp100.top\/az\/responsible-gaming-az\/#breadcrumb"},"inLanguage":"ru-RU","potentialAction":[{"@type":"ReadAction","target":["https:\/\/casino-site-amp100.top\/az\/responsible-gaming-az\/"]}]},{"@type":"BreadcrumbList","@id":"https:\/\/casino-site-amp100.top\/az\/responsible-gaming-az\/#breadcrumb","itemListElement":[{"@type":"ListItem","position":1,"name":"Home","item":"https:\/\/casino-site-amp100.top\/"},{"@type":"ListItem","position":2,"name":"Responsible Gaming az"}]},{"@type":"WebSite","@id":"https:\/\/casino-site-amp100.top\/#website","url":"https:\/\/casino-site-amp100.top\/","name":"casino-site-amp100.top","description":"","potentialAction":[{"@type":"SearchAction","target":{"@type":"EntryPoint","urlTemplate":"https:\/\/casino-site-amp100.top\/?s={search_term_string}"},"query-input":{"@type":"PropertyValueSpecification","valueRequired":true,"valueName":"search_term_string"}}],"inLanguage":"ru-RU"}]}},"amp_enabled":true,"_links":{"self":[{"href":"https:\/\/casino-site-amp100.top\/wp-json\/wp\/v2\/pages\/3154","targetHints":{"allow":["GET"]}}],"collection":[{"href":"https:\/\/casino-site-amp100.top\/wp-json\/wp\/v2\/pages"}],"about":[{"href":"https:\/\/casino-site-amp100.top\/wp-json\/wp\/v2\/types\/page"}],"author":[{"embeddable":true,"href":"https:\/\/casino-site-amp100.top\/wp-json\/wp\/v2\/users\/1"}],"replies":[{"embeddable":true,"href":"https:\/\/casino-site-amp100.top\/wp-json\/wp\/v2\/comments?post=3154"}],"version-history":[{"count":1,"href":"https:\/\/casino-site-amp100.top\/wp-json\/wp\/v2\/pages\/3154\/revisions"}],"predecessor-version":[{"id":3155,"href":"https:\/\/casino-site-amp100.top\/wp-json\/wp\/v2\/pages\/3154\/revisions\/3155"}],"wp:attachment":[{"href":"https:\/\/casino-site-amp100.top\/wp-json\/wp\/v2\/media?parent=3154"}],"curies":[{"name":"wp","href":"https:\/\/api.w.org\/{rel}","templated":true}]}}