{"id":3145,"date":"2026-02-17T10:07:18","date_gmt":"2026-02-17T08:07:18","guid":{"rendered":"https:\/\/casino-site-amp100.top\/?page_id=3145"},"modified":"2026-02-17T10:07:18","modified_gmt":"2026-02-17T08:07:18","slug":"about-us-tr","status":"publish","type":"page","link":"https:\/\/casino-site-amp100.top\/tr\/about-us-tr\/","title":{"rendered":"About Us tr"},"content":{"rendered":"<h1>Hakk\u0131m\u0131zda<\/h1>\n<h2>Kurulu\u015f ve Yetki:<\/h2>\n<p>1xBet 2007 y\u0131l\u0131nda kuruldu, ba\u015flang\u0131\u00e7ta BDT \u00fclkelerine odakland\u0131, ancak zamanla k\u00fcresel pazara girdi. \u015eirket resmi olarak K\u0131br\u0131s&#8217;ta kay\u0131tl\u0131d\u0131r ve faaliyetleri Curacao lisans\u0131 ile d\u00fczenlenmektedir.<\/p>\n<h2>Geni\u015f Bahis Se\u00e7enekleri:<\/h2>\n<p>1xBet, \u00e7e\u015fitli spor etkinlikleri ve hatta siyasi veya e\u011flence etkinlikleri i\u00e7in \u00e7ok \u00e7e\u015fitli bahisler sunar.<\/p>\n<h2>Sanal Kumarhane:<\/h2>\n<p>1xBet, bahise ek olarak, \u00e7evrimi\u00e7i kumarhanesinin bir par\u00e7as\u0131 olarak kumar da sunar: slotlar, masa oyunlar\u0131 vb.<\/p>\n<h2>Mobil versiyon:<\/h2>\n<p>\u015eirket, m\u00fc\u015fterilerin 1xBet hizmetlerini mobil cihazlardan rahat\u00e7a kullanmalar\u0131na olanak tan\u0131yan iOS ve Android i\u00e7in uygulamalar geli\u015ftirdi.<\/p>\n<h2>Bonus Programlar\u0131:<\/h2>\n<p>1xBet, \u00e7e\u015fitli bonuslar, promosyonlar ve \u00f6zel tekliflerle yeni ve d\u00fczenli m\u00fc\u015fterileri te\u015fvik eder.<\/p>\n<h2>Veri korumas\u0131:<\/h2>\n<p>1xBet, kullan\u0131c\u0131 verilerini korumak i\u00e7in modern y\u00f6ntemler kullan\u0131r ve doland\u0131r\u0131c\u0131l\u0131kla etkin bir \u015fekilde m\u00fccadele eder.<\/p>\n<h2>Tart\u0131\u015fmal\u0131 konular:<\/h2>\n<p>\u015eirketin tarihinde, pazarlama ve y\u00f6netim kararlar\u0131na y\u00f6nelik ele\u015ftirilerin yan\u0131 s\u0131ra belirli \u00fclkelerde lisans sorunlar\u0131yla kar\u015f\u0131 kar\u015f\u0131ya kald\u0131\u011f\u0131 zamanlar da oldu.<\/p>\n<h2>Reklam ve Ortakl\u0131k:<\/h2>\n<p>1xBet, pazarlama stratejisinin \u00f6nemli bir par\u00e7as\u0131 olan sponsorluk yoluyla \u00e7e\u015fitli spor tak\u0131mlar\u0131n\u0131 ve etkinlikleri aktif olarak desteklemektedir.<\/p>\n<h2>Destek servisi:<\/h2>\n<p>\u015eirket, sohbet, e-posta ve telefon gibi farkl\u0131 ileti\u015fim kanallar\u0131 arac\u0131l\u0131\u011f\u0131yla birden fazla dilde 7\/24 m\u00fc\u015fteri deste\u011fi sunmaktad\u0131r.<\/p>\n<h2>\u00d6deme se\u00e7enekleri:<\/h2>\n<p>1xBet, banka transferleri, e-c\u00fczdanlar ve kripto para birimleri dahil olmak \u00fczere \u00e7e\u015fitli para yat\u0131rma ve \u00e7ekme se\u00e7enekleri sunar.<\/p>\n","protected":false},"excerpt":{"rendered":"<p>Hakk\u0131m\u0131zda Kurulu\u015f ve Yetki: 1xBet 2007 y\u0131l\u0131nda kuruldu, ba\u015flang\u0131\u00e7ta BDT \u00fclkelerine odakland\u0131, ancak zamanla k\u00fcresel pazara girdi. \u015eirket resmi olarak K\u0131br\u0131s&#8217;ta kay\u0131tl\u0131d\u0131r ve faaliyetleri Curacao lisans\u0131 ile d\u00fczenlenmektedir. Geni\u015f Bahis Se\u00e7enekleri: 1xBet, \u00e7e\u015fitli spor etkinlikleri ve hatta siyasi veya e\u011flence etkinlikleri i\u00e7in \u00e7ok \u00e7e\u015fitli bahisler sunar. Sanal Kumarhane: 1xBet, bahise ek olarak, \u00e7evrimi\u00e7i kumarhanesinin bir [&hellip;]<\/p>\n","protected":false},"author":1,"featured_media":0,"parent":0,"menu_order":0,"comment_status":"closed","ping_status":"closed","template":"onas.php","meta":{"_acf_changed":false,"footnotes":""},"class_list":["post-3145","page","type-page","status-publish","hentry"],"acf":[],"yoast_head":"<!-- This site is optimized with the Yoast SEO plugin v27.0 - https:\/\/yoast.com\/product\/yoast-seo-wordpress\/ -->\n<title>1xBet hakk\u0131nda A&#039;dan Z&#039;ye: Komple \u015eirket \u0130ncelemeniz<\/title>\n<meta name=\"description\" content=\"1xBet ile tan\u0131\u015f\u0131n: spor bahisleri, \u00e7evrimi\u00e7i kumarhaneler ve daha fazlas\u0131 i\u00e7in kayna\u011f\u0131n\u0131z. \u015eirketin \u00fcr\u00fcn yelpazesine, bonuslar\u0131na ve k\u00fcresel etkisine ayr\u0131nt\u0131l\u0131 bir genel bak\u0131\u015f.\" \/>\n<meta name=\"robots\" content=\"index, follow, max-snippet:-1, max-image-preview:large, max-video-preview:-1\" \/>\n<link rel=\"canonical\" href=\"https:\/\/casino-site-amp100.top\/tr\/about-us-tr\/\" \/>\n<meta property=\"og:locale\" content=\"ru_RU\" \/>\n<meta property=\"og:type\" content=\"article\" \/>\n<meta property=\"og:title\" content=\"1xBet hakk\u0131nda A&#039;dan Z&#039;ye: Komple \u015eirket \u0130ncelemeniz\" \/>\n<meta property=\"og:description\" content=\"1xBet ile tan\u0131\u015f\u0131n: spor bahisleri, \u00e7evrimi\u00e7i kumarhaneler ve daha fazlas\u0131 i\u00e7in kayna\u011f\u0131n\u0131z. \u015eirketin \u00fcr\u00fcn yelpazesine, bonuslar\u0131na ve k\u00fcresel etkisine ayr\u0131nt\u0131l\u0131 bir genel bak\u0131\u015f.\" \/>\n<meta property=\"og:url\" content=\"https:\/\/casino-site-amp100.top\/tr\/about-us-tr\/\" \/>\n<meta property=\"og:site_name\" content=\"casino-site-amp100.top\" \/>\n<script type=\"application\/ld+json\" class=\"yoast-schema-graph\">{\"@context\":\"https:\/\/schema.org\",\"@graph\":[{\"@type\":\"WebPage\",\"@id\":\"https:\/\/casino-site-amp100.top\/tr\/about-us-tr\/\",\"url\":\"https:\/\/casino-site-amp100.top\/tr\/about-us-tr\/\",\"name\":\"1xBet hakk\u0131nda A'dan Z'ye: Komple \u015eirket \u0130ncelemeniz\",\"isPartOf\":{\"@id\":\"https:\/\/casino-site-amp100.top\/#website\"},\"datePublished\":\"2026-02-17T08:07:18+00:00\",\"description\":\"1xBet ile tan\u0131\u015f\u0131n: spor bahisleri, \u00e7evrimi\u00e7i kumarhaneler ve daha fazlas\u0131 i\u00e7in kayna\u011f\u0131n\u0131z. \u015eirketin \u00fcr\u00fcn yelpazesine, bonuslar\u0131na ve k\u00fcresel etkisine ayr\u0131nt\u0131l\u0131 bir genel bak\u0131\u015f.\",\"breadcrumb\":{\"@id\":\"https:\/\/casino-site-amp100.top\/tr\/about-us-tr\/#breadcrumb\"},\"inLanguage\":\"ru-RU\",\"potentialAction\":[{\"@type\":\"ReadAction\",\"target\":[\"https:\/\/casino-site-amp100.top\/tr\/about-us-tr\/\"]}]},{\"@type\":\"BreadcrumbList\",\"@id\":\"https:\/\/casino-site-amp100.top\/tr\/about-us-tr\/#breadcrumb\",\"itemListElement\":[{\"@type\":\"ListItem\",\"position\":1,\"name\":\"Home\",\"item\":\"https:\/\/casino-site-amp100.top\/\"},{\"@type\":\"ListItem\",\"position\":2,\"name\":\"About Us tr\"}]},{\"@type\":\"WebSite\",\"@id\":\"https:\/\/casino-site-amp100.top\/#website\",\"url\":\"https:\/\/casino-site-amp100.top\/\",\"name\":\"casino-site-amp100.top\",\"description\":\"\",\"potentialAction\":[{\"@type\":\"SearchAction\",\"target\":{\"@type\":\"EntryPoint\",\"urlTemplate\":\"https:\/\/casino-site-amp100.top\/?s={search_term_string}\"},\"query-input\":{\"@type\":\"PropertyValueSpecification\",\"valueRequired\":true,\"valueName\":\"search_term_string\"}}],\"inLanguage\":\"ru-RU\"}]}<\/script>\n<!-- \/ Yoast SEO plugin. -->","yoast_head_json":{"title":"1xBet hakk\u0131nda A'dan Z'ye: Komple \u015eirket \u0130ncelemeniz","description":"1xBet ile tan\u0131\u015f\u0131n: spor bahisleri, \u00e7evrimi\u00e7i kumarhaneler ve daha fazlas\u0131 i\u00e7in kayna\u011f\u0131n\u0131z. \u015eirketin \u00fcr\u00fcn yelpazesine, bonuslar\u0131na ve k\u00fcresel etkisine ayr\u0131nt\u0131l\u0131 bir genel bak\u0131\u015f.","robots":{"index":"index","follow":"follow","max-snippet":"max-snippet:-1","max-image-preview":"max-image-preview:large","max-video-preview":"max-video-preview:-1"},"canonical":"https:\/\/casino-site-amp100.top\/tr\/about-us-tr\/","og_locale":"ru_RU","og_type":"article","og_title":"1xBet hakk\u0131nda A'dan Z'ye: Komple \u015eirket \u0130ncelemeniz","og_description":"1xBet ile tan\u0131\u015f\u0131n: spor bahisleri, \u00e7evrimi\u00e7i kumarhaneler ve daha fazlas\u0131 i\u00e7in kayna\u011f\u0131n\u0131z. \u015eirketin \u00fcr\u00fcn yelpazesine, bonuslar\u0131na ve k\u00fcresel etkisine ayr\u0131nt\u0131l\u0131 bir genel bak\u0131\u015f.","og_url":"https:\/\/casino-site-amp100.top\/tr\/about-us-tr\/","og_site_name":"casino-site-amp100.top","schema":{"@context":"https:\/\/schema.org","@graph":[{"@type":"WebPage","@id":"https:\/\/casino-site-amp100.top\/tr\/about-us-tr\/","url":"https:\/\/casino-site-amp100.top\/tr\/about-us-tr\/","name":"1xBet hakk\u0131nda A'dan Z'ye: Komple \u015eirket \u0130ncelemeniz","isPartOf":{"@id":"https:\/\/casino-site-amp100.top\/#website"},"datePublished":"2026-02-17T08:07:18+00:00","description":"1xBet ile tan\u0131\u015f\u0131n: spor bahisleri, \u00e7evrimi\u00e7i kumarhaneler ve daha fazlas\u0131 i\u00e7in kayna\u011f\u0131n\u0131z. \u015eirketin \u00fcr\u00fcn yelpazesine, bonuslar\u0131na ve k\u00fcresel etkisine ayr\u0131nt\u0131l\u0131 bir genel bak\u0131\u015f.","breadcrumb":{"@id":"https:\/\/casino-site-amp100.top\/tr\/about-us-tr\/#breadcrumb"},"inLanguage":"ru-RU","potentialAction":[{"@type":"ReadAction","target":["https:\/\/casino-site-amp100.top\/tr\/about-us-tr\/"]}]},{"@type":"BreadcrumbList","@id":"https:\/\/casino-site-amp100.top\/tr\/about-us-tr\/#breadcrumb","itemListElement":[{"@type":"ListItem","position":1,"name":"Home","item":"https:\/\/casino-site-amp100.top\/"},{"@type":"ListItem","position":2,"name":"About Us tr"}]},{"@type":"WebSite","@id":"https:\/\/casino-site-amp100.top\/#website","url":"https:\/\/casino-site-amp100.top\/","name":"casino-site-amp100.top","description":"","potentialAction":[{"@type":"SearchAction","target":{"@type":"EntryPoint","urlTemplate":"https:\/\/casino-site-amp100.top\/?s={search_term_string}"},"query-input":{"@type":"PropertyValueSpecification","valueRequired":true,"valueName":"search_term_string"}}],"inLanguage":"ru-RU"}]}},"amp_enabled":true,"_links":{"self":[{"href":"https:\/\/casino-site-amp100.top\/wp-json\/wp\/v2\/pages\/3145","targetHints":{"allow":["GET"]}}],"collection":[{"href":"https:\/\/casino-site-amp100.top\/wp-json\/wp\/v2\/pages"}],"about":[{"href":"https:\/\/casino-site-amp100.top\/wp-json\/wp\/v2\/types\/page"}],"author":[{"embeddable":true,"href":"https:\/\/casino-site-amp100.top\/wp-json\/wp\/v2\/users\/1"}],"replies":[{"embeddable":true,"href":"https:\/\/casino-site-amp100.top\/wp-json\/wp\/v2\/comments?post=3145"}],"version-history":[{"count":1,"href":"https:\/\/casino-site-amp100.top\/wp-json\/wp\/v2\/pages\/3145\/revisions"}],"predecessor-version":[{"id":3146,"href":"https:\/\/casino-site-amp100.top\/wp-json\/wp\/v2\/pages\/3145\/revisions\/3146"}],"wp:attachment":[{"href":"https:\/\/casino-site-amp100.top\/wp-json\/wp\/v2\/media?parent=3145"}],"curies":[{"name":"wp","href":"https:\/\/api.w.org\/{rel}","templated":true}]}}