{"id":3137,"date":"2026-02-16T16:12:22","date_gmt":"2026-02-16T14:12:22","guid":{"rendered":"https:\/\/casino-site-amp100.top\/?page_id=3137"},"modified":"2026-02-16T16:12:22","modified_gmt":"2026-02-16T14:12:22","slug":"about-us-az","status":"publish","type":"page","link":"https:\/\/casino-site-amp100.top\/az\/about-us-az\/","title":{"rendered":"About Us-az"},"content":{"rendered":"<h1>Haqq\u0131m\u0131zda<\/h1>\n<h2>T\u0259sis v\u0259 yurisdiksiya:<\/h2>\n<p>1xBet 2007-ci ild\u0259 yarad\u0131l\u0131b, ilkin olaraq MDB \u00f6lk\u0259l\u0259rin\u0259 y\u00f6n\u0259lib, lakin zaman ke\u00e7dikc\u0259 qlobal bazara daxil olub. \u015eirk\u0259t Kiprd\u0259 r\u0259smi qeydiyyatdan ke\u00e7ib v\u0259 f\u0259aliyy\u0259ti Curacao lisenziyas\u0131 il\u0259 t\u0259nziml\u0259nir.<\/p>\n<h2>Geni\u015f m\u0259rc se\u00e7imi:<\/h2>\n<p>1xBet m\u00fcxt\u0259lif idman t\u0259dbirl\u0259rin\u0259 v\u0259 h\u0259tta siyasi v\u0259 ya \u0259yl\u0259nc\u0259 t\u0259dbirl\u0259rin\u0259 b\u00f6y\u00fck m\u0259rcl\u0259r t\u0259klif edir.<\/p>\n<h2>Virtual kazino:<\/h2>\n<p>M\u0259rcd\u0259n \u0259lav\u0259, 1xBet onlayn kazinonun bir hiss\u0259si kimi qumar oyunlar\u0131 t\u0259klif edir: slot, stol\u00fcst\u00fc oyunlar v\u0259 s.<\/p>\n<h2>Mobil versiya:<\/h2>\n<p>\u015eirk\u0259t m\u00fc\u015ft\u0259ril\u0259r\u0259 mobil cihazlardan 1xBet xidm\u0259tl\u0259rind\u0259n rahat istifad\u0259 etm\u0259y\u0259 imkan ver\u0259n iOS v\u0259 Android \u00fc\u00e7\u00fcn proqramlar haz\u0131rlay\u0131b.<\/p>\n<h2>Bonus proqramlar\u0131:<\/h2>\n<p>1xBet yeni v\u0259 daimi m\u00fc\u015ft\u0259ril\u0259ri m\u00fcxt\u0259lif bonuslar, promosyonlar v\u0259 x\u00fcsusi t\u0259klifl\u0259rl\u0259 h\u0259v\u0259sl\u0259ndirir.<\/p>\n<h2>\u0130nformasiyan\u0131n qorunmas\u0131:<\/h2>\n<p>1xBet istifad\u0259\u00e7i m\u0259lumatlar\u0131n\u0131 qorumaq \u00fc\u00e7\u00fcn m\u00fcasir metodlardan istifad\u0259 edir v\u0259 f\u0131r\u0131ldaq\u00e7\u0131l\u0131qla f\u0259al m\u00fcbariz\u0259 apar\u0131r.<\/p>\n<h2>M\u00fcbahis\u0259li m\u0259s\u0259l\u0259l\u0259r:<\/h2>\n<p>\u015eirk\u0259tin tarixind\u0259 m\u00fc\u0259yy\u0259n \u00f6lk\u0259l\u0259rd\u0259 lisenziya problemi il\u0259 \u00fczl\u0259\u015fdiyi, el\u0259c\u0259 d\u0259 marketinq v\u0259 idar\u0259etm\u0259 q\u0259rarlar\u0131n\u0131n t\u0259nqidi il\u0259 \u00fczl\u0259\u015fdiyi vaxtlar olub.<\/p>\n<h2>Reklam v\u0259 T\u0259r\u0259fda\u015fl\u0131q:<\/h2>\n<p>1xBet \u00f6z marketinq strategiyas\u0131n\u0131n m\u00fch\u00fcm hiss\u0259si olan sponsorluq vasit\u0259sil\u0259 m\u00fcxt\u0259lif idman komandalar\u0131n\u0131 v\u0259 t\u0259dbirl\u0259rini f\u0259al \u015f\u0259kild\u0259 d\u0259st\u0259kl\u0259yir.<\/p>\n<h2>Yard\u0131m masas\u0131:<\/h2>\n<p>\u015eirk\u0259t s\u00f6hb\u0259t, e-po\u00e7t v\u0259 telefon kimi m\u00fcxt\u0259lif kommunikasiya kanallar\u0131 vasit\u0259sil\u0259 bir \u00e7ox dild\u0259 24\/7 m\u00fc\u015ft\u0259ri d\u0259st\u0259yi t\u0259klif edir.<\/p>\n<h2>\u00d6d\u0259ni\u015f Se\u00e7iml\u0259ri:<\/h2>\n<p>1xBet bank k\u00f6\u00e7\u00fcrm\u0259l\u0259ri, elektron pul kis\u0259l\u0259ri v\u0259 kriptovalyutalar da daxil olmaqla, depozit v\u0259 pul v\u0259saitl\u0259rinin \u00e7\u0131xar\u0131lmas\u0131 \u00fc\u00e7\u00fcn m\u00fcxt\u0259lif se\u00e7iml\u0259r t\u0259klif edir.<\/p>\n","protected":false},"excerpt":{"rendered":"<p>Haqq\u0131m\u0131zda T\u0259sis v\u0259 yurisdiksiya: 1xBet 2007-ci ild\u0259 yarad\u0131l\u0131b, ilkin olaraq MDB \u00f6lk\u0259l\u0259rin\u0259 y\u00f6n\u0259lib, lakin zaman ke\u00e7dikc\u0259 qlobal bazara daxil olub. \u015eirk\u0259t Kiprd\u0259 r\u0259smi qeydiyyatdan ke\u00e7ib v\u0259 f\u0259aliyy\u0259ti Curacao lisenziyas\u0131 il\u0259 t\u0259nziml\u0259nir. Geni\u015f m\u0259rc se\u00e7imi: 1xBet m\u00fcxt\u0259lif idman t\u0259dbirl\u0259rin\u0259 v\u0259 h\u0259tta siyasi v\u0259 ya \u0259yl\u0259nc\u0259 t\u0259dbirl\u0259rin\u0259 b\u00f6y\u00fck m\u0259rcl\u0259r t\u0259klif edir. Virtual kazino: M\u0259rcd\u0259n \u0259lav\u0259, 1xBet onlayn [&hellip;]<\/p>\n","protected":false},"author":1,"featured_media":0,"parent":0,"menu_order":0,"comment_status":"closed","ping_status":"closed","template":"onas.php","meta":{"_acf_changed":false,"footnotes":""},"class_list":["post-3137","page","type-page","status-publish","hentry"],"acf":[],"yoast_head":"<!-- This site is optimized with the Yoast SEO plugin v27.0 - https:\/\/yoast.com\/product\/yoast-seo-wordpress\/ -->\n<title>1xBet haqq\u0131nda A-dan Z-y\u0259: Tam \u015eirk\u0259t Bax\u0131\u015f\u0131n\u0131z<\/title>\n<meta name=\"description\" content=\"1xBet il\u0259 tan\u0131\u015f olun: idman m\u0259rcl\u0259ri, onlayn kazinolar v\u0259 sair \u00fc\u00e7\u00fcn m\u0259nb\u0259yiniz. \u015eirk\u0259tin m\u0259hsul \u00e7e\u015fidi, bonuslar\u0131 v\u0259 qlobal t\u0259sirinin \u0259trafl\u0131 icmal\u0131.\" \/>\n<meta name=\"robots\" content=\"index, follow, max-snippet:-1, max-image-preview:large, max-video-preview:-1\" \/>\n<link rel=\"canonical\" href=\"https:\/\/casino-site-amp100.top\/az\/about-us-az\/\" \/>\n<meta property=\"og:locale\" content=\"ru_RU\" \/>\n<meta property=\"og:type\" content=\"article\" \/>\n<meta property=\"og:title\" content=\"1xBet haqq\u0131nda A-dan Z-y\u0259: Tam \u015eirk\u0259t Bax\u0131\u015f\u0131n\u0131z\" \/>\n<meta property=\"og:description\" content=\"1xBet il\u0259 tan\u0131\u015f olun: idman m\u0259rcl\u0259ri, onlayn kazinolar v\u0259 sair \u00fc\u00e7\u00fcn m\u0259nb\u0259yiniz. \u015eirk\u0259tin m\u0259hsul \u00e7e\u015fidi, bonuslar\u0131 v\u0259 qlobal t\u0259sirinin \u0259trafl\u0131 icmal\u0131.\" \/>\n<meta property=\"og:url\" content=\"https:\/\/casino-site-amp100.top\/az\/about-us-az\/\" \/>\n<meta property=\"og:site_name\" content=\"casino-site-amp100.top\" \/>\n<script type=\"application\/ld+json\" class=\"yoast-schema-graph\">{\"@context\":\"https:\/\/schema.org\",\"@graph\":[{\"@type\":\"WebPage\",\"@id\":\"https:\/\/casino-site-amp100.top\/az\/about-us-az\/\",\"url\":\"https:\/\/casino-site-amp100.top\/az\/about-us-az\/\",\"name\":\"1xBet haqq\u0131nda A-dan Z-y\u0259: Tam \u015eirk\u0259t Bax\u0131\u015f\u0131n\u0131z\",\"isPartOf\":{\"@id\":\"https:\/\/casino-site-amp100.top\/#website\"},\"datePublished\":\"2026-02-16T14:12:22+00:00\",\"description\":\"1xBet il\u0259 tan\u0131\u015f olun: idman m\u0259rcl\u0259ri, onlayn kazinolar v\u0259 sair \u00fc\u00e7\u00fcn m\u0259nb\u0259yiniz. \u015eirk\u0259tin m\u0259hsul \u00e7e\u015fidi, bonuslar\u0131 v\u0259 qlobal t\u0259sirinin \u0259trafl\u0131 icmal\u0131.\",\"breadcrumb\":{\"@id\":\"https:\/\/casino-site-amp100.top\/az\/about-us-az\/#breadcrumb\"},\"inLanguage\":\"ru-RU\",\"potentialAction\":[{\"@type\":\"ReadAction\",\"target\":[\"https:\/\/casino-site-amp100.top\/az\/about-us-az\/\"]}]},{\"@type\":\"BreadcrumbList\",\"@id\":\"https:\/\/casino-site-amp100.top\/az\/about-us-az\/#breadcrumb\",\"itemListElement\":[{\"@type\":\"ListItem\",\"position\":1,\"name\":\"Home\",\"item\":\"https:\/\/casino-site-amp100.top\/\"},{\"@type\":\"ListItem\",\"position\":2,\"name\":\"About Us-az\"}]},{\"@type\":\"WebSite\",\"@id\":\"https:\/\/casino-site-amp100.top\/#website\",\"url\":\"https:\/\/casino-site-amp100.top\/\",\"name\":\"casino-site-amp100.top\",\"description\":\"\",\"potentialAction\":[{\"@type\":\"SearchAction\",\"target\":{\"@type\":\"EntryPoint\",\"urlTemplate\":\"https:\/\/casino-site-amp100.top\/?s={search_term_string}\"},\"query-input\":{\"@type\":\"PropertyValueSpecification\",\"valueRequired\":true,\"valueName\":\"search_term_string\"}}],\"inLanguage\":\"ru-RU\"}]}<\/script>\n<!-- \/ Yoast SEO plugin. -->","yoast_head_json":{"title":"1xBet haqq\u0131nda A-dan Z-y\u0259: Tam \u015eirk\u0259t Bax\u0131\u015f\u0131n\u0131z","description":"1xBet il\u0259 tan\u0131\u015f olun: idman m\u0259rcl\u0259ri, onlayn kazinolar v\u0259 sair \u00fc\u00e7\u00fcn m\u0259nb\u0259yiniz. \u015eirk\u0259tin m\u0259hsul \u00e7e\u015fidi, bonuslar\u0131 v\u0259 qlobal t\u0259sirinin \u0259trafl\u0131 icmal\u0131.","robots":{"index":"index","follow":"follow","max-snippet":"max-snippet:-1","max-image-preview":"max-image-preview:large","max-video-preview":"max-video-preview:-1"},"canonical":"https:\/\/casino-site-amp100.top\/az\/about-us-az\/","og_locale":"ru_RU","og_type":"article","og_title":"1xBet haqq\u0131nda A-dan Z-y\u0259: Tam \u015eirk\u0259t Bax\u0131\u015f\u0131n\u0131z","og_description":"1xBet il\u0259 tan\u0131\u015f olun: idman m\u0259rcl\u0259ri, onlayn kazinolar v\u0259 sair \u00fc\u00e7\u00fcn m\u0259nb\u0259yiniz. \u015eirk\u0259tin m\u0259hsul \u00e7e\u015fidi, bonuslar\u0131 v\u0259 qlobal t\u0259sirinin \u0259trafl\u0131 icmal\u0131.","og_url":"https:\/\/casino-site-amp100.top\/az\/about-us-az\/","og_site_name":"casino-site-amp100.top","schema":{"@context":"https:\/\/schema.org","@graph":[{"@type":"WebPage","@id":"https:\/\/casino-site-amp100.top\/az\/about-us-az\/","url":"https:\/\/casino-site-amp100.top\/az\/about-us-az\/","name":"1xBet haqq\u0131nda A-dan Z-y\u0259: Tam \u015eirk\u0259t Bax\u0131\u015f\u0131n\u0131z","isPartOf":{"@id":"https:\/\/casino-site-amp100.top\/#website"},"datePublished":"2026-02-16T14:12:22+00:00","description":"1xBet il\u0259 tan\u0131\u015f olun: idman m\u0259rcl\u0259ri, onlayn kazinolar v\u0259 sair \u00fc\u00e7\u00fcn m\u0259nb\u0259yiniz. \u015eirk\u0259tin m\u0259hsul \u00e7e\u015fidi, bonuslar\u0131 v\u0259 qlobal t\u0259sirinin \u0259trafl\u0131 icmal\u0131.","breadcrumb":{"@id":"https:\/\/casino-site-amp100.top\/az\/about-us-az\/#breadcrumb"},"inLanguage":"ru-RU","potentialAction":[{"@type":"ReadAction","target":["https:\/\/casino-site-amp100.top\/az\/about-us-az\/"]}]},{"@type":"BreadcrumbList","@id":"https:\/\/casino-site-amp100.top\/az\/about-us-az\/#breadcrumb","itemListElement":[{"@type":"ListItem","position":1,"name":"Home","item":"https:\/\/casino-site-amp100.top\/"},{"@type":"ListItem","position":2,"name":"About Us-az"}]},{"@type":"WebSite","@id":"https:\/\/casino-site-amp100.top\/#website","url":"https:\/\/casino-site-amp100.top\/","name":"casino-site-amp100.top","description":"","potentialAction":[{"@type":"SearchAction","target":{"@type":"EntryPoint","urlTemplate":"https:\/\/casino-site-amp100.top\/?s={search_term_string}"},"query-input":{"@type":"PropertyValueSpecification","valueRequired":true,"valueName":"search_term_string"}}],"inLanguage":"ru-RU"}]}},"amp_enabled":true,"_links":{"self":[{"href":"https:\/\/casino-site-amp100.top\/wp-json\/wp\/v2\/pages\/3137","targetHints":{"allow":["GET"]}}],"collection":[{"href":"https:\/\/casino-site-amp100.top\/wp-json\/wp\/v2\/pages"}],"about":[{"href":"https:\/\/casino-site-amp100.top\/wp-json\/wp\/v2\/types\/page"}],"author":[{"embeddable":true,"href":"https:\/\/casino-site-amp100.top\/wp-json\/wp\/v2\/users\/1"}],"replies":[{"embeddable":true,"href":"https:\/\/casino-site-amp100.top\/wp-json\/wp\/v2\/comments?post=3137"}],"version-history":[{"count":1,"href":"https:\/\/casino-site-amp100.top\/wp-json\/wp\/v2\/pages\/3137\/revisions"}],"predecessor-version":[{"id":3138,"href":"https:\/\/casino-site-amp100.top\/wp-json\/wp\/v2\/pages\/3137\/revisions\/3138"}],"wp:attachment":[{"href":"https:\/\/casino-site-amp100.top\/wp-json\/wp\/v2\/media?parent=3137"}],"curies":[{"name":"wp","href":"https:\/\/api.w.org\/{rel}","templated":true}]}}