{"id":3129,"date":"2026-02-16T15:57:18","date_gmt":"2026-02-16T13:57:18","guid":{"rendered":"https:\/\/casino-site-amp100.top\/?page_id=3129"},"modified":"2026-02-16T15:57:18","modified_gmt":"2026-02-16T13:57:18","slug":"freebet-tr","status":"publish","type":"page","link":"https:\/\/casino-site-amp100.top\/tr\/freebet-tr\/","title":{"rendered":"Freebet-tr"},"content":{"rendered":"","protected":false},"excerpt":{"rendered":"","protected":false},"author":1,"featured_media":0,"parent":0,"menu_order":0,"comment_status":"closed","ping_status":"closed","template":"home-new.php","meta":{"_acf_changed":false,"footnotes":""},"class_list":["post-3129","page","type-page","status-publish","hentry"],"acf":[],"yoast_head":"<!-- This site is optimized with the Yoast SEO plugin v27.0 - https:\/\/yoast.com\/product\/yoast-seo-wordpress\/ -->\n<title>T\u00fcrkiye&#039;deki bahis\u00e7i 1xbet&#039;te Freebet<\/title>\n<meta name=\"description\" content=\"\u00dccretsiz bahisler, T\u00fcrkiye&#039;deki bahis \u015firketi 1xbet&#039;in bonus politikas\u0131n\u0131n bir par\u00e7as\u0131d\u0131r. Bonusu almak i\u00e7in yapman\u0131z gerekenler. Do\u011fum g\u00fcn\u00fcn\u00fczde \u00fccretsiz bahisler nas\u0131l al\u0131n\u0131r? \u00dccretsiz bahis bahisleri.\" \/>\n<meta name=\"robots\" content=\"index, follow, max-snippet:-1, max-image-preview:large, max-video-preview:-1\" \/>\n<link rel=\"canonical\" href=\"https:\/\/casino-site-amp100.top\/tr\/freebet-tr\/\" \/>\n<meta property=\"og:locale\" content=\"ru_RU\" \/>\n<meta property=\"og:type\" content=\"article\" \/>\n<meta property=\"og:title\" content=\"T\u00fcrkiye&#039;deki bahis\u00e7i 1xbet&#039;te Freebet\" \/>\n<meta property=\"og:description\" content=\"\u00dccretsiz bahisler, T\u00fcrkiye&#039;deki bahis \u015firketi 1xbet&#039;in bonus politikas\u0131n\u0131n bir par\u00e7as\u0131d\u0131r. Bonusu almak i\u00e7in yapman\u0131z gerekenler. Do\u011fum g\u00fcn\u00fcn\u00fczde \u00fccretsiz bahisler nas\u0131l al\u0131n\u0131r? \u00dccretsiz bahis bahisleri.\" \/>\n<meta property=\"og:url\" content=\"https:\/\/casino-site-amp100.top\/tr\/freebet-tr\/\" \/>\n<meta property=\"og:site_name\" content=\"casino-site-amp100.top\" \/>\n<script type=\"application\/ld+json\" class=\"yoast-schema-graph\">{\"@context\":\"https:\/\/schema.org\",\"@graph\":[{\"@type\":\"WebPage\",\"@id\":\"https:\/\/casino-site-amp100.top\/tr\/freebet-tr\/\",\"url\":\"https:\/\/casino-site-amp100.top\/tr\/freebet-tr\/\",\"name\":\"T\u00fcrkiye'deki bahis\u00e7i 1xbet'te Freebet\",\"isPartOf\":{\"@id\":\"https:\/\/casino-site-amp100.top\/#website\"},\"datePublished\":\"2026-02-16T13:57:18+00:00\",\"description\":\"\u00dccretsiz bahisler, T\u00fcrkiye'deki bahis \u015firketi 1xbet'in bonus politikas\u0131n\u0131n bir par\u00e7as\u0131d\u0131r. Bonusu almak i\u00e7in yapman\u0131z gerekenler. Do\u011fum g\u00fcn\u00fcn\u00fczde \u00fccretsiz bahisler nas\u0131l al\u0131n\u0131r? \u00dccretsiz bahis bahisleri.\",\"breadcrumb\":{\"@id\":\"https:\/\/casino-site-amp100.top\/tr\/freebet-tr\/#breadcrumb\"},\"inLanguage\":\"ru-RU\",\"potentialAction\":[{\"@type\":\"ReadAction\",\"target\":[\"https:\/\/casino-site-amp100.top\/tr\/freebet-tr\/\"]}]},{\"@type\":\"BreadcrumbList\",\"@id\":\"https:\/\/casino-site-amp100.top\/tr\/freebet-tr\/#breadcrumb\",\"itemListElement\":[{\"@type\":\"ListItem\",\"position\":1,\"name\":\"Home\",\"item\":\"https:\/\/casino-site-amp100.top\/\"},{\"@type\":\"ListItem\",\"position\":2,\"name\":\"Freebet-tr\"}]},{\"@type\":\"WebSite\",\"@id\":\"https:\/\/casino-site-amp100.top\/#website\",\"url\":\"https:\/\/casino-site-amp100.top\/\",\"name\":\"casino-site-amp100.top\",\"description\":\"\",\"potentialAction\":[{\"@type\":\"SearchAction\",\"target\":{\"@type\":\"EntryPoint\",\"urlTemplate\":\"https:\/\/casino-site-amp100.top\/?s={search_term_string}\"},\"query-input\":{\"@type\":\"PropertyValueSpecification\",\"valueRequired\":true,\"valueName\":\"search_term_string\"}}],\"inLanguage\":\"ru-RU\"}]}<\/script>\n<!-- \/ Yoast SEO plugin. -->","yoast_head_json":{"title":"T\u00fcrkiye'deki bahis\u00e7i 1xbet'te Freebet","description":"\u00dccretsiz bahisler, T\u00fcrkiye'deki bahis \u015firketi 1xbet'in bonus politikas\u0131n\u0131n bir par\u00e7as\u0131d\u0131r. Bonusu almak i\u00e7in yapman\u0131z gerekenler. Do\u011fum g\u00fcn\u00fcn\u00fczde \u00fccretsiz bahisler nas\u0131l al\u0131n\u0131r? \u00dccretsiz bahis bahisleri.","robots":{"index":"index","follow":"follow","max-snippet":"max-snippet:-1","max-image-preview":"max-image-preview:large","max-video-preview":"max-video-preview:-1"},"canonical":"https:\/\/casino-site-amp100.top\/tr\/freebet-tr\/","og_locale":"ru_RU","og_type":"article","og_title":"T\u00fcrkiye'deki bahis\u00e7i 1xbet'te Freebet","og_description":"\u00dccretsiz bahisler, T\u00fcrkiye'deki bahis \u015firketi 1xbet'in bonus politikas\u0131n\u0131n bir par\u00e7as\u0131d\u0131r. Bonusu almak i\u00e7in yapman\u0131z gerekenler. Do\u011fum g\u00fcn\u00fcn\u00fczde \u00fccretsiz bahisler nas\u0131l al\u0131n\u0131r? \u00dccretsiz bahis bahisleri.","og_url":"https:\/\/casino-site-amp100.top\/tr\/freebet-tr\/","og_site_name":"casino-site-amp100.top","schema":{"@context":"https:\/\/schema.org","@graph":[{"@type":"WebPage","@id":"https:\/\/casino-site-amp100.top\/tr\/freebet-tr\/","url":"https:\/\/casino-site-amp100.top\/tr\/freebet-tr\/","name":"T\u00fcrkiye'deki bahis\u00e7i 1xbet'te Freebet","isPartOf":{"@id":"https:\/\/casino-site-amp100.top\/#website"},"datePublished":"2026-02-16T13:57:18+00:00","description":"\u00dccretsiz bahisler, T\u00fcrkiye'deki bahis \u015firketi 1xbet'in bonus politikas\u0131n\u0131n bir par\u00e7as\u0131d\u0131r. Bonusu almak i\u00e7in yapman\u0131z gerekenler. Do\u011fum g\u00fcn\u00fcn\u00fczde \u00fccretsiz bahisler nas\u0131l al\u0131n\u0131r? \u00dccretsiz bahis bahisleri.","breadcrumb":{"@id":"https:\/\/casino-site-amp100.top\/tr\/freebet-tr\/#breadcrumb"},"inLanguage":"ru-RU","potentialAction":[{"@type":"ReadAction","target":["https:\/\/casino-site-amp100.top\/tr\/freebet-tr\/"]}]},{"@type":"BreadcrumbList","@id":"https:\/\/casino-site-amp100.top\/tr\/freebet-tr\/#breadcrumb","itemListElement":[{"@type":"ListItem","position":1,"name":"Home","item":"https:\/\/casino-site-amp100.top\/"},{"@type":"ListItem","position":2,"name":"Freebet-tr"}]},{"@type":"WebSite","@id":"https:\/\/casino-site-amp100.top\/#website","url":"https:\/\/casino-site-amp100.top\/","name":"casino-site-amp100.top","description":"","potentialAction":[{"@type":"SearchAction","target":{"@type":"EntryPoint","urlTemplate":"https:\/\/casino-site-amp100.top\/?s={search_term_string}"},"query-input":{"@type":"PropertyValueSpecification","valueRequired":true,"valueName":"search_term_string"}}],"inLanguage":"ru-RU"}]}},"amp_enabled":true,"_links":{"self":[{"href":"https:\/\/casino-site-amp100.top\/wp-json\/wp\/v2\/pages\/3129","targetHints":{"allow":["GET"]}}],"collection":[{"href":"https:\/\/casino-site-amp100.top\/wp-json\/wp\/v2\/pages"}],"about":[{"href":"https:\/\/casino-site-amp100.top\/wp-json\/wp\/v2\/types\/page"}],"author":[{"embeddable":true,"href":"https:\/\/casino-site-amp100.top\/wp-json\/wp\/v2\/users\/1"}],"replies":[{"embeddable":true,"href":"https:\/\/casino-site-amp100.top\/wp-json\/wp\/v2\/comments?post=3129"}],"version-history":[{"count":1,"href":"https:\/\/casino-site-amp100.top\/wp-json\/wp\/v2\/pages\/3129\/revisions"}],"predecessor-version":[{"id":3130,"href":"https:\/\/casino-site-amp100.top\/wp-json\/wp\/v2\/pages\/3129\/revisions\/3130"}],"wp:attachment":[{"href":"https:\/\/casino-site-amp100.top\/wp-json\/wp\/v2\/media?parent=3129"}],"curies":[{"name":"wp","href":"https:\/\/api.w.org\/{rel}","templated":true}]}}