{"id":3121,"date":"2026-02-16T15:43:13","date_gmt":"2026-02-16T13:43:13","guid":{"rendered":"https:\/\/casino-site-amp100.top\/?page_id=3121"},"modified":"2026-02-16T15:43:13","modified_gmt":"2026-02-16T13:43:13","slug":"freebet-az","status":"publish","type":"page","link":"https:\/\/casino-site-amp100.top\/az\/freebet-az\/","title":{"rendered":"Freebet- az"},"content":{"rendered":"","protected":false},"excerpt":{"rendered":"","protected":false},"author":1,"featured_media":0,"parent":0,"menu_order":0,"comment_status":"closed","ping_status":"closed","template":"home-new.php","meta":{"_acf_changed":false,"footnotes":""},"class_list":["post-3121","page","type-page","status-publish","hentry"],"acf":[],"yoast_head":"<!-- This site is optimized with the Yoast SEO plugin v27.0 - https:\/\/yoast.com\/product\/yoast-seo-wordpress\/ -->\n<title>Az\u0259rbaycanda 1xbet bukmeker kontorunda pulsuz m\u0259rc<\/title>\n<meta name=\"description\" content=\"Pulsuz m\u0259rcl\u0259r Az\u0259rbaycanda 1xbet bukmeker kontorunun bonus siyas\u0259tinin bir hiss\u0259sidir. Bonus qazanmaq \u00fc\u00e7\u00fcn n\u0259 etm\u0259lisiniz. Do\u011fum g\u00fcn\u00fcn\u00fczd\u0259 pulsuz bahisl\u0259ri nec\u0259 \u0259ld\u0259 etm\u0259k olar. Pulsuz m\u0259rc m\u0259rcl\u0259ri.\" \/>\n<meta name=\"robots\" content=\"index, follow, max-snippet:-1, max-image-preview:large, max-video-preview:-1\" \/>\n<link rel=\"canonical\" href=\"https:\/\/casino-site-amp100.top\/az\/freebet-az\/\" \/>\n<meta property=\"og:locale\" content=\"ru_RU\" \/>\n<meta property=\"og:type\" content=\"article\" \/>\n<meta property=\"og:title\" content=\"Az\u0259rbaycanda 1xbet bukmeker kontorunda pulsuz m\u0259rc\" \/>\n<meta property=\"og:description\" content=\"Pulsuz m\u0259rcl\u0259r Az\u0259rbaycanda 1xbet bukmeker kontorunun bonus siyas\u0259tinin bir hiss\u0259sidir. Bonus qazanmaq \u00fc\u00e7\u00fcn n\u0259 etm\u0259lisiniz. Do\u011fum g\u00fcn\u00fcn\u00fczd\u0259 pulsuz bahisl\u0259ri nec\u0259 \u0259ld\u0259 etm\u0259k olar. Pulsuz m\u0259rc m\u0259rcl\u0259ri.\" \/>\n<meta property=\"og:url\" content=\"https:\/\/casino-site-amp100.top\/az\/freebet-az\/\" \/>\n<meta property=\"og:site_name\" content=\"casino-site-amp100.top\" \/>\n<script type=\"application\/ld+json\" class=\"yoast-schema-graph\">{\"@context\":\"https:\/\/schema.org\",\"@graph\":[{\"@type\":\"WebPage\",\"@id\":\"https:\/\/casino-site-amp100.top\/az\/freebet-az\/\",\"url\":\"https:\/\/casino-site-amp100.top\/az\/freebet-az\/\",\"name\":\"Az\u0259rbaycanda 1xbet bukmeker kontorunda pulsuz m\u0259rc\",\"isPartOf\":{\"@id\":\"https:\/\/casino-site-amp100.top\/#website\"},\"datePublished\":\"2026-02-16T13:43:13+00:00\",\"description\":\"Pulsuz m\u0259rcl\u0259r Az\u0259rbaycanda 1xbet bukmeker kontorunun bonus siyas\u0259tinin bir hiss\u0259sidir. Bonus qazanmaq \u00fc\u00e7\u00fcn n\u0259 etm\u0259lisiniz. Do\u011fum g\u00fcn\u00fcn\u00fczd\u0259 pulsuz bahisl\u0259ri nec\u0259 \u0259ld\u0259 etm\u0259k olar. Pulsuz m\u0259rc m\u0259rcl\u0259ri.\",\"breadcrumb\":{\"@id\":\"https:\/\/casino-site-amp100.top\/az\/freebet-az\/#breadcrumb\"},\"inLanguage\":\"ru-RU\",\"potentialAction\":[{\"@type\":\"ReadAction\",\"target\":[\"https:\/\/casino-site-amp100.top\/az\/freebet-az\/\"]}]},{\"@type\":\"BreadcrumbList\",\"@id\":\"https:\/\/casino-site-amp100.top\/az\/freebet-az\/#breadcrumb\",\"itemListElement\":[{\"@type\":\"ListItem\",\"position\":1,\"name\":\"Home\",\"item\":\"https:\/\/casino-site-amp100.top\/\"},{\"@type\":\"ListItem\",\"position\":2,\"name\":\"Freebet- az\"}]},{\"@type\":\"WebSite\",\"@id\":\"https:\/\/casino-site-amp100.top\/#website\",\"url\":\"https:\/\/casino-site-amp100.top\/\",\"name\":\"casino-site-amp100.top\",\"description\":\"\",\"potentialAction\":[{\"@type\":\"SearchAction\",\"target\":{\"@type\":\"EntryPoint\",\"urlTemplate\":\"https:\/\/casino-site-amp100.top\/?s={search_term_string}\"},\"query-input\":{\"@type\":\"PropertyValueSpecification\",\"valueRequired\":true,\"valueName\":\"search_term_string\"}}],\"inLanguage\":\"ru-RU\"}]}<\/script>\n<!-- \/ Yoast SEO plugin. -->","yoast_head_json":{"title":"Az\u0259rbaycanda 1xbet bukmeker kontorunda pulsuz m\u0259rc","description":"Pulsuz m\u0259rcl\u0259r Az\u0259rbaycanda 1xbet bukmeker kontorunun bonus siyas\u0259tinin bir hiss\u0259sidir. Bonus qazanmaq \u00fc\u00e7\u00fcn n\u0259 etm\u0259lisiniz. Do\u011fum g\u00fcn\u00fcn\u00fczd\u0259 pulsuz bahisl\u0259ri nec\u0259 \u0259ld\u0259 etm\u0259k olar. Pulsuz m\u0259rc m\u0259rcl\u0259ri.","robots":{"index":"index","follow":"follow","max-snippet":"max-snippet:-1","max-image-preview":"max-image-preview:large","max-video-preview":"max-video-preview:-1"},"canonical":"https:\/\/casino-site-amp100.top\/az\/freebet-az\/","og_locale":"ru_RU","og_type":"article","og_title":"Az\u0259rbaycanda 1xbet bukmeker kontorunda pulsuz m\u0259rc","og_description":"Pulsuz m\u0259rcl\u0259r Az\u0259rbaycanda 1xbet bukmeker kontorunun bonus siyas\u0259tinin bir hiss\u0259sidir. Bonus qazanmaq \u00fc\u00e7\u00fcn n\u0259 etm\u0259lisiniz. Do\u011fum g\u00fcn\u00fcn\u00fczd\u0259 pulsuz bahisl\u0259ri nec\u0259 \u0259ld\u0259 etm\u0259k olar. Pulsuz m\u0259rc m\u0259rcl\u0259ri.","og_url":"https:\/\/casino-site-amp100.top\/az\/freebet-az\/","og_site_name":"casino-site-amp100.top","schema":{"@context":"https:\/\/schema.org","@graph":[{"@type":"WebPage","@id":"https:\/\/casino-site-amp100.top\/az\/freebet-az\/","url":"https:\/\/casino-site-amp100.top\/az\/freebet-az\/","name":"Az\u0259rbaycanda 1xbet bukmeker kontorunda pulsuz m\u0259rc","isPartOf":{"@id":"https:\/\/casino-site-amp100.top\/#website"},"datePublished":"2026-02-16T13:43:13+00:00","description":"Pulsuz m\u0259rcl\u0259r Az\u0259rbaycanda 1xbet bukmeker kontorunun bonus siyas\u0259tinin bir hiss\u0259sidir. Bonus qazanmaq \u00fc\u00e7\u00fcn n\u0259 etm\u0259lisiniz. Do\u011fum g\u00fcn\u00fcn\u00fczd\u0259 pulsuz bahisl\u0259ri nec\u0259 \u0259ld\u0259 etm\u0259k olar. Pulsuz m\u0259rc m\u0259rcl\u0259ri.","breadcrumb":{"@id":"https:\/\/casino-site-amp100.top\/az\/freebet-az\/#breadcrumb"},"inLanguage":"ru-RU","potentialAction":[{"@type":"ReadAction","target":["https:\/\/casino-site-amp100.top\/az\/freebet-az\/"]}]},{"@type":"BreadcrumbList","@id":"https:\/\/casino-site-amp100.top\/az\/freebet-az\/#breadcrumb","itemListElement":[{"@type":"ListItem","position":1,"name":"Home","item":"https:\/\/casino-site-amp100.top\/"},{"@type":"ListItem","position":2,"name":"Freebet- az"}]},{"@type":"WebSite","@id":"https:\/\/casino-site-amp100.top\/#website","url":"https:\/\/casino-site-amp100.top\/","name":"casino-site-amp100.top","description":"","potentialAction":[{"@type":"SearchAction","target":{"@type":"EntryPoint","urlTemplate":"https:\/\/casino-site-amp100.top\/?s={search_term_string}"},"query-input":{"@type":"PropertyValueSpecification","valueRequired":true,"valueName":"search_term_string"}}],"inLanguage":"ru-RU"}]}},"amp_enabled":true,"_links":{"self":[{"href":"https:\/\/casino-site-amp100.top\/wp-json\/wp\/v2\/pages\/3121","targetHints":{"allow":["GET"]}}],"collection":[{"href":"https:\/\/casino-site-amp100.top\/wp-json\/wp\/v2\/pages"}],"about":[{"href":"https:\/\/casino-site-amp100.top\/wp-json\/wp\/v2\/types\/page"}],"author":[{"embeddable":true,"href":"https:\/\/casino-site-amp100.top\/wp-json\/wp\/v2\/users\/1"}],"replies":[{"embeddable":true,"href":"https:\/\/casino-site-amp100.top\/wp-json\/wp\/v2\/comments?post=3121"}],"version-history":[{"count":1,"href":"https:\/\/casino-site-amp100.top\/wp-json\/wp\/v2\/pages\/3121\/revisions"}],"predecessor-version":[{"id":3122,"href":"https:\/\/casino-site-amp100.top\/wp-json\/wp\/v2\/pages\/3121\/revisions\/3122"}],"wp:attachment":[{"href":"https:\/\/casino-site-amp100.top\/wp-json\/wp\/v2\/media?parent=3121"}],"curies":[{"name":"wp","href":"https:\/\/api.w.org\/{rel}","templated":true}]}}