{"id":3100,"date":"2026-02-16T14:46:41","date_gmt":"2026-02-16T12:46:41","guid":{"rendered":"https:\/\/casino-site-amp100.top\/?page_id=3100"},"modified":"2026-02-16T14:46:41","modified_gmt":"2026-02-16T12:46:41","slug":"hockey-betting-az","status":"publish","type":"page","link":"https:\/\/casino-site-amp100.top\/az\/hockey-betting-az\/","title":{"rendered":"Hockey betting-az"},"content":{"rendered":"","protected":false},"excerpt":{"rendered":"","protected":false},"author":1,"featured_media":0,"parent":0,"menu_order":0,"comment_status":"closed","ping_status":"closed","template":"home-new.php","meta":{"_acf_changed":false,"footnotes":""},"class_list":["post-3100","page","type-page","status-publish","hentry"],"acf":[],"yoast_head":"<!-- This site is optimized with the Yoast SEO plugin v27.0 - https:\/\/yoast.com\/product\/yoast-seo-wordpress\/ -->\n<title>1xbet Az\u0259rbaycan: xokkey m\u0259rcl\u0259ri<\/title>\n<meta name=\"description\" content=\"1xbet Az\u0259rbaycanda xokkey m\u0259rcl\u0259ri. Geni\u015f x\u0259tt. Faul, aut v\u0259 dig\u0259r statistik g\u00f6st\u0259ricil\u0259r\u0259 m\u0259rcl\u0259r. Saytda daimi olaraq udu\u015flar v\u0259 promosyonlar ke\u00e7irilir. Bahisl\u0259r Az\u0259rbaycanda \u0259n yax\u015f\u0131lardand\u0131r. Bahis \u00fc\u00e7\u00fcn \u0259n yax\u015f\u0131 turnirl\u0259r v\u0259 \u00e7empionatlar.\" \/>\n<meta name=\"robots\" content=\"index, follow, max-snippet:-1, max-image-preview:large, max-video-preview:-1\" \/>\n<link rel=\"canonical\" href=\"https:\/\/casino-site-amp100.top\/az\/hockey-betting-az\/\" \/>\n<meta property=\"og:locale\" content=\"ru_RU\" \/>\n<meta property=\"og:type\" content=\"article\" \/>\n<meta property=\"og:title\" content=\"1xbet Az\u0259rbaycan: xokkey m\u0259rcl\u0259ri\" \/>\n<meta property=\"og:description\" content=\"1xbet Az\u0259rbaycanda xokkey m\u0259rcl\u0259ri. Geni\u015f x\u0259tt. Faul, aut v\u0259 dig\u0259r statistik g\u00f6st\u0259ricil\u0259r\u0259 m\u0259rcl\u0259r. Saytda daimi olaraq udu\u015flar v\u0259 promosyonlar ke\u00e7irilir. Bahisl\u0259r Az\u0259rbaycanda \u0259n yax\u015f\u0131lardand\u0131r. Bahis \u00fc\u00e7\u00fcn \u0259n yax\u015f\u0131 turnirl\u0259r v\u0259 \u00e7empionatlar.\" \/>\n<meta property=\"og:url\" content=\"https:\/\/casino-site-amp100.top\/az\/hockey-betting-az\/\" \/>\n<meta property=\"og:site_name\" content=\"casino-site-amp100.top\" \/>\n<script type=\"application\/ld+json\" class=\"yoast-schema-graph\">{\"@context\":\"https:\/\/schema.org\",\"@graph\":[{\"@type\":\"WebPage\",\"@id\":\"https:\/\/casino-site-amp100.top\/az\/hockey-betting-az\/\",\"url\":\"https:\/\/casino-site-amp100.top\/az\/hockey-betting-az\/\",\"name\":\"1xbet Az\u0259rbaycan: xokkey m\u0259rcl\u0259ri\",\"isPartOf\":{\"@id\":\"https:\/\/casino-site-amp100.top\/#website\"},\"datePublished\":\"2026-02-16T12:46:41+00:00\",\"description\":\"1xbet Az\u0259rbaycanda xokkey m\u0259rcl\u0259ri. Geni\u015f x\u0259tt. Faul, aut v\u0259 dig\u0259r statistik g\u00f6st\u0259ricil\u0259r\u0259 m\u0259rcl\u0259r. Saytda daimi olaraq udu\u015flar v\u0259 promosyonlar ke\u00e7irilir. Bahisl\u0259r Az\u0259rbaycanda \u0259n yax\u015f\u0131lardand\u0131r. Bahis \u00fc\u00e7\u00fcn \u0259n yax\u015f\u0131 turnirl\u0259r v\u0259 \u00e7empionatlar.\",\"breadcrumb\":{\"@id\":\"https:\/\/casino-site-amp100.top\/az\/hockey-betting-az\/#breadcrumb\"},\"inLanguage\":\"ru-RU\",\"potentialAction\":[{\"@type\":\"ReadAction\",\"target\":[\"https:\/\/casino-site-amp100.top\/az\/hockey-betting-az\/\"]}]},{\"@type\":\"BreadcrumbList\",\"@id\":\"https:\/\/casino-site-amp100.top\/az\/hockey-betting-az\/#breadcrumb\",\"itemListElement\":[{\"@type\":\"ListItem\",\"position\":1,\"name\":\"Home\",\"item\":\"https:\/\/casino-site-amp100.top\/\"},{\"@type\":\"ListItem\",\"position\":2,\"name\":\"Hockey betting-az\"}]},{\"@type\":\"WebSite\",\"@id\":\"https:\/\/casino-site-amp100.top\/#website\",\"url\":\"https:\/\/casino-site-amp100.top\/\",\"name\":\"casino-site-amp100.top\",\"description\":\"\",\"potentialAction\":[{\"@type\":\"SearchAction\",\"target\":{\"@type\":\"EntryPoint\",\"urlTemplate\":\"https:\/\/casino-site-amp100.top\/?s={search_term_string}\"},\"query-input\":{\"@type\":\"PropertyValueSpecification\",\"valueRequired\":true,\"valueName\":\"search_term_string\"}}],\"inLanguage\":\"ru-RU\"}]}<\/script>\n<!-- \/ Yoast SEO plugin. -->","yoast_head_json":{"title":"1xbet Az\u0259rbaycan: xokkey m\u0259rcl\u0259ri","description":"1xbet Az\u0259rbaycanda xokkey m\u0259rcl\u0259ri. Geni\u015f x\u0259tt. Faul, aut v\u0259 dig\u0259r statistik g\u00f6st\u0259ricil\u0259r\u0259 m\u0259rcl\u0259r. Saytda daimi olaraq udu\u015flar v\u0259 promosyonlar ke\u00e7irilir. Bahisl\u0259r Az\u0259rbaycanda \u0259n yax\u015f\u0131lardand\u0131r. Bahis \u00fc\u00e7\u00fcn \u0259n yax\u015f\u0131 turnirl\u0259r v\u0259 \u00e7empionatlar.","robots":{"index":"index","follow":"follow","max-snippet":"max-snippet:-1","max-image-preview":"max-image-preview:large","max-video-preview":"max-video-preview:-1"},"canonical":"https:\/\/casino-site-amp100.top\/az\/hockey-betting-az\/","og_locale":"ru_RU","og_type":"article","og_title":"1xbet Az\u0259rbaycan: xokkey m\u0259rcl\u0259ri","og_description":"1xbet Az\u0259rbaycanda xokkey m\u0259rcl\u0259ri. Geni\u015f x\u0259tt. Faul, aut v\u0259 dig\u0259r statistik g\u00f6st\u0259ricil\u0259r\u0259 m\u0259rcl\u0259r. Saytda daimi olaraq udu\u015flar v\u0259 promosyonlar ke\u00e7irilir. Bahisl\u0259r Az\u0259rbaycanda \u0259n yax\u015f\u0131lardand\u0131r. Bahis \u00fc\u00e7\u00fcn \u0259n yax\u015f\u0131 turnirl\u0259r v\u0259 \u00e7empionatlar.","og_url":"https:\/\/casino-site-amp100.top\/az\/hockey-betting-az\/","og_site_name":"casino-site-amp100.top","schema":{"@context":"https:\/\/schema.org","@graph":[{"@type":"WebPage","@id":"https:\/\/casino-site-amp100.top\/az\/hockey-betting-az\/","url":"https:\/\/casino-site-amp100.top\/az\/hockey-betting-az\/","name":"1xbet Az\u0259rbaycan: xokkey m\u0259rcl\u0259ri","isPartOf":{"@id":"https:\/\/casino-site-amp100.top\/#website"},"datePublished":"2026-02-16T12:46:41+00:00","description":"1xbet Az\u0259rbaycanda xokkey m\u0259rcl\u0259ri. Geni\u015f x\u0259tt. Faul, aut v\u0259 dig\u0259r statistik g\u00f6st\u0259ricil\u0259r\u0259 m\u0259rcl\u0259r. Saytda daimi olaraq udu\u015flar v\u0259 promosyonlar ke\u00e7irilir. Bahisl\u0259r Az\u0259rbaycanda \u0259n yax\u015f\u0131lardand\u0131r. Bahis \u00fc\u00e7\u00fcn \u0259n yax\u015f\u0131 turnirl\u0259r v\u0259 \u00e7empionatlar.","breadcrumb":{"@id":"https:\/\/casino-site-amp100.top\/az\/hockey-betting-az\/#breadcrumb"},"inLanguage":"ru-RU","potentialAction":[{"@type":"ReadAction","target":["https:\/\/casino-site-amp100.top\/az\/hockey-betting-az\/"]}]},{"@type":"BreadcrumbList","@id":"https:\/\/casino-site-amp100.top\/az\/hockey-betting-az\/#breadcrumb","itemListElement":[{"@type":"ListItem","position":1,"name":"Home","item":"https:\/\/casino-site-amp100.top\/"},{"@type":"ListItem","position":2,"name":"Hockey betting-az"}]},{"@type":"WebSite","@id":"https:\/\/casino-site-amp100.top\/#website","url":"https:\/\/casino-site-amp100.top\/","name":"casino-site-amp100.top","description":"","potentialAction":[{"@type":"SearchAction","target":{"@type":"EntryPoint","urlTemplate":"https:\/\/casino-site-amp100.top\/?s={search_term_string}"},"query-input":{"@type":"PropertyValueSpecification","valueRequired":true,"valueName":"search_term_string"}}],"inLanguage":"ru-RU"}]}},"amp_enabled":true,"_links":{"self":[{"href":"https:\/\/casino-site-amp100.top\/wp-json\/wp\/v2\/pages\/3100","targetHints":{"allow":["GET"]}}],"collection":[{"href":"https:\/\/casino-site-amp100.top\/wp-json\/wp\/v2\/pages"}],"about":[{"href":"https:\/\/casino-site-amp100.top\/wp-json\/wp\/v2\/types\/page"}],"author":[{"embeddable":true,"href":"https:\/\/casino-site-amp100.top\/wp-json\/wp\/v2\/users\/1"}],"replies":[{"embeddable":true,"href":"https:\/\/casino-site-amp100.top\/wp-json\/wp\/v2\/comments?post=3100"}],"version-history":[{"count":2,"href":"https:\/\/casino-site-amp100.top\/wp-json\/wp\/v2\/pages\/3100\/revisions"}],"predecessor-version":[{"id":3102,"href":"https:\/\/casino-site-amp100.top\/wp-json\/wp\/v2\/pages\/3100\/revisions\/3102"}],"wp:attachment":[{"href":"https:\/\/casino-site-amp100.top\/wp-json\/wp\/v2\/media?parent=3100"}],"curies":[{"name":"wp","href":"https:\/\/api.w.org\/{rel}","templated":true}]}}