{"id":3082,"date":"2026-02-16T14:08:42","date_gmt":"2026-02-16T12:08:42","guid":{"rendered":"https:\/\/casino-site-amp100.top\/?page_id=3082"},"modified":"2026-02-16T14:08:42","modified_gmt":"2026-02-16T12:08:42","slug":"futbol-m%c9%99rcl%c9%99ri","status":"publish","type":"page","link":"https:\/\/casino-site-amp100.top\/az\/futbol-m%c9%99rcl%c9%99ri\/","title":{"rendered":"Futbol m\u0259rcl\u0259ri"},"content":{"rendered":"","protected":false},"excerpt":{"rendered":"","protected":false},"author":1,"featured_media":0,"parent":0,"menu_order":0,"comment_status":"closed","ping_status":"closed","template":"home-new.php","meta":{"_acf_changed":false,"footnotes":""},"class_list":["post-3082","page","type-page","status-publish","hentry"],"acf":[],"yoast_head":"<!-- This site is optimized with the Yoast SEO plugin v27.0 - https:\/\/yoast.com\/product\/yoast-seo-wordpress\/ -->\n<title>1xBet |-d\u0259 futbol m\u0259rcl\u0259ri Az\u0259rbaycan\u0131n \u0259n yax\u015f\u0131 bukmeker kontoru<\/title>\n<meta name=\"description\" content=\"1xBet-d\u0259 futbola nec\u0259 m\u0259rc etm\u0259k olar? Az\u0259rbaycan\u0131n \u0259n yax\u015f\u0131 bukmeker kontorunun sayt\u0131nda m\u0259rcl\u0259rin tam icmal\u0131. Futbol m\u0259rcl\u0259rinin hans\u0131 n\u00f6vl\u0259ri var? Niy\u0259 1xBet se\u00e7irsiniz?\" \/>\n<meta name=\"robots\" content=\"index, follow, max-snippet:-1, max-image-preview:large, max-video-preview:-1\" \/>\n<link rel=\"canonical\" href=\"https:\/\/casino-site-amp100.top\/az\/futbol-m\u0259rcl\u0259ri\/\" \/>\n<meta property=\"og:locale\" content=\"ru_RU\" \/>\n<meta property=\"og:type\" content=\"article\" \/>\n<meta property=\"og:title\" content=\"1xBet |-d\u0259 futbol m\u0259rcl\u0259ri Az\u0259rbaycan\u0131n \u0259n yax\u015f\u0131 bukmeker kontoru\" \/>\n<meta property=\"og:description\" content=\"1xBet-d\u0259 futbola nec\u0259 m\u0259rc etm\u0259k olar? Az\u0259rbaycan\u0131n \u0259n yax\u015f\u0131 bukmeker kontorunun sayt\u0131nda m\u0259rcl\u0259rin tam icmal\u0131. Futbol m\u0259rcl\u0259rinin hans\u0131 n\u00f6vl\u0259ri var? Niy\u0259 1xBet se\u00e7irsiniz?\" \/>\n<meta property=\"og:url\" content=\"https:\/\/casino-site-amp100.top\/az\/futbol-m\u0259rcl\u0259ri\/\" \/>\n<meta property=\"og:site_name\" content=\"casino-site-amp100.top\" \/>\n<script type=\"application\/ld+json\" class=\"yoast-schema-graph\">{\"@context\":\"https:\/\/schema.org\",\"@graph\":[{\"@type\":\"WebPage\",\"@id\":\"https:\/\/casino-site-amp100.top\/az\/futbol-m%c9%99rcl%c9%99ri\/\",\"url\":\"https:\/\/casino-site-amp100.top\/az\/futbol-m%c9%99rcl%c9%99ri\/\",\"name\":\"1xBet |-d\u0259 futbol m\u0259rcl\u0259ri Az\u0259rbaycan\u0131n \u0259n yax\u015f\u0131 bukmeker kontoru\",\"isPartOf\":{\"@id\":\"https:\/\/casino-site-amp100.top\/#website\"},\"datePublished\":\"2026-02-16T12:08:42+00:00\",\"description\":\"1xBet-d\u0259 futbola nec\u0259 m\u0259rc etm\u0259k olar? Az\u0259rbaycan\u0131n \u0259n yax\u015f\u0131 bukmeker kontorunun sayt\u0131nda m\u0259rcl\u0259rin tam icmal\u0131. Futbol m\u0259rcl\u0259rinin hans\u0131 n\u00f6vl\u0259ri var? Niy\u0259 1xBet se\u00e7irsiniz?\",\"breadcrumb\":{\"@id\":\"https:\/\/casino-site-amp100.top\/az\/futbol-m%c9%99rcl%c9%99ri\/#breadcrumb\"},\"inLanguage\":\"ru-RU\",\"potentialAction\":[{\"@type\":\"ReadAction\",\"target\":[\"https:\/\/casino-site-amp100.top\/az\/futbol-m%c9%99rcl%c9%99ri\/\"]}]},{\"@type\":\"BreadcrumbList\",\"@id\":\"https:\/\/casino-site-amp100.top\/az\/futbol-m%c9%99rcl%c9%99ri\/#breadcrumb\",\"itemListElement\":[{\"@type\":\"ListItem\",\"position\":1,\"name\":\"Home\",\"item\":\"https:\/\/casino-site-amp100.top\/\"},{\"@type\":\"ListItem\",\"position\":2,\"name\":\"Futbol m\u0259rcl\u0259ri\"}]},{\"@type\":\"WebSite\",\"@id\":\"https:\/\/casino-site-amp100.top\/#website\",\"url\":\"https:\/\/casino-site-amp100.top\/\",\"name\":\"casino-site-amp100.top\",\"description\":\"\",\"potentialAction\":[{\"@type\":\"SearchAction\",\"target\":{\"@type\":\"EntryPoint\",\"urlTemplate\":\"https:\/\/casino-site-amp100.top\/?s={search_term_string}\"},\"query-input\":{\"@type\":\"PropertyValueSpecification\",\"valueRequired\":true,\"valueName\":\"search_term_string\"}}],\"inLanguage\":\"ru-RU\"}]}<\/script>\n<!-- \/ Yoast SEO plugin. -->","yoast_head_json":{"title":"1xBet |-d\u0259 futbol m\u0259rcl\u0259ri Az\u0259rbaycan\u0131n \u0259n yax\u015f\u0131 bukmeker kontoru","description":"1xBet-d\u0259 futbola nec\u0259 m\u0259rc etm\u0259k olar? Az\u0259rbaycan\u0131n \u0259n yax\u015f\u0131 bukmeker kontorunun sayt\u0131nda m\u0259rcl\u0259rin tam icmal\u0131. Futbol m\u0259rcl\u0259rinin hans\u0131 n\u00f6vl\u0259ri var? Niy\u0259 1xBet se\u00e7irsiniz?","robots":{"index":"index","follow":"follow","max-snippet":"max-snippet:-1","max-image-preview":"max-image-preview:large","max-video-preview":"max-video-preview:-1"},"canonical":"https:\/\/casino-site-amp100.top\/az\/futbol-m\u0259rcl\u0259ri\/","og_locale":"ru_RU","og_type":"article","og_title":"1xBet |-d\u0259 futbol m\u0259rcl\u0259ri Az\u0259rbaycan\u0131n \u0259n yax\u015f\u0131 bukmeker kontoru","og_description":"1xBet-d\u0259 futbola nec\u0259 m\u0259rc etm\u0259k olar? Az\u0259rbaycan\u0131n \u0259n yax\u015f\u0131 bukmeker kontorunun sayt\u0131nda m\u0259rcl\u0259rin tam icmal\u0131. Futbol m\u0259rcl\u0259rinin hans\u0131 n\u00f6vl\u0259ri var? Niy\u0259 1xBet se\u00e7irsiniz?","og_url":"https:\/\/casino-site-amp100.top\/az\/futbol-m\u0259rcl\u0259ri\/","og_site_name":"casino-site-amp100.top","schema":{"@context":"https:\/\/schema.org","@graph":[{"@type":"WebPage","@id":"https:\/\/casino-site-amp100.top\/az\/futbol-m%c9%99rcl%c9%99ri\/","url":"https:\/\/casino-site-amp100.top\/az\/futbol-m%c9%99rcl%c9%99ri\/","name":"1xBet |-d\u0259 futbol m\u0259rcl\u0259ri Az\u0259rbaycan\u0131n \u0259n yax\u015f\u0131 bukmeker kontoru","isPartOf":{"@id":"https:\/\/casino-site-amp100.top\/#website"},"datePublished":"2026-02-16T12:08:42+00:00","description":"1xBet-d\u0259 futbola nec\u0259 m\u0259rc etm\u0259k olar? Az\u0259rbaycan\u0131n \u0259n yax\u015f\u0131 bukmeker kontorunun sayt\u0131nda m\u0259rcl\u0259rin tam icmal\u0131. Futbol m\u0259rcl\u0259rinin hans\u0131 n\u00f6vl\u0259ri var? Niy\u0259 1xBet se\u00e7irsiniz?","breadcrumb":{"@id":"https:\/\/casino-site-amp100.top\/az\/futbol-m%c9%99rcl%c9%99ri\/#breadcrumb"},"inLanguage":"ru-RU","potentialAction":[{"@type":"ReadAction","target":["https:\/\/casino-site-amp100.top\/az\/futbol-m%c9%99rcl%c9%99ri\/"]}]},{"@type":"BreadcrumbList","@id":"https:\/\/casino-site-amp100.top\/az\/futbol-m%c9%99rcl%c9%99ri\/#breadcrumb","itemListElement":[{"@type":"ListItem","position":1,"name":"Home","item":"https:\/\/casino-site-amp100.top\/"},{"@type":"ListItem","position":2,"name":"Futbol m\u0259rcl\u0259ri"}]},{"@type":"WebSite","@id":"https:\/\/casino-site-amp100.top\/#website","url":"https:\/\/casino-site-amp100.top\/","name":"casino-site-amp100.top","description":"","potentialAction":[{"@type":"SearchAction","target":{"@type":"EntryPoint","urlTemplate":"https:\/\/casino-site-amp100.top\/?s={search_term_string}"},"query-input":{"@type":"PropertyValueSpecification","valueRequired":true,"valueName":"search_term_string"}}],"inLanguage":"ru-RU"}]}},"amp_enabled":true,"_links":{"self":[{"href":"https:\/\/casino-site-amp100.top\/wp-json\/wp\/v2\/pages\/3082","targetHints":{"allow":["GET"]}}],"collection":[{"href":"https:\/\/casino-site-amp100.top\/wp-json\/wp\/v2\/pages"}],"about":[{"href":"https:\/\/casino-site-amp100.top\/wp-json\/wp\/v2\/types\/page"}],"author":[{"embeddable":true,"href":"https:\/\/casino-site-amp100.top\/wp-json\/wp\/v2\/users\/1"}],"replies":[{"embeddable":true,"href":"https:\/\/casino-site-amp100.top\/wp-json\/wp\/v2\/comments?post=3082"}],"version-history":[{"count":1,"href":"https:\/\/casino-site-amp100.top\/wp-json\/wp\/v2\/pages\/3082\/revisions"}],"predecessor-version":[{"id":3083,"href":"https:\/\/casino-site-amp100.top\/wp-json\/wp\/v2\/pages\/3082\/revisions\/3083"}],"wp:attachment":[{"href":"https:\/\/casino-site-amp100.top\/wp-json\/wp\/v2\/media?parent=3082"}],"curies":[{"name":"wp","href":"https:\/\/api.w.org\/{rel}","templated":true}]}}