{"id":3063,"date":"2026-02-16T12:32:20","date_gmt":"2026-02-16T10:32:20","guid":{"rendered":"https:\/\/casino-site-amp100.top\/?page_id=3063"},"modified":"2026-02-16T12:32:20","modified_gmt":"2026-02-16T10:32:20","slug":"tennis-betting-az","status":"publish","type":"page","link":"https:\/\/casino-site-amp100.top\/az\/tennis-betting-az\/","title":{"rendered":"Tennis betting-az"},"content":{"rendered":"","protected":false},"excerpt":{"rendered":"","protected":false},"author":1,"featured_media":0,"parent":0,"menu_order":0,"comment_status":"closed","ping_status":"closed","template":"home-new.php","meta":{"_acf_changed":false,"footnotes":""},"class_list":["post-3063","page","type-page","status-publish","hentry"],"acf":[],"yoast_head":"<!-- This site is optimized with the Yoast SEO plugin v27.0 - https:\/\/yoast.com\/product\/yoast-seo-wordpress\/ -->\n<title>1xbet Az\u0259rbaycan \u0259n s\u0259rf\u0259li \u0259msallarla tennis\u0259 m\u0259rcl\u0259ri q\u0259bul edir<\/title>\n<meta name=\"description\" content=\"1xbet bukmeker x\u0259ttind\u0259 siz tennis m\u0259rcl\u0259ri \u00fc\u00e7\u00fcn b\u00fct\u00fcn t\u0259dbirl\u0259ri tapa bil\u0259rsiniz. Bu bukmeker sayt\u0131nda oyun \u00f6nc\u0259si v\u0259 canl\u0131 tennis proqnozlar\u0131 rahat, maraql\u0131 v\u0259 s\u0259rf\u0259lidir\" \/>\n<meta name=\"robots\" content=\"index, follow, max-snippet:-1, max-image-preview:large, max-video-preview:-1\" \/>\n<link rel=\"canonical\" href=\"https:\/\/casino-site-amp100.top\/az\/tennis-betting-az\/\" \/>\n<meta property=\"og:locale\" content=\"ru_RU\" \/>\n<meta property=\"og:type\" content=\"article\" \/>\n<meta property=\"og:title\" content=\"1xbet Az\u0259rbaycan \u0259n s\u0259rf\u0259li \u0259msallarla tennis\u0259 m\u0259rcl\u0259ri q\u0259bul edir\" \/>\n<meta property=\"og:description\" content=\"1xbet bukmeker x\u0259ttind\u0259 siz tennis m\u0259rcl\u0259ri \u00fc\u00e7\u00fcn b\u00fct\u00fcn t\u0259dbirl\u0259ri tapa bil\u0259rsiniz. Bu bukmeker sayt\u0131nda oyun \u00f6nc\u0259si v\u0259 canl\u0131 tennis proqnozlar\u0131 rahat, maraql\u0131 v\u0259 s\u0259rf\u0259lidir\" \/>\n<meta property=\"og:url\" content=\"https:\/\/casino-site-amp100.top\/az\/tennis-betting-az\/\" \/>\n<meta property=\"og:site_name\" content=\"casino-site-amp100.top\" \/>\n<script type=\"application\/ld+json\" class=\"yoast-schema-graph\">{\"@context\":\"https:\/\/schema.org\",\"@graph\":[{\"@type\":\"WebPage\",\"@id\":\"https:\/\/casino-site-amp100.top\/az\/tennis-betting-az\/\",\"url\":\"https:\/\/casino-site-amp100.top\/az\/tennis-betting-az\/\",\"name\":\"1xbet Az\u0259rbaycan \u0259n s\u0259rf\u0259li \u0259msallarla tennis\u0259 m\u0259rcl\u0259ri q\u0259bul edir\",\"isPartOf\":{\"@id\":\"https:\/\/casino-site-amp100.top\/#website\"},\"datePublished\":\"2026-02-16T10:32:20+00:00\",\"description\":\"1xbet bukmeker x\u0259ttind\u0259 siz tennis m\u0259rcl\u0259ri \u00fc\u00e7\u00fcn b\u00fct\u00fcn t\u0259dbirl\u0259ri tapa bil\u0259rsiniz. Bu bukmeker sayt\u0131nda oyun \u00f6nc\u0259si v\u0259 canl\u0131 tennis proqnozlar\u0131 rahat, maraql\u0131 v\u0259 s\u0259rf\u0259lidir\",\"breadcrumb\":{\"@id\":\"https:\/\/casino-site-amp100.top\/az\/tennis-betting-az\/#breadcrumb\"},\"inLanguage\":\"ru-RU\",\"potentialAction\":[{\"@type\":\"ReadAction\",\"target\":[\"https:\/\/casino-site-amp100.top\/az\/tennis-betting-az\/\"]}]},{\"@type\":\"BreadcrumbList\",\"@id\":\"https:\/\/casino-site-amp100.top\/az\/tennis-betting-az\/#breadcrumb\",\"itemListElement\":[{\"@type\":\"ListItem\",\"position\":1,\"name\":\"Home\",\"item\":\"https:\/\/casino-site-amp100.top\/\"},{\"@type\":\"ListItem\",\"position\":2,\"name\":\"Tennis betting-az\"}]},{\"@type\":\"WebSite\",\"@id\":\"https:\/\/casino-site-amp100.top\/#website\",\"url\":\"https:\/\/casino-site-amp100.top\/\",\"name\":\"casino-site-amp100.top\",\"description\":\"\",\"potentialAction\":[{\"@type\":\"SearchAction\",\"target\":{\"@type\":\"EntryPoint\",\"urlTemplate\":\"https:\/\/casino-site-amp100.top\/?s={search_term_string}\"},\"query-input\":{\"@type\":\"PropertyValueSpecification\",\"valueRequired\":true,\"valueName\":\"search_term_string\"}}],\"inLanguage\":\"ru-RU\"}]}<\/script>\n<!-- \/ Yoast SEO plugin. -->","yoast_head_json":{"title":"1xbet Az\u0259rbaycan \u0259n s\u0259rf\u0259li \u0259msallarla tennis\u0259 m\u0259rcl\u0259ri q\u0259bul edir","description":"1xbet bukmeker x\u0259ttind\u0259 siz tennis m\u0259rcl\u0259ri \u00fc\u00e7\u00fcn b\u00fct\u00fcn t\u0259dbirl\u0259ri tapa bil\u0259rsiniz. Bu bukmeker sayt\u0131nda oyun \u00f6nc\u0259si v\u0259 canl\u0131 tennis proqnozlar\u0131 rahat, maraql\u0131 v\u0259 s\u0259rf\u0259lidir","robots":{"index":"index","follow":"follow","max-snippet":"max-snippet:-1","max-image-preview":"max-image-preview:large","max-video-preview":"max-video-preview:-1"},"canonical":"https:\/\/casino-site-amp100.top\/az\/tennis-betting-az\/","og_locale":"ru_RU","og_type":"article","og_title":"1xbet Az\u0259rbaycan \u0259n s\u0259rf\u0259li \u0259msallarla tennis\u0259 m\u0259rcl\u0259ri q\u0259bul edir","og_description":"1xbet bukmeker x\u0259ttind\u0259 siz tennis m\u0259rcl\u0259ri \u00fc\u00e7\u00fcn b\u00fct\u00fcn t\u0259dbirl\u0259ri tapa bil\u0259rsiniz. Bu bukmeker sayt\u0131nda oyun \u00f6nc\u0259si v\u0259 canl\u0131 tennis proqnozlar\u0131 rahat, maraql\u0131 v\u0259 s\u0259rf\u0259lidir","og_url":"https:\/\/casino-site-amp100.top\/az\/tennis-betting-az\/","og_site_name":"casino-site-amp100.top","schema":{"@context":"https:\/\/schema.org","@graph":[{"@type":"WebPage","@id":"https:\/\/casino-site-amp100.top\/az\/tennis-betting-az\/","url":"https:\/\/casino-site-amp100.top\/az\/tennis-betting-az\/","name":"1xbet Az\u0259rbaycan \u0259n s\u0259rf\u0259li \u0259msallarla tennis\u0259 m\u0259rcl\u0259ri q\u0259bul edir","isPartOf":{"@id":"https:\/\/casino-site-amp100.top\/#website"},"datePublished":"2026-02-16T10:32:20+00:00","description":"1xbet bukmeker x\u0259ttind\u0259 siz tennis m\u0259rcl\u0259ri \u00fc\u00e7\u00fcn b\u00fct\u00fcn t\u0259dbirl\u0259ri tapa bil\u0259rsiniz. Bu bukmeker sayt\u0131nda oyun \u00f6nc\u0259si v\u0259 canl\u0131 tennis proqnozlar\u0131 rahat, maraql\u0131 v\u0259 s\u0259rf\u0259lidir","breadcrumb":{"@id":"https:\/\/casino-site-amp100.top\/az\/tennis-betting-az\/#breadcrumb"},"inLanguage":"ru-RU","potentialAction":[{"@type":"ReadAction","target":["https:\/\/casino-site-amp100.top\/az\/tennis-betting-az\/"]}]},{"@type":"BreadcrumbList","@id":"https:\/\/casino-site-amp100.top\/az\/tennis-betting-az\/#breadcrumb","itemListElement":[{"@type":"ListItem","position":1,"name":"Home","item":"https:\/\/casino-site-amp100.top\/"},{"@type":"ListItem","position":2,"name":"Tennis betting-az"}]},{"@type":"WebSite","@id":"https:\/\/casino-site-amp100.top\/#website","url":"https:\/\/casino-site-amp100.top\/","name":"casino-site-amp100.top","description":"","potentialAction":[{"@type":"SearchAction","target":{"@type":"EntryPoint","urlTemplate":"https:\/\/casino-site-amp100.top\/?s={search_term_string}"},"query-input":{"@type":"PropertyValueSpecification","valueRequired":true,"valueName":"search_term_string"}}],"inLanguage":"ru-RU"}]}},"amp_enabled":true,"_links":{"self":[{"href":"https:\/\/casino-site-amp100.top\/wp-json\/wp\/v2\/pages\/3063","targetHints":{"allow":["GET"]}}],"collection":[{"href":"https:\/\/casino-site-amp100.top\/wp-json\/wp\/v2\/pages"}],"about":[{"href":"https:\/\/casino-site-amp100.top\/wp-json\/wp\/v2\/types\/page"}],"author":[{"embeddable":true,"href":"https:\/\/casino-site-amp100.top\/wp-json\/wp\/v2\/users\/1"}],"replies":[{"embeddable":true,"href":"https:\/\/casino-site-amp100.top\/wp-json\/wp\/v2\/comments?post=3063"}],"version-history":[{"count":2,"href":"https:\/\/casino-site-amp100.top\/wp-json\/wp\/v2\/pages\/3063\/revisions"}],"predecessor-version":[{"id":3065,"href":"https:\/\/casino-site-amp100.top\/wp-json\/wp\/v2\/pages\/3063\/revisions\/3065"}],"wp:attachment":[{"href":"https:\/\/casino-site-amp100.top\/wp-json\/wp\/v2\/media?parent=3063"}],"curies":[{"name":"wp","href":"https:\/\/api.w.org\/{rel}","templated":true}]}}