{"id":3023,"date":"2026-02-16T11:07:10","date_gmt":"2026-02-16T09:07:10","guid":{"rendered":"https:\/\/casino-site-amp100.top\/?page_id=3023"},"modified":"2026-02-16T11:07:40","modified_gmt":"2026-02-16T09:07:40","slug":"esports-betting-az","status":"publish","type":"page","link":"https:\/\/casino-site-amp100.top\/az\/esports-betting-az\/","title":{"rendered":"Esports m\u0259rcl\u0259ri"},"content":{"rendered":"","protected":false},"excerpt":{"rendered":"","protected":false},"author":1,"featured_media":0,"parent":0,"menu_order":0,"comment_status":"closed","ping_status":"closed","template":"home-new.php","meta":{"_acf_changed":false,"footnotes":""},"class_list":["post-3023","page","type-page","status-publish","hentry"],"acf":[],"yoast_head":"<!-- This site is optimized with the Yoast SEO plugin v27.0 - https:\/\/yoast.com\/product\/yoast-seo-wordpress\/ -->\n<title>E-idmana canl\u0131 v\u0259 etibarl\u0131 bukmeker kontorunda oyundan \u0259vv\u0259l nec\u0259 m\u0259rc etm\u0259k olar?<\/title>\n<meta name=\"description\" content=\"Y\u00fcks\u0259k \u0259msal\u0131 olan esporlara m\u0259rc ed\u0259rk\u0259n, komandan\u0131n statistikas\u0131n\u0131 diqq\u0259tl\u0259 \u00f6yr\u0259nm\u0259li, h\u0259m\u00e7inin cari t\u0259rkibi v\u0259 ba\u015f-ba\u015fa mat\u00e7lardak\u0131 performans\u0131 n\u0259z\u0259r\u0259 almal\u0131s\u0131n\u0131z.\" \/>\n<meta name=\"robots\" content=\"index, follow, max-snippet:-1, max-image-preview:large, max-video-preview:-1\" \/>\n<link rel=\"canonical\" href=\"https:\/\/casino-site-amp100.top\/az\/esports-betting-az\/\" \/>\n<meta property=\"og:locale\" content=\"ru_RU\" \/>\n<meta property=\"og:type\" content=\"article\" \/>\n<meta property=\"og:title\" content=\"E-idmana canl\u0131 v\u0259 etibarl\u0131 bukmeker kontorunda oyundan \u0259vv\u0259l nec\u0259 m\u0259rc etm\u0259k olar?\" \/>\n<meta property=\"og:description\" content=\"Y\u00fcks\u0259k \u0259msal\u0131 olan esporlara m\u0259rc ed\u0259rk\u0259n, komandan\u0131n statistikas\u0131n\u0131 diqq\u0259tl\u0259 \u00f6yr\u0259nm\u0259li, h\u0259m\u00e7inin cari t\u0259rkibi v\u0259 ba\u015f-ba\u015fa mat\u00e7lardak\u0131 performans\u0131 n\u0259z\u0259r\u0259 almal\u0131s\u0131n\u0131z.\" \/>\n<meta property=\"og:url\" content=\"https:\/\/casino-site-amp100.top\/az\/esports-betting-az\/\" \/>\n<meta property=\"og:site_name\" content=\"casino-site-amp100.top\" \/>\n<meta property=\"article:modified_time\" content=\"2026-02-16T09:07:40+00:00\" \/>\n<script type=\"application\/ld+json\" class=\"yoast-schema-graph\">{\"@context\":\"https:\/\/schema.org\",\"@graph\":[{\"@type\":\"WebPage\",\"@id\":\"https:\/\/casino-site-amp100.top\/az\/esports-betting-az\/\",\"url\":\"https:\/\/casino-site-amp100.top\/az\/esports-betting-az\/\",\"name\":\"E-idmana canl\u0131 v\u0259 etibarl\u0131 bukmeker kontorunda oyundan \u0259vv\u0259l nec\u0259 m\u0259rc etm\u0259k olar?\",\"isPartOf\":{\"@id\":\"https:\/\/casino-site-amp100.top\/#website\"},\"datePublished\":\"2026-02-16T09:07:10+00:00\",\"dateModified\":\"2026-02-16T09:07:40+00:00\",\"description\":\"Y\u00fcks\u0259k \u0259msal\u0131 olan esporlara m\u0259rc ed\u0259rk\u0259n, komandan\u0131n statistikas\u0131n\u0131 diqq\u0259tl\u0259 \u00f6yr\u0259nm\u0259li, h\u0259m\u00e7inin cari t\u0259rkibi v\u0259 ba\u015f-ba\u015fa mat\u00e7lardak\u0131 performans\u0131 n\u0259z\u0259r\u0259 almal\u0131s\u0131n\u0131z.\",\"breadcrumb\":{\"@id\":\"https:\/\/casino-site-amp100.top\/az\/esports-betting-az\/#breadcrumb\"},\"inLanguage\":\"ru-RU\",\"potentialAction\":[{\"@type\":\"ReadAction\",\"target\":[\"https:\/\/casino-site-amp100.top\/az\/esports-betting-az\/\"]}]},{\"@type\":\"BreadcrumbList\",\"@id\":\"https:\/\/casino-site-amp100.top\/az\/esports-betting-az\/#breadcrumb\",\"itemListElement\":[{\"@type\":\"ListItem\",\"position\":1,\"name\":\"Home\",\"item\":\"https:\/\/casino-site-amp100.top\/\"},{\"@type\":\"ListItem\",\"position\":2,\"name\":\"Esports m\u0259rcl\u0259ri\"}]},{\"@type\":\"WebSite\",\"@id\":\"https:\/\/casino-site-amp100.top\/#website\",\"url\":\"https:\/\/casino-site-amp100.top\/\",\"name\":\"casino-site-amp100.top\",\"description\":\"\",\"potentialAction\":[{\"@type\":\"SearchAction\",\"target\":{\"@type\":\"EntryPoint\",\"urlTemplate\":\"https:\/\/casino-site-amp100.top\/?s={search_term_string}\"},\"query-input\":{\"@type\":\"PropertyValueSpecification\",\"valueRequired\":true,\"valueName\":\"search_term_string\"}}],\"inLanguage\":\"ru-RU\"}]}<\/script>\n<!-- \/ Yoast SEO plugin. -->","yoast_head_json":{"title":"E-idmana canl\u0131 v\u0259 etibarl\u0131 bukmeker kontorunda oyundan \u0259vv\u0259l nec\u0259 m\u0259rc etm\u0259k olar?","description":"Y\u00fcks\u0259k \u0259msal\u0131 olan esporlara m\u0259rc ed\u0259rk\u0259n, komandan\u0131n statistikas\u0131n\u0131 diqq\u0259tl\u0259 \u00f6yr\u0259nm\u0259li, h\u0259m\u00e7inin cari t\u0259rkibi v\u0259 ba\u015f-ba\u015fa mat\u00e7lardak\u0131 performans\u0131 n\u0259z\u0259r\u0259 almal\u0131s\u0131n\u0131z.","robots":{"index":"index","follow":"follow","max-snippet":"max-snippet:-1","max-image-preview":"max-image-preview:large","max-video-preview":"max-video-preview:-1"},"canonical":"https:\/\/casino-site-amp100.top\/az\/esports-betting-az\/","og_locale":"ru_RU","og_type":"article","og_title":"E-idmana canl\u0131 v\u0259 etibarl\u0131 bukmeker kontorunda oyundan \u0259vv\u0259l nec\u0259 m\u0259rc etm\u0259k olar?","og_description":"Y\u00fcks\u0259k \u0259msal\u0131 olan esporlara m\u0259rc ed\u0259rk\u0259n, komandan\u0131n statistikas\u0131n\u0131 diqq\u0259tl\u0259 \u00f6yr\u0259nm\u0259li, h\u0259m\u00e7inin cari t\u0259rkibi v\u0259 ba\u015f-ba\u015fa mat\u00e7lardak\u0131 performans\u0131 n\u0259z\u0259r\u0259 almal\u0131s\u0131n\u0131z.","og_url":"https:\/\/casino-site-amp100.top\/az\/esports-betting-az\/","og_site_name":"casino-site-amp100.top","article_modified_time":"2026-02-16T09:07:40+00:00","schema":{"@context":"https:\/\/schema.org","@graph":[{"@type":"WebPage","@id":"https:\/\/casino-site-amp100.top\/az\/esports-betting-az\/","url":"https:\/\/casino-site-amp100.top\/az\/esports-betting-az\/","name":"E-idmana canl\u0131 v\u0259 etibarl\u0131 bukmeker kontorunda oyundan \u0259vv\u0259l nec\u0259 m\u0259rc etm\u0259k olar?","isPartOf":{"@id":"https:\/\/casino-site-amp100.top\/#website"},"datePublished":"2026-02-16T09:07:10+00:00","dateModified":"2026-02-16T09:07:40+00:00","description":"Y\u00fcks\u0259k \u0259msal\u0131 olan esporlara m\u0259rc ed\u0259rk\u0259n, komandan\u0131n statistikas\u0131n\u0131 diqq\u0259tl\u0259 \u00f6yr\u0259nm\u0259li, h\u0259m\u00e7inin cari t\u0259rkibi v\u0259 ba\u015f-ba\u015fa mat\u00e7lardak\u0131 performans\u0131 n\u0259z\u0259r\u0259 almal\u0131s\u0131n\u0131z.","breadcrumb":{"@id":"https:\/\/casino-site-amp100.top\/az\/esports-betting-az\/#breadcrumb"},"inLanguage":"ru-RU","potentialAction":[{"@type":"ReadAction","target":["https:\/\/casino-site-amp100.top\/az\/esports-betting-az\/"]}]},{"@type":"BreadcrumbList","@id":"https:\/\/casino-site-amp100.top\/az\/esports-betting-az\/#breadcrumb","itemListElement":[{"@type":"ListItem","position":1,"name":"Home","item":"https:\/\/casino-site-amp100.top\/"},{"@type":"ListItem","position":2,"name":"Esports m\u0259rcl\u0259ri"}]},{"@type":"WebSite","@id":"https:\/\/casino-site-amp100.top\/#website","url":"https:\/\/casino-site-amp100.top\/","name":"casino-site-amp100.top","description":"","potentialAction":[{"@type":"SearchAction","target":{"@type":"EntryPoint","urlTemplate":"https:\/\/casino-site-amp100.top\/?s={search_term_string}"},"query-input":{"@type":"PropertyValueSpecification","valueRequired":true,"valueName":"search_term_string"}}],"inLanguage":"ru-RU"}]}},"amp_enabled":true,"_links":{"self":[{"href":"https:\/\/casino-site-amp100.top\/wp-json\/wp\/v2\/pages\/3023","targetHints":{"allow":["GET"]}}],"collection":[{"href":"https:\/\/casino-site-amp100.top\/wp-json\/wp\/v2\/pages"}],"about":[{"href":"https:\/\/casino-site-amp100.top\/wp-json\/wp\/v2\/types\/page"}],"author":[{"embeddable":true,"href":"https:\/\/casino-site-amp100.top\/wp-json\/wp\/v2\/users\/1"}],"replies":[{"embeddable":true,"href":"https:\/\/casino-site-amp100.top\/wp-json\/wp\/v2\/comments?post=3023"}],"version-history":[{"count":1,"href":"https:\/\/casino-site-amp100.top\/wp-json\/wp\/v2\/pages\/3023\/revisions"}],"predecessor-version":[{"id":3024,"href":"https:\/\/casino-site-amp100.top\/wp-json\/wp\/v2\/pages\/3023\/revisions\/3024"}],"wp:attachment":[{"href":"https:\/\/casino-site-amp100.top\/wp-json\/wp\/v2\/media?parent=3023"}],"curies":[{"name":"wp","href":"https:\/\/api.w.org\/{rel}","templated":true}]}}