{"id":2967,"date":"2026-02-13T23:25:33","date_gmt":"2026-02-13T21:25:33","guid":{"rendered":"https:\/\/casino-site-amp100.top\/?page_id=2967"},"modified":"2026-02-13T23:25:57","modified_gmt":"2026-02-13T21:25:57","slug":"basketball-betting-az","status":"publish","type":"page","link":"https:\/\/casino-site-amp100.top\/az\/basketball-betting-az\/","title":{"rendered":"Basketbol m\u0259rcl\u0259ri"},"content":{"rendered":"","protected":false},"excerpt":{"rendered":"","protected":false},"author":1,"featured_media":0,"parent":0,"menu_order":0,"comment_status":"closed","ping_status":"closed","template":"home-new.php","meta":{"_acf_changed":false,"footnotes":""},"class_list":["post-2967","page","type-page","status-publish","hentry"],"acf":[],"yoast_head":"<!-- This site is optimized with the Yoast SEO plugin v27.0 - https:\/\/yoast.com\/product\/yoast-seo-wordpress\/ -->\n<title>Etibarl\u0131 bukmeker kontorunda basketbola nec\u0259 m\u0259rc etm\u0259k olar?<\/title>\n<meta name=\"description\" content=\"M\u00fcasir bukmeker kontorunun xidm\u0259tl\u0259rind\u0259n istifad\u0259 ed\u0259n oyun\u00e7ular ist\u0259nil\u0259n vaxt basketbola canl\u0131 v\u0259 oyun\u00f6nc\u0259si m\u0259rc etm\u0259k imkan\u0131 \u0259ld\u0259 ed\u0259c\u0259kl\u0259r. Sad\u0259c\u0259 bir taktika se\u00e7m\u0259k v\u0259 proqnozlarla tan\u0131\u015f olmaq laz\u0131md\u0131r\" \/>\n<meta name=\"robots\" content=\"index, follow, max-snippet:-1, max-image-preview:large, max-video-preview:-1\" \/>\n<link rel=\"canonical\" href=\"https:\/\/casino-site-amp100.top\/az\/basketball-betting-az\/\" \/>\n<meta property=\"og:locale\" content=\"ru_RU\" \/>\n<meta property=\"og:type\" content=\"article\" \/>\n<meta property=\"og:title\" content=\"Etibarl\u0131 bukmeker kontorunda basketbola nec\u0259 m\u0259rc etm\u0259k olar?\" \/>\n<meta property=\"og:description\" content=\"M\u00fcasir bukmeker kontorunun xidm\u0259tl\u0259rind\u0259n istifad\u0259 ed\u0259n oyun\u00e7ular ist\u0259nil\u0259n vaxt basketbola canl\u0131 v\u0259 oyun\u00f6nc\u0259si m\u0259rc etm\u0259k imkan\u0131 \u0259ld\u0259 ed\u0259c\u0259kl\u0259r. Sad\u0259c\u0259 bir taktika se\u00e7m\u0259k v\u0259 proqnozlarla tan\u0131\u015f olmaq laz\u0131md\u0131r\" \/>\n<meta property=\"og:url\" content=\"https:\/\/casino-site-amp100.top\/az\/basketball-betting-az\/\" \/>\n<meta property=\"og:site_name\" content=\"casino-site-amp100.top\" \/>\n<meta property=\"article:modified_time\" content=\"2026-02-13T21:25:57+00:00\" \/>\n<script type=\"application\/ld+json\" class=\"yoast-schema-graph\">{\"@context\":\"https:\/\/schema.org\",\"@graph\":[{\"@type\":\"WebPage\",\"@id\":\"https:\/\/casino-site-amp100.top\/az\/basketball-betting-az\/\",\"url\":\"https:\/\/casino-site-amp100.top\/az\/basketball-betting-az\/\",\"name\":\"Etibarl\u0131 bukmeker kontorunda basketbola nec\u0259 m\u0259rc etm\u0259k olar?\",\"isPartOf\":{\"@id\":\"https:\/\/casino-site-amp100.top\/#website\"},\"datePublished\":\"2026-02-13T21:25:33+00:00\",\"dateModified\":\"2026-02-13T21:25:57+00:00\",\"description\":\"M\u00fcasir bukmeker kontorunun xidm\u0259tl\u0259rind\u0259n istifad\u0259 ed\u0259n oyun\u00e7ular ist\u0259nil\u0259n vaxt basketbola canl\u0131 v\u0259 oyun\u00f6nc\u0259si m\u0259rc etm\u0259k imkan\u0131 \u0259ld\u0259 ed\u0259c\u0259kl\u0259r. Sad\u0259c\u0259 bir taktika se\u00e7m\u0259k v\u0259 proqnozlarla tan\u0131\u015f olmaq laz\u0131md\u0131r\",\"breadcrumb\":{\"@id\":\"https:\/\/casino-site-amp100.top\/az\/basketball-betting-az\/#breadcrumb\"},\"inLanguage\":\"ru-RU\",\"potentialAction\":[{\"@type\":\"ReadAction\",\"target\":[\"https:\/\/casino-site-amp100.top\/az\/basketball-betting-az\/\"]}]},{\"@type\":\"BreadcrumbList\",\"@id\":\"https:\/\/casino-site-amp100.top\/az\/basketball-betting-az\/#breadcrumb\",\"itemListElement\":[{\"@type\":\"ListItem\",\"position\":1,\"name\":\"Home\",\"item\":\"https:\/\/casino-site-amp100.top\/\"},{\"@type\":\"ListItem\",\"position\":2,\"name\":\"Basketbol m\u0259rcl\u0259ri\"}]},{\"@type\":\"WebSite\",\"@id\":\"https:\/\/casino-site-amp100.top\/#website\",\"url\":\"https:\/\/casino-site-amp100.top\/\",\"name\":\"casino-site-amp100.top\",\"description\":\"\",\"potentialAction\":[{\"@type\":\"SearchAction\",\"target\":{\"@type\":\"EntryPoint\",\"urlTemplate\":\"https:\/\/casino-site-amp100.top\/?s={search_term_string}\"},\"query-input\":{\"@type\":\"PropertyValueSpecification\",\"valueRequired\":true,\"valueName\":\"search_term_string\"}}],\"inLanguage\":\"ru-RU\"}]}<\/script>\n<!-- \/ Yoast SEO plugin. -->","yoast_head_json":{"title":"Etibarl\u0131 bukmeker kontorunda basketbola nec\u0259 m\u0259rc etm\u0259k olar?","description":"M\u00fcasir bukmeker kontorunun xidm\u0259tl\u0259rind\u0259n istifad\u0259 ed\u0259n oyun\u00e7ular ist\u0259nil\u0259n vaxt basketbola canl\u0131 v\u0259 oyun\u00f6nc\u0259si m\u0259rc etm\u0259k imkan\u0131 \u0259ld\u0259 ed\u0259c\u0259kl\u0259r. Sad\u0259c\u0259 bir taktika se\u00e7m\u0259k v\u0259 proqnozlarla tan\u0131\u015f olmaq laz\u0131md\u0131r","robots":{"index":"index","follow":"follow","max-snippet":"max-snippet:-1","max-image-preview":"max-image-preview:large","max-video-preview":"max-video-preview:-1"},"canonical":"https:\/\/casino-site-amp100.top\/az\/basketball-betting-az\/","og_locale":"ru_RU","og_type":"article","og_title":"Etibarl\u0131 bukmeker kontorunda basketbola nec\u0259 m\u0259rc etm\u0259k olar?","og_description":"M\u00fcasir bukmeker kontorunun xidm\u0259tl\u0259rind\u0259n istifad\u0259 ed\u0259n oyun\u00e7ular ist\u0259nil\u0259n vaxt basketbola canl\u0131 v\u0259 oyun\u00f6nc\u0259si m\u0259rc etm\u0259k imkan\u0131 \u0259ld\u0259 ed\u0259c\u0259kl\u0259r. Sad\u0259c\u0259 bir taktika se\u00e7m\u0259k v\u0259 proqnozlarla tan\u0131\u015f olmaq laz\u0131md\u0131r","og_url":"https:\/\/casino-site-amp100.top\/az\/basketball-betting-az\/","og_site_name":"casino-site-amp100.top","article_modified_time":"2026-02-13T21:25:57+00:00","schema":{"@context":"https:\/\/schema.org","@graph":[{"@type":"WebPage","@id":"https:\/\/casino-site-amp100.top\/az\/basketball-betting-az\/","url":"https:\/\/casino-site-amp100.top\/az\/basketball-betting-az\/","name":"Etibarl\u0131 bukmeker kontorunda basketbola nec\u0259 m\u0259rc etm\u0259k olar?","isPartOf":{"@id":"https:\/\/casino-site-amp100.top\/#website"},"datePublished":"2026-02-13T21:25:33+00:00","dateModified":"2026-02-13T21:25:57+00:00","description":"M\u00fcasir bukmeker kontorunun xidm\u0259tl\u0259rind\u0259n istifad\u0259 ed\u0259n oyun\u00e7ular ist\u0259nil\u0259n vaxt basketbola canl\u0131 v\u0259 oyun\u00f6nc\u0259si m\u0259rc etm\u0259k imkan\u0131 \u0259ld\u0259 ed\u0259c\u0259kl\u0259r. Sad\u0259c\u0259 bir taktika se\u00e7m\u0259k v\u0259 proqnozlarla tan\u0131\u015f olmaq laz\u0131md\u0131r","breadcrumb":{"@id":"https:\/\/casino-site-amp100.top\/az\/basketball-betting-az\/#breadcrumb"},"inLanguage":"ru-RU","potentialAction":[{"@type":"ReadAction","target":["https:\/\/casino-site-amp100.top\/az\/basketball-betting-az\/"]}]},{"@type":"BreadcrumbList","@id":"https:\/\/casino-site-amp100.top\/az\/basketball-betting-az\/#breadcrumb","itemListElement":[{"@type":"ListItem","position":1,"name":"Home","item":"https:\/\/casino-site-amp100.top\/"},{"@type":"ListItem","position":2,"name":"Basketbol m\u0259rcl\u0259ri"}]},{"@type":"WebSite","@id":"https:\/\/casino-site-amp100.top\/#website","url":"https:\/\/casino-site-amp100.top\/","name":"casino-site-amp100.top","description":"","potentialAction":[{"@type":"SearchAction","target":{"@type":"EntryPoint","urlTemplate":"https:\/\/casino-site-amp100.top\/?s={search_term_string}"},"query-input":{"@type":"PropertyValueSpecification","valueRequired":true,"valueName":"search_term_string"}}],"inLanguage":"ru-RU"}]}},"amp_enabled":true,"_links":{"self":[{"href":"https:\/\/casino-site-amp100.top\/wp-json\/wp\/v2\/pages\/2967","targetHints":{"allow":["GET"]}}],"collection":[{"href":"https:\/\/casino-site-amp100.top\/wp-json\/wp\/v2\/pages"}],"about":[{"href":"https:\/\/casino-site-amp100.top\/wp-json\/wp\/v2\/types\/page"}],"author":[{"embeddable":true,"href":"https:\/\/casino-site-amp100.top\/wp-json\/wp\/v2\/users\/1"}],"replies":[{"embeddable":true,"href":"https:\/\/casino-site-amp100.top\/wp-json\/wp\/v2\/comments?post=2967"}],"version-history":[{"count":1,"href":"https:\/\/casino-site-amp100.top\/wp-json\/wp\/v2\/pages\/2967\/revisions"}],"predecessor-version":[{"id":2968,"href":"https:\/\/casino-site-amp100.top\/wp-json\/wp\/v2\/pages\/2967\/revisions\/2968"}],"wp:attachment":[{"href":"https:\/\/casino-site-amp100.top\/wp-json\/wp\/v2\/media?parent=2967"}],"curies":[{"name":"wp","href":"https:\/\/api.w.org\/{rel}","templated":true}]}}