{"id":2957,"date":"2026-02-13T15:19:29","date_gmt":"2026-02-13T13:19:29","guid":{"rendered":"https:\/\/casino-site-amp100.top\/?page_id=2957"},"modified":"2026-02-13T15:19:29","modified_gmt":"2026-02-13T13:19:29","slug":"tr-bahisleri","status":"publish","type":"page","link":"https:\/\/casino-site-amp100.top\/tr\/tr-bahisleri\/","title":{"rendered":"TR bahisleri"},"content":{"rendered":"","protected":false},"excerpt":{"rendered":"","protected":false},"author":1,"featured_media":0,"parent":0,"menu_order":0,"comment_status":"closed","ping_status":"closed","template":"home-new.php","meta":{"_acf_changed":false,"footnotes":""},"class_list":["post-2957","page","type-page","status-publish","hentry"],"acf":[],"yoast_head":"<!-- This site is optimized with the Yoast SEO plugin v27.0 - https:\/\/yoast.com\/product\/yoast-seo-wordpress\/ -->\n<title>TR bahisleri: Yeni ba\u015flayanlar\u0131n ilk bahislerinden \u00f6nce bilmeleri gerekenler<\/title>\n<meta name=\"description\" content=\"TR spor m\u00fcsabakalar\u0131na bahis nas\u0131l yap\u0131l\u0131r? Hangi sporlara bahis oynayabilirsiniz? Oyunculara hangi bahis t\u00fcrleri sunuluyor? T\u00fcrkiye&#039;de Online Spor Bahislerinin Faydalar\u0131 Nelerdir? Bahis oynamak i\u00e7in en uygun ko\u015fullar nerede?\" \/>\n<meta name=\"robots\" content=\"index, follow, max-snippet:-1, max-image-preview:large, max-video-preview:-1\" \/>\n<link rel=\"canonical\" href=\"https:\/\/casino-site-amp100.top\/tr\/tr-bahisleri\/\" \/>\n<meta property=\"og:locale\" content=\"ru_RU\" \/>\n<meta property=\"og:type\" content=\"article\" \/>\n<meta property=\"og:title\" content=\"TR bahisleri: Yeni ba\u015flayanlar\u0131n ilk bahislerinden \u00f6nce bilmeleri gerekenler\" \/>\n<meta property=\"og:description\" content=\"TR spor m\u00fcsabakalar\u0131na bahis nas\u0131l yap\u0131l\u0131r? Hangi sporlara bahis oynayabilirsiniz? Oyunculara hangi bahis t\u00fcrleri sunuluyor? T\u00fcrkiye&#039;de Online Spor Bahislerinin Faydalar\u0131 Nelerdir? Bahis oynamak i\u00e7in en uygun ko\u015fullar nerede?\" \/>\n<meta property=\"og:url\" content=\"https:\/\/casino-site-amp100.top\/tr\/tr-bahisleri\/\" \/>\n<meta property=\"og:site_name\" content=\"casino-site-amp100.top\" \/>\n<script type=\"application\/ld+json\" class=\"yoast-schema-graph\">{\"@context\":\"https:\/\/schema.org\",\"@graph\":[{\"@type\":\"WebPage\",\"@id\":\"https:\/\/casino-site-amp100.top\/tr\/tr-bahisleri\/\",\"url\":\"https:\/\/casino-site-amp100.top\/tr\/tr-bahisleri\/\",\"name\":\"TR bahisleri: Yeni ba\u015flayanlar\u0131n ilk bahislerinden \u00f6nce bilmeleri gerekenler\",\"isPartOf\":{\"@id\":\"https:\/\/casino-site-amp100.top\/#website\"},\"datePublished\":\"2026-02-13T13:19:29+00:00\",\"description\":\"TR spor m\u00fcsabakalar\u0131na bahis nas\u0131l yap\u0131l\u0131r? Hangi sporlara bahis oynayabilirsiniz? Oyunculara hangi bahis t\u00fcrleri sunuluyor? T\u00fcrkiye'de Online Spor Bahislerinin Faydalar\u0131 Nelerdir? Bahis oynamak i\u00e7in en uygun ko\u015fullar nerede?\",\"breadcrumb\":{\"@id\":\"https:\/\/casino-site-amp100.top\/tr\/tr-bahisleri\/#breadcrumb\"},\"inLanguage\":\"ru-RU\",\"potentialAction\":[{\"@type\":\"ReadAction\",\"target\":[\"https:\/\/casino-site-amp100.top\/tr\/tr-bahisleri\/\"]}]},{\"@type\":\"BreadcrumbList\",\"@id\":\"https:\/\/casino-site-amp100.top\/tr\/tr-bahisleri\/#breadcrumb\",\"itemListElement\":[{\"@type\":\"ListItem\",\"position\":1,\"name\":\"Home\",\"item\":\"https:\/\/casino-site-amp100.top\/\"},{\"@type\":\"ListItem\",\"position\":2,\"name\":\"TR bahisleri\"}]},{\"@type\":\"WebSite\",\"@id\":\"https:\/\/casino-site-amp100.top\/#website\",\"url\":\"https:\/\/casino-site-amp100.top\/\",\"name\":\"casino-site-amp100.top\",\"description\":\"\",\"potentialAction\":[{\"@type\":\"SearchAction\",\"target\":{\"@type\":\"EntryPoint\",\"urlTemplate\":\"https:\/\/casino-site-amp100.top\/?s={search_term_string}\"},\"query-input\":{\"@type\":\"PropertyValueSpecification\",\"valueRequired\":true,\"valueName\":\"search_term_string\"}}],\"inLanguage\":\"ru-RU\"}]}<\/script>\n<!-- \/ Yoast SEO plugin. -->","yoast_head_json":{"title":"TR bahisleri: Yeni ba\u015flayanlar\u0131n ilk bahislerinden \u00f6nce bilmeleri gerekenler","description":"TR spor m\u00fcsabakalar\u0131na bahis nas\u0131l yap\u0131l\u0131r? Hangi sporlara bahis oynayabilirsiniz? Oyunculara hangi bahis t\u00fcrleri sunuluyor? T\u00fcrkiye'de Online Spor Bahislerinin Faydalar\u0131 Nelerdir? Bahis oynamak i\u00e7in en uygun ko\u015fullar nerede?","robots":{"index":"index","follow":"follow","max-snippet":"max-snippet:-1","max-image-preview":"max-image-preview:large","max-video-preview":"max-video-preview:-1"},"canonical":"https:\/\/casino-site-amp100.top\/tr\/tr-bahisleri\/","og_locale":"ru_RU","og_type":"article","og_title":"TR bahisleri: Yeni ba\u015flayanlar\u0131n ilk bahislerinden \u00f6nce bilmeleri gerekenler","og_description":"TR spor m\u00fcsabakalar\u0131na bahis nas\u0131l yap\u0131l\u0131r? Hangi sporlara bahis oynayabilirsiniz? Oyunculara hangi bahis t\u00fcrleri sunuluyor? T\u00fcrkiye'de Online Spor Bahislerinin Faydalar\u0131 Nelerdir? Bahis oynamak i\u00e7in en uygun ko\u015fullar nerede?","og_url":"https:\/\/casino-site-amp100.top\/tr\/tr-bahisleri\/","og_site_name":"casino-site-amp100.top","schema":{"@context":"https:\/\/schema.org","@graph":[{"@type":"WebPage","@id":"https:\/\/casino-site-amp100.top\/tr\/tr-bahisleri\/","url":"https:\/\/casino-site-amp100.top\/tr\/tr-bahisleri\/","name":"TR bahisleri: Yeni ba\u015flayanlar\u0131n ilk bahislerinden \u00f6nce bilmeleri gerekenler","isPartOf":{"@id":"https:\/\/casino-site-amp100.top\/#website"},"datePublished":"2026-02-13T13:19:29+00:00","description":"TR spor m\u00fcsabakalar\u0131na bahis nas\u0131l yap\u0131l\u0131r? Hangi sporlara bahis oynayabilirsiniz? Oyunculara hangi bahis t\u00fcrleri sunuluyor? T\u00fcrkiye'de Online Spor Bahislerinin Faydalar\u0131 Nelerdir? Bahis oynamak i\u00e7in en uygun ko\u015fullar nerede?","breadcrumb":{"@id":"https:\/\/casino-site-amp100.top\/tr\/tr-bahisleri\/#breadcrumb"},"inLanguage":"ru-RU","potentialAction":[{"@type":"ReadAction","target":["https:\/\/casino-site-amp100.top\/tr\/tr-bahisleri\/"]}]},{"@type":"BreadcrumbList","@id":"https:\/\/casino-site-amp100.top\/tr\/tr-bahisleri\/#breadcrumb","itemListElement":[{"@type":"ListItem","position":1,"name":"Home","item":"https:\/\/casino-site-amp100.top\/"},{"@type":"ListItem","position":2,"name":"TR bahisleri"}]},{"@type":"WebSite","@id":"https:\/\/casino-site-amp100.top\/#website","url":"https:\/\/casino-site-amp100.top\/","name":"casino-site-amp100.top","description":"","potentialAction":[{"@type":"SearchAction","target":{"@type":"EntryPoint","urlTemplate":"https:\/\/casino-site-amp100.top\/?s={search_term_string}"},"query-input":{"@type":"PropertyValueSpecification","valueRequired":true,"valueName":"search_term_string"}}],"inLanguage":"ru-RU"}]}},"amp_enabled":true,"_links":{"self":[{"href":"https:\/\/casino-site-amp100.top\/wp-json\/wp\/v2\/pages\/2957","targetHints":{"allow":["GET"]}}],"collection":[{"href":"https:\/\/casino-site-amp100.top\/wp-json\/wp\/v2\/pages"}],"about":[{"href":"https:\/\/casino-site-amp100.top\/wp-json\/wp\/v2\/types\/page"}],"author":[{"embeddable":true,"href":"https:\/\/casino-site-amp100.top\/wp-json\/wp\/v2\/users\/1"}],"replies":[{"embeddable":true,"href":"https:\/\/casino-site-amp100.top\/wp-json\/wp\/v2\/comments?post=2957"}],"version-history":[{"count":1,"href":"https:\/\/casino-site-amp100.top\/wp-json\/wp\/v2\/pages\/2957\/revisions"}],"predecessor-version":[{"id":2958,"href":"https:\/\/casino-site-amp100.top\/wp-json\/wp\/v2\/pages\/2957\/revisions\/2958"}],"wp:attachment":[{"href":"https:\/\/casino-site-amp100.top\/wp-json\/wp\/v2\/media?parent=2957"}],"curies":[{"name":"wp","href":"https:\/\/api.w.org\/{rel}","templated":true}]}}