{"id":2948,"date":"2026-02-13T15:06:45","date_gmt":"2026-02-13T13:06:45","guid":{"rendered":"https:\/\/casino-site-amp100.top\/?page_id=2948"},"modified":"2026-02-13T15:06:45","modified_gmt":"2026-02-13T13:06:45","slug":"az-m%c9%99rcl%c9%99ri","status":"publish","type":"page","link":"https:\/\/casino-site-amp100.top\/az\/az-m%c9%99rcl%c9%99ri\/","title":{"rendered":"AZ m\u0259rcl\u0259ri"},"content":{"rendered":"","protected":false},"excerpt":{"rendered":"","protected":false},"author":1,"featured_media":0,"parent":0,"menu_order":0,"comment_status":"closed","ping_status":"closed","template":"home-new.php","meta":{"_acf_changed":false,"footnotes":""},"class_list":["post-2948","page","type-page","status-publish","hentry"],"acf":[],"yoast_head":"<!-- This site is optimized with the Yoast SEO plugin v27.0 - https:\/\/yoast.com\/product\/yoast-seo-wordpress\/ -->\n<title>AZ m\u0259rc: yeni ba\u015flayanlar ilk m\u0259rcd\u0259n \u0259vv\u0259l n\u0259yi bilm\u0259lidirl\u0259r<\/title>\n<meta name=\"description\" content=\"\u0130dman t\u0259dbirl\u0259rin\u0259 AZ m\u0259rcl\u0259ri nec\u0259 i\u015fl\u0259yir? Hans\u0131 idmana m\u0259rc ed\u0259 bil\u0259rsiniz? Oyun\u00e7ular \u00fc\u00e7\u00fcn hans\u0131 m\u0259rc n\u00f6vl\u0259ri m\u00f6vcuddur? Az\u0259rbaycanda onlayn idman m\u0259rc oyunlar\u0131n\u0131n faydalar\u0131? Bahis \u00fc\u00e7\u00fcn \u0259n \u0259lveri\u015fli \u015f\u0259rtl\u0259r haradad\u0131r?\" \/>\n<meta name=\"robots\" content=\"index, follow, max-snippet:-1, max-image-preview:large, max-video-preview:-1\" \/>\n<link rel=\"canonical\" href=\"https:\/\/casino-site-amp100.top\/az\/az-m\u0259rcl\u0259ri\/\" \/>\n<meta property=\"og:locale\" content=\"ru_RU\" \/>\n<meta property=\"og:type\" content=\"article\" \/>\n<meta property=\"og:title\" content=\"AZ m\u0259rc: yeni ba\u015flayanlar ilk m\u0259rcd\u0259n \u0259vv\u0259l n\u0259yi bilm\u0259lidirl\u0259r\" \/>\n<meta property=\"og:description\" content=\"\u0130dman t\u0259dbirl\u0259rin\u0259 AZ m\u0259rcl\u0259ri nec\u0259 i\u015fl\u0259yir? Hans\u0131 idmana m\u0259rc ed\u0259 bil\u0259rsiniz? Oyun\u00e7ular \u00fc\u00e7\u00fcn hans\u0131 m\u0259rc n\u00f6vl\u0259ri m\u00f6vcuddur? Az\u0259rbaycanda onlayn idman m\u0259rc oyunlar\u0131n\u0131n faydalar\u0131? Bahis \u00fc\u00e7\u00fcn \u0259n \u0259lveri\u015fli \u015f\u0259rtl\u0259r haradad\u0131r?\" \/>\n<meta property=\"og:url\" content=\"https:\/\/casino-site-amp100.top\/az\/az-m\u0259rcl\u0259ri\/\" \/>\n<meta property=\"og:site_name\" content=\"casino-site-amp100.top\" \/>\n<script type=\"application\/ld+json\" class=\"yoast-schema-graph\">{\"@context\":\"https:\/\/schema.org\",\"@graph\":[{\"@type\":\"WebPage\",\"@id\":\"https:\/\/casino-site-amp100.top\/az\/az-m%c9%99rcl%c9%99ri\/\",\"url\":\"https:\/\/casino-site-amp100.top\/az\/az-m%c9%99rcl%c9%99ri\/\",\"name\":\"AZ m\u0259rc: yeni ba\u015flayanlar ilk m\u0259rcd\u0259n \u0259vv\u0259l n\u0259yi bilm\u0259lidirl\u0259r\",\"isPartOf\":{\"@id\":\"https:\/\/casino-site-amp100.top\/#website\"},\"datePublished\":\"2026-02-13T13:06:45+00:00\",\"description\":\"\u0130dman t\u0259dbirl\u0259rin\u0259 AZ m\u0259rcl\u0259ri nec\u0259 i\u015fl\u0259yir? Hans\u0131 idmana m\u0259rc ed\u0259 bil\u0259rsiniz? Oyun\u00e7ular \u00fc\u00e7\u00fcn hans\u0131 m\u0259rc n\u00f6vl\u0259ri m\u00f6vcuddur? Az\u0259rbaycanda onlayn idman m\u0259rc oyunlar\u0131n\u0131n faydalar\u0131? Bahis \u00fc\u00e7\u00fcn \u0259n \u0259lveri\u015fli \u015f\u0259rtl\u0259r haradad\u0131r?\",\"breadcrumb\":{\"@id\":\"https:\/\/casino-site-amp100.top\/az\/az-m%c9%99rcl%c9%99ri\/#breadcrumb\"},\"inLanguage\":\"ru-RU\",\"potentialAction\":[{\"@type\":\"ReadAction\",\"target\":[\"https:\/\/casino-site-amp100.top\/az\/az-m%c9%99rcl%c9%99ri\/\"]}]},{\"@type\":\"BreadcrumbList\",\"@id\":\"https:\/\/casino-site-amp100.top\/az\/az-m%c9%99rcl%c9%99ri\/#breadcrumb\",\"itemListElement\":[{\"@type\":\"ListItem\",\"position\":1,\"name\":\"Home\",\"item\":\"https:\/\/casino-site-amp100.top\/\"},{\"@type\":\"ListItem\",\"position\":2,\"name\":\"AZ m\u0259rcl\u0259ri\"}]},{\"@type\":\"WebSite\",\"@id\":\"https:\/\/casino-site-amp100.top\/#website\",\"url\":\"https:\/\/casino-site-amp100.top\/\",\"name\":\"casino-site-amp100.top\",\"description\":\"\",\"potentialAction\":[{\"@type\":\"SearchAction\",\"target\":{\"@type\":\"EntryPoint\",\"urlTemplate\":\"https:\/\/casino-site-amp100.top\/?s={search_term_string}\"},\"query-input\":{\"@type\":\"PropertyValueSpecification\",\"valueRequired\":true,\"valueName\":\"search_term_string\"}}],\"inLanguage\":\"ru-RU\"}]}<\/script>\n<!-- \/ Yoast SEO plugin. -->","yoast_head_json":{"title":"AZ m\u0259rc: yeni ba\u015flayanlar ilk m\u0259rcd\u0259n \u0259vv\u0259l n\u0259yi bilm\u0259lidirl\u0259r","description":"\u0130dman t\u0259dbirl\u0259rin\u0259 AZ m\u0259rcl\u0259ri nec\u0259 i\u015fl\u0259yir? Hans\u0131 idmana m\u0259rc ed\u0259 bil\u0259rsiniz? Oyun\u00e7ular \u00fc\u00e7\u00fcn hans\u0131 m\u0259rc n\u00f6vl\u0259ri m\u00f6vcuddur? Az\u0259rbaycanda onlayn idman m\u0259rc oyunlar\u0131n\u0131n faydalar\u0131? Bahis \u00fc\u00e7\u00fcn \u0259n \u0259lveri\u015fli \u015f\u0259rtl\u0259r haradad\u0131r?","robots":{"index":"index","follow":"follow","max-snippet":"max-snippet:-1","max-image-preview":"max-image-preview:large","max-video-preview":"max-video-preview:-1"},"canonical":"https:\/\/casino-site-amp100.top\/az\/az-m\u0259rcl\u0259ri\/","og_locale":"ru_RU","og_type":"article","og_title":"AZ m\u0259rc: yeni ba\u015flayanlar ilk m\u0259rcd\u0259n \u0259vv\u0259l n\u0259yi bilm\u0259lidirl\u0259r","og_description":"\u0130dman t\u0259dbirl\u0259rin\u0259 AZ m\u0259rcl\u0259ri nec\u0259 i\u015fl\u0259yir? Hans\u0131 idmana m\u0259rc ed\u0259 bil\u0259rsiniz? Oyun\u00e7ular \u00fc\u00e7\u00fcn hans\u0131 m\u0259rc n\u00f6vl\u0259ri m\u00f6vcuddur? Az\u0259rbaycanda onlayn idman m\u0259rc oyunlar\u0131n\u0131n faydalar\u0131? Bahis \u00fc\u00e7\u00fcn \u0259n \u0259lveri\u015fli \u015f\u0259rtl\u0259r haradad\u0131r?","og_url":"https:\/\/casino-site-amp100.top\/az\/az-m\u0259rcl\u0259ri\/","og_site_name":"casino-site-amp100.top","schema":{"@context":"https:\/\/schema.org","@graph":[{"@type":"WebPage","@id":"https:\/\/casino-site-amp100.top\/az\/az-m%c9%99rcl%c9%99ri\/","url":"https:\/\/casino-site-amp100.top\/az\/az-m%c9%99rcl%c9%99ri\/","name":"AZ m\u0259rc: yeni ba\u015flayanlar ilk m\u0259rcd\u0259n \u0259vv\u0259l n\u0259yi bilm\u0259lidirl\u0259r","isPartOf":{"@id":"https:\/\/casino-site-amp100.top\/#website"},"datePublished":"2026-02-13T13:06:45+00:00","description":"\u0130dman t\u0259dbirl\u0259rin\u0259 AZ m\u0259rcl\u0259ri nec\u0259 i\u015fl\u0259yir? Hans\u0131 idmana m\u0259rc ed\u0259 bil\u0259rsiniz? Oyun\u00e7ular \u00fc\u00e7\u00fcn hans\u0131 m\u0259rc n\u00f6vl\u0259ri m\u00f6vcuddur? Az\u0259rbaycanda onlayn idman m\u0259rc oyunlar\u0131n\u0131n faydalar\u0131? Bahis \u00fc\u00e7\u00fcn \u0259n \u0259lveri\u015fli \u015f\u0259rtl\u0259r haradad\u0131r?","breadcrumb":{"@id":"https:\/\/casino-site-amp100.top\/az\/az-m%c9%99rcl%c9%99ri\/#breadcrumb"},"inLanguage":"ru-RU","potentialAction":[{"@type":"ReadAction","target":["https:\/\/casino-site-amp100.top\/az\/az-m%c9%99rcl%c9%99ri\/"]}]},{"@type":"BreadcrumbList","@id":"https:\/\/casino-site-amp100.top\/az\/az-m%c9%99rcl%c9%99ri\/#breadcrumb","itemListElement":[{"@type":"ListItem","position":1,"name":"Home","item":"https:\/\/casino-site-amp100.top\/"},{"@type":"ListItem","position":2,"name":"AZ m\u0259rcl\u0259ri"}]},{"@type":"WebSite","@id":"https:\/\/casino-site-amp100.top\/#website","url":"https:\/\/casino-site-amp100.top\/","name":"casino-site-amp100.top","description":"","potentialAction":[{"@type":"SearchAction","target":{"@type":"EntryPoint","urlTemplate":"https:\/\/casino-site-amp100.top\/?s={search_term_string}"},"query-input":{"@type":"PropertyValueSpecification","valueRequired":true,"valueName":"search_term_string"}}],"inLanguage":"ru-RU"}]}},"amp_enabled":true,"_links":{"self":[{"href":"https:\/\/casino-site-amp100.top\/wp-json\/wp\/v2\/pages\/2948","targetHints":{"allow":["GET"]}}],"collection":[{"href":"https:\/\/casino-site-amp100.top\/wp-json\/wp\/v2\/pages"}],"about":[{"href":"https:\/\/casino-site-amp100.top\/wp-json\/wp\/v2\/types\/page"}],"author":[{"embeddable":true,"href":"https:\/\/casino-site-amp100.top\/wp-json\/wp\/v2\/users\/1"}],"replies":[{"embeddable":true,"href":"https:\/\/casino-site-amp100.top\/wp-json\/wp\/v2\/comments?post=2948"}],"version-history":[{"count":1,"href":"https:\/\/casino-site-amp100.top\/wp-json\/wp\/v2\/pages\/2948\/revisions"}],"predecessor-version":[{"id":2949,"href":"https:\/\/casino-site-amp100.top\/wp-json\/wp\/v2\/pages\/2948\/revisions\/2949"}],"wp:attachment":[{"href":"https:\/\/casino-site-amp100.top\/wp-json\/wp\/v2\/media?parent=2948"}],"curies":[{"name":"wp","href":"https:\/\/api.w.org\/{rel}","templated":true}]}}