{"id":2938,"date":"2026-02-13T14:30:47","date_gmt":"2026-02-13T12:30:47","guid":{"rendered":"https:\/\/casino-site-amp100.top\/?page_id=2938"},"modified":"2026-02-13T14:30:47","modified_gmt":"2026-02-13T12:30:47","slug":"bc-promo-codes-tr","status":"publish","type":"page","link":"https:\/\/casino-site-amp100.top\/tr\/bc-promo-codes-tr\/","title":{"rendered":"BC promo codes-tr"},"content":{"rendered":"","protected":false},"excerpt":{"rendered":"","protected":false},"author":1,"featured_media":0,"parent":0,"menu_order":0,"comment_status":"closed","ping_status":"closed","template":"home-new.php","meta":{"_acf_changed":false,"footnotes":""},"class_list":["post-2938","page","type-page","status-publish","hentry"],"acf":[],"yoast_head":"<!-- This site is optimized with the Yoast SEO plugin v27.0 - https:\/\/yoast.com\/product\/yoast-seo-wordpress\/ -->\n<title>BC T\u00fcrkiye 1xBet i\u00e7in promosyon kodlar\u0131<\/title>\n<meta name=\"description\" content=\"Promosyon kodlar\u0131 BC 1xbet bahis\u00e7ilerinin oyun deneyimini geli\u015ftirir ve ba\u015flang\u0131\u00e7 \u200b\u200bparas\u0131n\u0131 art\u0131r\u0131r. Kay\u0131t s\u0131ras\u0131nda bir promosyon kodunun girilmesi, ho\u015f geldin bonusuna y\u00fczde birka\u00e7 ekleyecektir. G\u00fcncel promosyon kodlar\u0131n\u0131 nerede bulabilirim?\" \/>\n<meta name=\"robots\" content=\"index, follow, max-snippet:-1, max-image-preview:large, max-video-preview:-1\" \/>\n<link rel=\"canonical\" href=\"https:\/\/casino-site-amp100.top\/tr\/bc-promo-codes-tr\/\" \/>\n<meta property=\"og:locale\" content=\"ru_RU\" \/>\n<meta property=\"og:type\" content=\"article\" \/>\n<meta property=\"og:title\" content=\"BC T\u00fcrkiye 1xBet i\u00e7in promosyon kodlar\u0131\" \/>\n<meta property=\"og:description\" content=\"Promosyon kodlar\u0131 BC 1xbet bahis\u00e7ilerinin oyun deneyimini geli\u015ftirir ve ba\u015flang\u0131\u00e7 \u200b\u200bparas\u0131n\u0131 art\u0131r\u0131r. Kay\u0131t s\u0131ras\u0131nda bir promosyon kodunun girilmesi, ho\u015f geldin bonusuna y\u00fczde birka\u00e7 ekleyecektir. G\u00fcncel promosyon kodlar\u0131n\u0131 nerede bulabilirim?\" \/>\n<meta property=\"og:url\" content=\"https:\/\/casino-site-amp100.top\/tr\/bc-promo-codes-tr\/\" \/>\n<meta property=\"og:site_name\" content=\"casino-site-amp100.top\" \/>\n<script type=\"application\/ld+json\" class=\"yoast-schema-graph\">{\"@context\":\"https:\/\/schema.org\",\"@graph\":[{\"@type\":\"WebPage\",\"@id\":\"https:\/\/casino-site-amp100.top\/tr\/bc-promo-codes-tr\/\",\"url\":\"https:\/\/casino-site-amp100.top\/tr\/bc-promo-codes-tr\/\",\"name\":\"BC T\u00fcrkiye 1xBet i\u00e7in promosyon kodlar\u0131\",\"isPartOf\":{\"@id\":\"https:\/\/casino-site-amp100.top\/#website\"},\"datePublished\":\"2026-02-13T12:30:47+00:00\",\"description\":\"Promosyon kodlar\u0131 BC 1xbet bahis\u00e7ilerinin oyun deneyimini geli\u015ftirir ve ba\u015flang\u0131\u00e7 \u200b\u200bparas\u0131n\u0131 art\u0131r\u0131r. Kay\u0131t s\u0131ras\u0131nda bir promosyon kodunun girilmesi, ho\u015f geldin bonusuna y\u00fczde birka\u00e7 ekleyecektir. G\u00fcncel promosyon kodlar\u0131n\u0131 nerede bulabilirim?\",\"breadcrumb\":{\"@id\":\"https:\/\/casino-site-amp100.top\/tr\/bc-promo-codes-tr\/#breadcrumb\"},\"inLanguage\":\"ru-RU\",\"potentialAction\":[{\"@type\":\"ReadAction\",\"target\":[\"https:\/\/casino-site-amp100.top\/tr\/bc-promo-codes-tr\/\"]}]},{\"@type\":\"BreadcrumbList\",\"@id\":\"https:\/\/casino-site-amp100.top\/tr\/bc-promo-codes-tr\/#breadcrumb\",\"itemListElement\":[{\"@type\":\"ListItem\",\"position\":1,\"name\":\"Home\",\"item\":\"https:\/\/casino-site-amp100.top\/\"},{\"@type\":\"ListItem\",\"position\":2,\"name\":\"BC promo codes-tr\"}]},{\"@type\":\"WebSite\",\"@id\":\"https:\/\/casino-site-amp100.top\/#website\",\"url\":\"https:\/\/casino-site-amp100.top\/\",\"name\":\"casino-site-amp100.top\",\"description\":\"\",\"potentialAction\":[{\"@type\":\"SearchAction\",\"target\":{\"@type\":\"EntryPoint\",\"urlTemplate\":\"https:\/\/casino-site-amp100.top\/?s={search_term_string}\"},\"query-input\":{\"@type\":\"PropertyValueSpecification\",\"valueRequired\":true,\"valueName\":\"search_term_string\"}}],\"inLanguage\":\"ru-RU\"}]}<\/script>\n<!-- \/ Yoast SEO plugin. -->","yoast_head_json":{"title":"BC T\u00fcrkiye 1xBet i\u00e7in promosyon kodlar\u0131","description":"Promosyon kodlar\u0131 BC 1xbet bahis\u00e7ilerinin oyun deneyimini geli\u015ftirir ve ba\u015flang\u0131\u00e7 \u200b\u200bparas\u0131n\u0131 art\u0131r\u0131r. Kay\u0131t s\u0131ras\u0131nda bir promosyon kodunun girilmesi, ho\u015f geldin bonusuna y\u00fczde birka\u00e7 ekleyecektir. G\u00fcncel promosyon kodlar\u0131n\u0131 nerede bulabilirim?","robots":{"index":"index","follow":"follow","max-snippet":"max-snippet:-1","max-image-preview":"max-image-preview:large","max-video-preview":"max-video-preview:-1"},"canonical":"https:\/\/casino-site-amp100.top\/tr\/bc-promo-codes-tr\/","og_locale":"ru_RU","og_type":"article","og_title":"BC T\u00fcrkiye 1xBet i\u00e7in promosyon kodlar\u0131","og_description":"Promosyon kodlar\u0131 BC 1xbet bahis\u00e7ilerinin oyun deneyimini geli\u015ftirir ve ba\u015flang\u0131\u00e7 \u200b\u200bparas\u0131n\u0131 art\u0131r\u0131r. Kay\u0131t s\u0131ras\u0131nda bir promosyon kodunun girilmesi, ho\u015f geldin bonusuna y\u00fczde birka\u00e7 ekleyecektir. G\u00fcncel promosyon kodlar\u0131n\u0131 nerede bulabilirim?","og_url":"https:\/\/casino-site-amp100.top\/tr\/bc-promo-codes-tr\/","og_site_name":"casino-site-amp100.top","schema":{"@context":"https:\/\/schema.org","@graph":[{"@type":"WebPage","@id":"https:\/\/casino-site-amp100.top\/tr\/bc-promo-codes-tr\/","url":"https:\/\/casino-site-amp100.top\/tr\/bc-promo-codes-tr\/","name":"BC T\u00fcrkiye 1xBet i\u00e7in promosyon kodlar\u0131","isPartOf":{"@id":"https:\/\/casino-site-amp100.top\/#website"},"datePublished":"2026-02-13T12:30:47+00:00","description":"Promosyon kodlar\u0131 BC 1xbet bahis\u00e7ilerinin oyun deneyimini geli\u015ftirir ve ba\u015flang\u0131\u00e7 \u200b\u200bparas\u0131n\u0131 art\u0131r\u0131r. Kay\u0131t s\u0131ras\u0131nda bir promosyon kodunun girilmesi, ho\u015f geldin bonusuna y\u00fczde birka\u00e7 ekleyecektir. G\u00fcncel promosyon kodlar\u0131n\u0131 nerede bulabilirim?","breadcrumb":{"@id":"https:\/\/casino-site-amp100.top\/tr\/bc-promo-codes-tr\/#breadcrumb"},"inLanguage":"ru-RU","potentialAction":[{"@type":"ReadAction","target":["https:\/\/casino-site-amp100.top\/tr\/bc-promo-codes-tr\/"]}]},{"@type":"BreadcrumbList","@id":"https:\/\/casino-site-amp100.top\/tr\/bc-promo-codes-tr\/#breadcrumb","itemListElement":[{"@type":"ListItem","position":1,"name":"Home","item":"https:\/\/casino-site-amp100.top\/"},{"@type":"ListItem","position":2,"name":"BC promo codes-tr"}]},{"@type":"WebSite","@id":"https:\/\/casino-site-amp100.top\/#website","url":"https:\/\/casino-site-amp100.top\/","name":"casino-site-amp100.top","description":"","potentialAction":[{"@type":"SearchAction","target":{"@type":"EntryPoint","urlTemplate":"https:\/\/casino-site-amp100.top\/?s={search_term_string}"},"query-input":{"@type":"PropertyValueSpecification","valueRequired":true,"valueName":"search_term_string"}}],"inLanguage":"ru-RU"}]}},"amp_enabled":true,"_links":{"self":[{"href":"https:\/\/casino-site-amp100.top\/wp-json\/wp\/v2\/pages\/2938","targetHints":{"allow":["GET"]}}],"collection":[{"href":"https:\/\/casino-site-amp100.top\/wp-json\/wp\/v2\/pages"}],"about":[{"href":"https:\/\/casino-site-amp100.top\/wp-json\/wp\/v2\/types\/page"}],"author":[{"embeddable":true,"href":"https:\/\/casino-site-amp100.top\/wp-json\/wp\/v2\/users\/1"}],"replies":[{"embeddable":true,"href":"https:\/\/casino-site-amp100.top\/wp-json\/wp\/v2\/comments?post=2938"}],"version-history":[{"count":1,"href":"https:\/\/casino-site-amp100.top\/wp-json\/wp\/v2\/pages\/2938\/revisions"}],"predecessor-version":[{"id":2939,"href":"https:\/\/casino-site-amp100.top\/wp-json\/wp\/v2\/pages\/2938\/revisions\/2939"}],"wp:attachment":[{"href":"https:\/\/casino-site-amp100.top\/wp-json\/wp\/v2\/media?parent=2938"}],"curies":[{"name":"wp","href":"https:\/\/api.w.org\/{rel}","templated":true}]}}