{"id":2930,"date":"2026-02-13T14:10:37","date_gmt":"2026-02-13T12:10:37","guid":{"rendered":"https:\/\/casino-site-amp100.top\/?page_id=2930"},"modified":"2026-02-13T14:10:37","modified_gmt":"2026-02-13T12:10:37","slug":"bc-promo-codes-az","status":"publish","type":"page","link":"https:\/\/casino-site-amp100.top\/az\/bc-promo-codes-az\/","title":{"rendered":"BC promo codes-az"},"content":{"rendered":"","protected":false},"excerpt":{"rendered":"","protected":false},"author":1,"featured_media":0,"parent":0,"menu_order":0,"comment_status":"closed","ping_status":"closed","template":"home-new.php","meta":{"_acf_changed":false,"footnotes":""},"class_list":["post-2930","page","type-page","status-publish","hentry"],"acf":[],"yoast_head":"<!-- This site is optimized with the Yoast SEO plugin v27.0 - https:\/\/yoast.com\/product\/yoast-seo-wordpress\/ -->\n<title>BC 1xbet Az\u0259rbaycan \u00fc\u00e7\u00fcn promo kodlar\u0131<\/title>\n<meta name=\"description\" content=\"Promosyon kodlar\u0131 BC 1xbet bests oyun t\u0259cr\u00fcb\u0259sini yax\u015f\u0131la\u015fd\u0131r\u0131r v\u0259 ba\u015flan\u011f\u0131c bankrollu art\u0131r\u0131r. Qeydiyyat zaman\u0131 promosyon kodunu daxil etm\u0259k xo\u015f g\u0259lmisiniz bonusuna bir ne\u00e7\u0259 faiz \u0259lav\u0259 ed\u0259c\u0259k. Cari promosyon kodlar\u0131n\u0131 haradan tapmaq olar.\" \/>\n<meta name=\"robots\" content=\"index, follow, max-snippet:-1, max-image-preview:large, max-video-preview:-1\" \/>\n<link rel=\"canonical\" href=\"https:\/\/casino-site-amp100.top\/az\/bc-promo-codes-az\/\" \/>\n<meta property=\"og:locale\" content=\"ru_RU\" \/>\n<meta property=\"og:type\" content=\"article\" \/>\n<meta property=\"og:title\" content=\"BC 1xbet Az\u0259rbaycan \u00fc\u00e7\u00fcn promo kodlar\u0131\" \/>\n<meta property=\"og:description\" content=\"Promosyon kodlar\u0131 BC 1xbet bests oyun t\u0259cr\u00fcb\u0259sini yax\u015f\u0131la\u015fd\u0131r\u0131r v\u0259 ba\u015flan\u011f\u0131c bankrollu art\u0131r\u0131r. Qeydiyyat zaman\u0131 promosyon kodunu daxil etm\u0259k xo\u015f g\u0259lmisiniz bonusuna bir ne\u00e7\u0259 faiz \u0259lav\u0259 ed\u0259c\u0259k. Cari promosyon kodlar\u0131n\u0131 haradan tapmaq olar.\" \/>\n<meta property=\"og:url\" content=\"https:\/\/casino-site-amp100.top\/az\/bc-promo-codes-az\/\" \/>\n<meta property=\"og:site_name\" content=\"casino-site-amp100.top\" \/>\n<script type=\"application\/ld+json\" class=\"yoast-schema-graph\">{\"@context\":\"https:\/\/schema.org\",\"@graph\":[{\"@type\":\"WebPage\",\"@id\":\"https:\/\/casino-site-amp100.top\/az\/bc-promo-codes-az\/\",\"url\":\"https:\/\/casino-site-amp100.top\/az\/bc-promo-codes-az\/\",\"name\":\"BC 1xbet Az\u0259rbaycan \u00fc\u00e7\u00fcn promo kodlar\u0131\",\"isPartOf\":{\"@id\":\"https:\/\/casino-site-amp100.top\/#website\"},\"datePublished\":\"2026-02-13T12:10:37+00:00\",\"description\":\"Promosyon kodlar\u0131 BC 1xbet bests oyun t\u0259cr\u00fcb\u0259sini yax\u015f\u0131la\u015fd\u0131r\u0131r v\u0259 ba\u015flan\u011f\u0131c bankrollu art\u0131r\u0131r. Qeydiyyat zaman\u0131 promosyon kodunu daxil etm\u0259k xo\u015f g\u0259lmisiniz bonusuna bir ne\u00e7\u0259 faiz \u0259lav\u0259 ed\u0259c\u0259k. Cari promosyon kodlar\u0131n\u0131 haradan tapmaq olar.\",\"breadcrumb\":{\"@id\":\"https:\/\/casino-site-amp100.top\/az\/bc-promo-codes-az\/#breadcrumb\"},\"inLanguage\":\"ru-RU\",\"potentialAction\":[{\"@type\":\"ReadAction\",\"target\":[\"https:\/\/casino-site-amp100.top\/az\/bc-promo-codes-az\/\"]}]},{\"@type\":\"BreadcrumbList\",\"@id\":\"https:\/\/casino-site-amp100.top\/az\/bc-promo-codes-az\/#breadcrumb\",\"itemListElement\":[{\"@type\":\"ListItem\",\"position\":1,\"name\":\"Home\",\"item\":\"https:\/\/casino-site-amp100.top\/\"},{\"@type\":\"ListItem\",\"position\":2,\"name\":\"BC promo codes-az\"}]},{\"@type\":\"WebSite\",\"@id\":\"https:\/\/casino-site-amp100.top\/#website\",\"url\":\"https:\/\/casino-site-amp100.top\/\",\"name\":\"casino-site-amp100.top\",\"description\":\"\",\"potentialAction\":[{\"@type\":\"SearchAction\",\"target\":{\"@type\":\"EntryPoint\",\"urlTemplate\":\"https:\/\/casino-site-amp100.top\/?s={search_term_string}\"},\"query-input\":{\"@type\":\"PropertyValueSpecification\",\"valueRequired\":true,\"valueName\":\"search_term_string\"}}],\"inLanguage\":\"ru-RU\"}]}<\/script>\n<!-- \/ Yoast SEO plugin. -->","yoast_head_json":{"title":"BC 1xbet Az\u0259rbaycan \u00fc\u00e7\u00fcn promo kodlar\u0131","description":"Promosyon kodlar\u0131 BC 1xbet bests oyun t\u0259cr\u00fcb\u0259sini yax\u015f\u0131la\u015fd\u0131r\u0131r v\u0259 ba\u015flan\u011f\u0131c bankrollu art\u0131r\u0131r. Qeydiyyat zaman\u0131 promosyon kodunu daxil etm\u0259k xo\u015f g\u0259lmisiniz bonusuna bir ne\u00e7\u0259 faiz \u0259lav\u0259 ed\u0259c\u0259k. Cari promosyon kodlar\u0131n\u0131 haradan tapmaq olar.","robots":{"index":"index","follow":"follow","max-snippet":"max-snippet:-1","max-image-preview":"max-image-preview:large","max-video-preview":"max-video-preview:-1"},"canonical":"https:\/\/casino-site-amp100.top\/az\/bc-promo-codes-az\/","og_locale":"ru_RU","og_type":"article","og_title":"BC 1xbet Az\u0259rbaycan \u00fc\u00e7\u00fcn promo kodlar\u0131","og_description":"Promosyon kodlar\u0131 BC 1xbet bests oyun t\u0259cr\u00fcb\u0259sini yax\u015f\u0131la\u015fd\u0131r\u0131r v\u0259 ba\u015flan\u011f\u0131c bankrollu art\u0131r\u0131r. Qeydiyyat zaman\u0131 promosyon kodunu daxil etm\u0259k xo\u015f g\u0259lmisiniz bonusuna bir ne\u00e7\u0259 faiz \u0259lav\u0259 ed\u0259c\u0259k. Cari promosyon kodlar\u0131n\u0131 haradan tapmaq olar.","og_url":"https:\/\/casino-site-amp100.top\/az\/bc-promo-codes-az\/","og_site_name":"casino-site-amp100.top","schema":{"@context":"https:\/\/schema.org","@graph":[{"@type":"WebPage","@id":"https:\/\/casino-site-amp100.top\/az\/bc-promo-codes-az\/","url":"https:\/\/casino-site-amp100.top\/az\/bc-promo-codes-az\/","name":"BC 1xbet Az\u0259rbaycan \u00fc\u00e7\u00fcn promo kodlar\u0131","isPartOf":{"@id":"https:\/\/casino-site-amp100.top\/#website"},"datePublished":"2026-02-13T12:10:37+00:00","description":"Promosyon kodlar\u0131 BC 1xbet bests oyun t\u0259cr\u00fcb\u0259sini yax\u015f\u0131la\u015fd\u0131r\u0131r v\u0259 ba\u015flan\u011f\u0131c bankrollu art\u0131r\u0131r. Qeydiyyat zaman\u0131 promosyon kodunu daxil etm\u0259k xo\u015f g\u0259lmisiniz bonusuna bir ne\u00e7\u0259 faiz \u0259lav\u0259 ed\u0259c\u0259k. Cari promosyon kodlar\u0131n\u0131 haradan tapmaq olar.","breadcrumb":{"@id":"https:\/\/casino-site-amp100.top\/az\/bc-promo-codes-az\/#breadcrumb"},"inLanguage":"ru-RU","potentialAction":[{"@type":"ReadAction","target":["https:\/\/casino-site-amp100.top\/az\/bc-promo-codes-az\/"]}]},{"@type":"BreadcrumbList","@id":"https:\/\/casino-site-amp100.top\/az\/bc-promo-codes-az\/#breadcrumb","itemListElement":[{"@type":"ListItem","position":1,"name":"Home","item":"https:\/\/casino-site-amp100.top\/"},{"@type":"ListItem","position":2,"name":"BC promo codes-az"}]},{"@type":"WebSite","@id":"https:\/\/casino-site-amp100.top\/#website","url":"https:\/\/casino-site-amp100.top\/","name":"casino-site-amp100.top","description":"","potentialAction":[{"@type":"SearchAction","target":{"@type":"EntryPoint","urlTemplate":"https:\/\/casino-site-amp100.top\/?s={search_term_string}"},"query-input":{"@type":"PropertyValueSpecification","valueRequired":true,"valueName":"search_term_string"}}],"inLanguage":"ru-RU"}]}},"amp_enabled":true,"_links":{"self":[{"href":"https:\/\/casino-site-amp100.top\/wp-json\/wp\/v2\/pages\/2930","targetHints":{"allow":["GET"]}}],"collection":[{"href":"https:\/\/casino-site-amp100.top\/wp-json\/wp\/v2\/pages"}],"about":[{"href":"https:\/\/casino-site-amp100.top\/wp-json\/wp\/v2\/types\/page"}],"author":[{"embeddable":true,"href":"https:\/\/casino-site-amp100.top\/wp-json\/wp\/v2\/users\/1"}],"replies":[{"embeddable":true,"href":"https:\/\/casino-site-amp100.top\/wp-json\/wp\/v2\/comments?post=2930"}],"version-history":[{"count":1,"href":"https:\/\/casino-site-amp100.top\/wp-json\/wp\/v2\/pages\/2930\/revisions"}],"predecessor-version":[{"id":2931,"href":"https:\/\/casino-site-amp100.top\/wp-json\/wp\/v2\/pages\/2930\/revisions\/2931"}],"wp:attachment":[{"href":"https:\/\/casino-site-amp100.top\/wp-json\/wp\/v2\/media?parent=2930"}],"curies":[{"name":"wp","href":"https:\/\/api.w.org\/{rel}","templated":true}]}}