{"id":2919,"date":"2026-02-13T12:45:00","date_gmt":"2026-02-13T10:45:00","guid":{"rendered":"https:\/\/casino-site-amp100.top\/?page_id=2919"},"modified":"2026-02-13T12:45:00","modified_gmt":"2026-02-13T10:45:00","slug":"bahis-nasil-yapilir","status":"publish","type":"page","link":"https:\/\/casino-site-amp100.top\/tr\/bahis-nasil-yapilir\/","title":{"rendered":"Bahis nas\u0131l yap\u0131l\u0131r"},"content":{"rendered":"","protected":false},"excerpt":{"rendered":"","protected":false},"author":1,"featured_media":0,"parent":0,"menu_order":0,"comment_status":"closed","ping_status":"closed","template":"home-new.php","meta":{"_acf_changed":false,"footnotes":""},"class_list":["post-2919","page","type-page","status-publish","hentry"],"acf":[],"yoast_head":"<!-- This site is optimized with the Yoast SEO plugin v27.0 - https:\/\/yoast.com\/product\/yoast-seo-wordpress\/ -->\n<title>1xBet T\u00fcrkiye&#039;ye nas\u0131l kay\u0131t olunur ve bahis oynan\u0131r<\/title>\n<meta name=\"description\" content=\"Basit bir kay\u0131t i\u015flemini tamamlay\u0131n ve bakiyenize para yat\u0131rarak 1xBet&#039;te online bahis oynay\u0131n. Bahis\u00e7inin web sitesinde mevcut kay\u0131t y\u00f6ntemleri ve \u00f6deme y\u00f6ntemleri\" \/>\n<meta name=\"robots\" content=\"index, follow, max-snippet:-1, max-image-preview:large, max-video-preview:-1\" \/>\n<link rel=\"canonical\" href=\"https:\/\/casino-site-amp100.top\/tr\/bahis-nasil-yapilir\/\" \/>\n<meta property=\"og:locale\" content=\"ru_RU\" \/>\n<meta property=\"og:type\" content=\"article\" \/>\n<meta property=\"og:title\" content=\"1xBet T\u00fcrkiye&#039;ye nas\u0131l kay\u0131t olunur ve bahis oynan\u0131r\" \/>\n<meta property=\"og:description\" content=\"Basit bir kay\u0131t i\u015flemini tamamlay\u0131n ve bakiyenize para yat\u0131rarak 1xBet&#039;te online bahis oynay\u0131n. Bahis\u00e7inin web sitesinde mevcut kay\u0131t y\u00f6ntemleri ve \u00f6deme y\u00f6ntemleri\" \/>\n<meta property=\"og:url\" content=\"https:\/\/casino-site-amp100.top\/tr\/bahis-nasil-yapilir\/\" \/>\n<meta property=\"og:site_name\" content=\"casino-site-amp100.top\" \/>\n<script type=\"application\/ld+json\" class=\"yoast-schema-graph\">{\"@context\":\"https:\/\/schema.org\",\"@graph\":[{\"@type\":\"WebPage\",\"@id\":\"https:\/\/casino-site-amp100.top\/tr\/bahis-nasil-yapilir\/\",\"url\":\"https:\/\/casino-site-amp100.top\/tr\/bahis-nasil-yapilir\/\",\"name\":\"1xBet T\u00fcrkiye'ye nas\u0131l kay\u0131t olunur ve bahis oynan\u0131r\",\"isPartOf\":{\"@id\":\"https:\/\/casino-site-amp100.top\/#website\"},\"datePublished\":\"2026-02-13T10:45:00+00:00\",\"description\":\"Basit bir kay\u0131t i\u015flemini tamamlay\u0131n ve bakiyenize para yat\u0131rarak 1xBet'te online bahis oynay\u0131n. Bahis\u00e7inin web sitesinde mevcut kay\u0131t y\u00f6ntemleri ve \u00f6deme y\u00f6ntemleri\",\"breadcrumb\":{\"@id\":\"https:\/\/casino-site-amp100.top\/tr\/bahis-nasil-yapilir\/#breadcrumb\"},\"inLanguage\":\"ru-RU\",\"potentialAction\":[{\"@type\":\"ReadAction\",\"target\":[\"https:\/\/casino-site-amp100.top\/tr\/bahis-nasil-yapilir\/\"]}]},{\"@type\":\"BreadcrumbList\",\"@id\":\"https:\/\/casino-site-amp100.top\/tr\/bahis-nasil-yapilir\/#breadcrumb\",\"itemListElement\":[{\"@type\":\"ListItem\",\"position\":1,\"name\":\"Home\",\"item\":\"https:\/\/casino-site-amp100.top\/\"},{\"@type\":\"ListItem\",\"position\":2,\"name\":\"Bahis nas\u0131l yap\u0131l\u0131r\"}]},{\"@type\":\"WebSite\",\"@id\":\"https:\/\/casino-site-amp100.top\/#website\",\"url\":\"https:\/\/casino-site-amp100.top\/\",\"name\":\"casino-site-amp100.top\",\"description\":\"\",\"potentialAction\":[{\"@type\":\"SearchAction\",\"target\":{\"@type\":\"EntryPoint\",\"urlTemplate\":\"https:\/\/casino-site-amp100.top\/?s={search_term_string}\"},\"query-input\":{\"@type\":\"PropertyValueSpecification\",\"valueRequired\":true,\"valueName\":\"search_term_string\"}}],\"inLanguage\":\"ru-RU\"}]}<\/script>\n<!-- \/ Yoast SEO plugin. -->","yoast_head_json":{"title":"1xBet T\u00fcrkiye'ye nas\u0131l kay\u0131t olunur ve bahis oynan\u0131r","description":"Basit bir kay\u0131t i\u015flemini tamamlay\u0131n ve bakiyenize para yat\u0131rarak 1xBet'te online bahis oynay\u0131n. Bahis\u00e7inin web sitesinde mevcut kay\u0131t y\u00f6ntemleri ve \u00f6deme y\u00f6ntemleri","robots":{"index":"index","follow":"follow","max-snippet":"max-snippet:-1","max-image-preview":"max-image-preview:large","max-video-preview":"max-video-preview:-1"},"canonical":"https:\/\/casino-site-amp100.top\/tr\/bahis-nasil-yapilir\/","og_locale":"ru_RU","og_type":"article","og_title":"1xBet T\u00fcrkiye'ye nas\u0131l kay\u0131t olunur ve bahis oynan\u0131r","og_description":"Basit bir kay\u0131t i\u015flemini tamamlay\u0131n ve bakiyenize para yat\u0131rarak 1xBet'te online bahis oynay\u0131n. Bahis\u00e7inin web sitesinde mevcut kay\u0131t y\u00f6ntemleri ve \u00f6deme y\u00f6ntemleri","og_url":"https:\/\/casino-site-amp100.top\/tr\/bahis-nasil-yapilir\/","og_site_name":"casino-site-amp100.top","schema":{"@context":"https:\/\/schema.org","@graph":[{"@type":"WebPage","@id":"https:\/\/casino-site-amp100.top\/tr\/bahis-nasil-yapilir\/","url":"https:\/\/casino-site-amp100.top\/tr\/bahis-nasil-yapilir\/","name":"1xBet T\u00fcrkiye'ye nas\u0131l kay\u0131t olunur ve bahis oynan\u0131r","isPartOf":{"@id":"https:\/\/casino-site-amp100.top\/#website"},"datePublished":"2026-02-13T10:45:00+00:00","description":"Basit bir kay\u0131t i\u015flemini tamamlay\u0131n ve bakiyenize para yat\u0131rarak 1xBet'te online bahis oynay\u0131n. Bahis\u00e7inin web sitesinde mevcut kay\u0131t y\u00f6ntemleri ve \u00f6deme y\u00f6ntemleri","breadcrumb":{"@id":"https:\/\/casino-site-amp100.top\/tr\/bahis-nasil-yapilir\/#breadcrumb"},"inLanguage":"ru-RU","potentialAction":[{"@type":"ReadAction","target":["https:\/\/casino-site-amp100.top\/tr\/bahis-nasil-yapilir\/"]}]},{"@type":"BreadcrumbList","@id":"https:\/\/casino-site-amp100.top\/tr\/bahis-nasil-yapilir\/#breadcrumb","itemListElement":[{"@type":"ListItem","position":1,"name":"Home","item":"https:\/\/casino-site-amp100.top\/"},{"@type":"ListItem","position":2,"name":"Bahis nas\u0131l yap\u0131l\u0131r"}]},{"@type":"WebSite","@id":"https:\/\/casino-site-amp100.top\/#website","url":"https:\/\/casino-site-amp100.top\/","name":"casino-site-amp100.top","description":"","potentialAction":[{"@type":"SearchAction","target":{"@type":"EntryPoint","urlTemplate":"https:\/\/casino-site-amp100.top\/?s={search_term_string}"},"query-input":{"@type":"PropertyValueSpecification","valueRequired":true,"valueName":"search_term_string"}}],"inLanguage":"ru-RU"}]}},"amp_enabled":true,"_links":{"self":[{"href":"https:\/\/casino-site-amp100.top\/wp-json\/wp\/v2\/pages\/2919","targetHints":{"allow":["GET"]}}],"collection":[{"href":"https:\/\/casino-site-amp100.top\/wp-json\/wp\/v2\/pages"}],"about":[{"href":"https:\/\/casino-site-amp100.top\/wp-json\/wp\/v2\/types\/page"}],"author":[{"embeddable":true,"href":"https:\/\/casino-site-amp100.top\/wp-json\/wp\/v2\/users\/1"}],"replies":[{"embeddable":true,"href":"https:\/\/casino-site-amp100.top\/wp-json\/wp\/v2\/comments?post=2919"}],"version-history":[{"count":2,"href":"https:\/\/casino-site-amp100.top\/wp-json\/wp\/v2\/pages\/2919\/revisions"}],"predecessor-version":[{"id":2921,"href":"https:\/\/casino-site-amp100.top\/wp-json\/wp\/v2\/pages\/2919\/revisions\/2921"}],"wp:attachment":[{"href":"https:\/\/casino-site-amp100.top\/wp-json\/wp\/v2\/media?parent=2919"}],"curies":[{"name":"wp","href":"https:\/\/api.w.org\/{rel}","templated":true}]}}