{"id":2911,"date":"2026-02-13T12:05:33","date_gmt":"2026-02-13T10:05:33","guid":{"rendered":"https:\/\/casino-site-amp100.top\/?page_id=2911"},"modified":"2026-02-13T12:05:33","modified_gmt":"2026-02-13T10:05:33","slug":"nec%c9%99-m%c9%99rc-qoymaq-olar","status":"publish","type":"page","link":"https:\/\/casino-site-amp100.top\/az\/nec%c9%99-m%c9%99rc-qoymaq-olar\/","title":{"rendered":"Nec\u0259 m\u0259rc qoymaq olar"},"content":{"rendered":"","protected":false},"excerpt":{"rendered":"","protected":false},"author":1,"featured_media":0,"parent":0,"menu_order":0,"comment_status":"closed","ping_status":"closed","template":"home-new.php","meta":{"_acf_changed":false,"footnotes":""},"class_list":["post-2911","page","type-page","status-publish","hentry"],"acf":[],"yoast_head":"<!-- This site is optimized with the Yoast SEO plugin v27.0 - https:\/\/yoast.com\/product\/yoast-seo-wordpress\/ -->\n<title>1xBet Az\u0259rbaycan ofisind\u0259 nec\u0259 qeydiyyatdan ke\u00e7m\u0259k v\u0259 m\u0259rc etm\u0259k olar<\/title>\n<meta name=\"description\" content=\"1xBet-d\u0259 onlayn m\u0259rc etm\u0259k \u00fc\u00e7\u00fcn sad\u0259 qeydiyyat\u0131 tamamlay\u0131n v\u0259 balans\u0131n\u0131za pul qoyun. Qeydiyyat \u00fcsullar\u0131 v\u0259 \u00f6d\u0259ni\u015f \u00fcsullar\u0131 bukmeker kontorunun sayt\u0131nda m\u00f6vcuddur\" \/>\n<meta name=\"robots\" content=\"index, follow, max-snippet:-1, max-image-preview:large, max-video-preview:-1\" \/>\n<link rel=\"canonical\" href=\"https:\/\/casino-site-amp100.top\/az\/nec\u0259-m\u0259rc-qoymaq-olar\/\" \/>\n<meta property=\"og:locale\" content=\"ru_RU\" \/>\n<meta property=\"og:type\" content=\"article\" \/>\n<meta property=\"og:title\" content=\"1xBet Az\u0259rbaycan ofisind\u0259 nec\u0259 qeydiyyatdan ke\u00e7m\u0259k v\u0259 m\u0259rc etm\u0259k olar\" \/>\n<meta property=\"og:description\" content=\"1xBet-d\u0259 onlayn m\u0259rc etm\u0259k \u00fc\u00e7\u00fcn sad\u0259 qeydiyyat\u0131 tamamlay\u0131n v\u0259 balans\u0131n\u0131za pul qoyun. Qeydiyyat \u00fcsullar\u0131 v\u0259 \u00f6d\u0259ni\u015f \u00fcsullar\u0131 bukmeker kontorunun sayt\u0131nda m\u00f6vcuddur\" \/>\n<meta property=\"og:url\" content=\"https:\/\/casino-site-amp100.top\/az\/nec\u0259-m\u0259rc-qoymaq-olar\/\" \/>\n<meta property=\"og:site_name\" content=\"casino-site-amp100.top\" \/>\n<script type=\"application\/ld+json\" class=\"yoast-schema-graph\">{\"@context\":\"https:\/\/schema.org\",\"@graph\":[{\"@type\":\"WebPage\",\"@id\":\"https:\/\/casino-site-amp100.top\/az\/nec%c9%99-m%c9%99rc-qoymaq-olar\/\",\"url\":\"https:\/\/casino-site-amp100.top\/az\/nec%c9%99-m%c9%99rc-qoymaq-olar\/\",\"name\":\"1xBet Az\u0259rbaycan ofisind\u0259 nec\u0259 qeydiyyatdan ke\u00e7m\u0259k v\u0259 m\u0259rc etm\u0259k olar\",\"isPartOf\":{\"@id\":\"https:\/\/casino-site-amp100.top\/#website\"},\"datePublished\":\"2026-02-13T10:05:33+00:00\",\"description\":\"1xBet-d\u0259 onlayn m\u0259rc etm\u0259k \u00fc\u00e7\u00fcn sad\u0259 qeydiyyat\u0131 tamamlay\u0131n v\u0259 balans\u0131n\u0131za pul qoyun. Qeydiyyat \u00fcsullar\u0131 v\u0259 \u00f6d\u0259ni\u015f \u00fcsullar\u0131 bukmeker kontorunun sayt\u0131nda m\u00f6vcuddur\",\"breadcrumb\":{\"@id\":\"https:\/\/casino-site-amp100.top\/az\/nec%c9%99-m%c9%99rc-qoymaq-olar\/#breadcrumb\"},\"inLanguage\":\"ru-RU\",\"potentialAction\":[{\"@type\":\"ReadAction\",\"target\":[\"https:\/\/casino-site-amp100.top\/az\/nec%c9%99-m%c9%99rc-qoymaq-olar\/\"]}]},{\"@type\":\"BreadcrumbList\",\"@id\":\"https:\/\/casino-site-amp100.top\/az\/nec%c9%99-m%c9%99rc-qoymaq-olar\/#breadcrumb\",\"itemListElement\":[{\"@type\":\"ListItem\",\"position\":1,\"name\":\"Home\",\"item\":\"https:\/\/casino-site-amp100.top\/\"},{\"@type\":\"ListItem\",\"position\":2,\"name\":\"Nec\u0259 m\u0259rc qoymaq olar\"}]},{\"@type\":\"WebSite\",\"@id\":\"https:\/\/casino-site-amp100.top\/#website\",\"url\":\"https:\/\/casino-site-amp100.top\/\",\"name\":\"casino-site-amp100.top\",\"description\":\"\",\"potentialAction\":[{\"@type\":\"SearchAction\",\"target\":{\"@type\":\"EntryPoint\",\"urlTemplate\":\"https:\/\/casino-site-amp100.top\/?s={search_term_string}\"},\"query-input\":{\"@type\":\"PropertyValueSpecification\",\"valueRequired\":true,\"valueName\":\"search_term_string\"}}],\"inLanguage\":\"ru-RU\"}]}<\/script>\n<!-- \/ Yoast SEO plugin. -->","yoast_head_json":{"title":"1xBet Az\u0259rbaycan ofisind\u0259 nec\u0259 qeydiyyatdan ke\u00e7m\u0259k v\u0259 m\u0259rc etm\u0259k olar","description":"1xBet-d\u0259 onlayn m\u0259rc etm\u0259k \u00fc\u00e7\u00fcn sad\u0259 qeydiyyat\u0131 tamamlay\u0131n v\u0259 balans\u0131n\u0131za pul qoyun. Qeydiyyat \u00fcsullar\u0131 v\u0259 \u00f6d\u0259ni\u015f \u00fcsullar\u0131 bukmeker kontorunun sayt\u0131nda m\u00f6vcuddur","robots":{"index":"index","follow":"follow","max-snippet":"max-snippet:-1","max-image-preview":"max-image-preview:large","max-video-preview":"max-video-preview:-1"},"canonical":"https:\/\/casino-site-amp100.top\/az\/nec\u0259-m\u0259rc-qoymaq-olar\/","og_locale":"ru_RU","og_type":"article","og_title":"1xBet Az\u0259rbaycan ofisind\u0259 nec\u0259 qeydiyyatdan ke\u00e7m\u0259k v\u0259 m\u0259rc etm\u0259k olar","og_description":"1xBet-d\u0259 onlayn m\u0259rc etm\u0259k \u00fc\u00e7\u00fcn sad\u0259 qeydiyyat\u0131 tamamlay\u0131n v\u0259 balans\u0131n\u0131za pul qoyun. Qeydiyyat \u00fcsullar\u0131 v\u0259 \u00f6d\u0259ni\u015f \u00fcsullar\u0131 bukmeker kontorunun sayt\u0131nda m\u00f6vcuddur","og_url":"https:\/\/casino-site-amp100.top\/az\/nec\u0259-m\u0259rc-qoymaq-olar\/","og_site_name":"casino-site-amp100.top","schema":{"@context":"https:\/\/schema.org","@graph":[{"@type":"WebPage","@id":"https:\/\/casino-site-amp100.top\/az\/nec%c9%99-m%c9%99rc-qoymaq-olar\/","url":"https:\/\/casino-site-amp100.top\/az\/nec%c9%99-m%c9%99rc-qoymaq-olar\/","name":"1xBet Az\u0259rbaycan ofisind\u0259 nec\u0259 qeydiyyatdan ke\u00e7m\u0259k v\u0259 m\u0259rc etm\u0259k olar","isPartOf":{"@id":"https:\/\/casino-site-amp100.top\/#website"},"datePublished":"2026-02-13T10:05:33+00:00","description":"1xBet-d\u0259 onlayn m\u0259rc etm\u0259k \u00fc\u00e7\u00fcn sad\u0259 qeydiyyat\u0131 tamamlay\u0131n v\u0259 balans\u0131n\u0131za pul qoyun. Qeydiyyat \u00fcsullar\u0131 v\u0259 \u00f6d\u0259ni\u015f \u00fcsullar\u0131 bukmeker kontorunun sayt\u0131nda m\u00f6vcuddur","breadcrumb":{"@id":"https:\/\/casino-site-amp100.top\/az\/nec%c9%99-m%c9%99rc-qoymaq-olar\/#breadcrumb"},"inLanguage":"ru-RU","potentialAction":[{"@type":"ReadAction","target":["https:\/\/casino-site-amp100.top\/az\/nec%c9%99-m%c9%99rc-qoymaq-olar\/"]}]},{"@type":"BreadcrumbList","@id":"https:\/\/casino-site-amp100.top\/az\/nec%c9%99-m%c9%99rc-qoymaq-olar\/#breadcrumb","itemListElement":[{"@type":"ListItem","position":1,"name":"Home","item":"https:\/\/casino-site-amp100.top\/"},{"@type":"ListItem","position":2,"name":"Nec\u0259 m\u0259rc qoymaq olar"}]},{"@type":"WebSite","@id":"https:\/\/casino-site-amp100.top\/#website","url":"https:\/\/casino-site-amp100.top\/","name":"casino-site-amp100.top","description":"","potentialAction":[{"@type":"SearchAction","target":{"@type":"EntryPoint","urlTemplate":"https:\/\/casino-site-amp100.top\/?s={search_term_string}"},"query-input":{"@type":"PropertyValueSpecification","valueRequired":true,"valueName":"search_term_string"}}],"inLanguage":"ru-RU"}]}},"amp_enabled":true,"_links":{"self":[{"href":"https:\/\/casino-site-amp100.top\/wp-json\/wp\/v2\/pages\/2911","targetHints":{"allow":["GET"]}}],"collection":[{"href":"https:\/\/casino-site-amp100.top\/wp-json\/wp\/v2\/pages"}],"about":[{"href":"https:\/\/casino-site-amp100.top\/wp-json\/wp\/v2\/types\/page"}],"author":[{"embeddable":true,"href":"https:\/\/casino-site-amp100.top\/wp-json\/wp\/v2\/users\/1"}],"replies":[{"embeddable":true,"href":"https:\/\/casino-site-amp100.top\/wp-json\/wp\/v2\/comments?post=2911"}],"version-history":[{"count":1,"href":"https:\/\/casino-site-amp100.top\/wp-json\/wp\/v2\/pages\/2911\/revisions"}],"predecessor-version":[{"id":2912,"href":"https:\/\/casino-site-amp100.top\/wp-json\/wp\/v2\/pages\/2911\/revisions\/2912"}],"wp:attachment":[{"href":"https:\/\/casino-site-amp100.top\/wp-json\/wp\/v2\/media?parent=2911"}],"curies":[{"name":"wp","href":"https:\/\/api.w.org\/{rel}","templated":true}]}}