{"id":2903,"date":"2026-02-13T11:45:37","date_gmt":"2026-02-13T09:45:37","guid":{"rendered":"https:\/\/casino-site-amp100.top\/?page_id=2903"},"modified":"2026-02-13T11:45:37","modified_gmt":"2026-02-13T09:45:37","slug":"bahiscinin-ofisi","status":"publish","type":"page","link":"https:\/\/casino-site-amp100.top\/tr\/bahiscinin-ofisi\/","title":{"rendered":"Bahis\u00e7inin ofisi"},"content":{"rendered":"","protected":false},"excerpt":{"rendered":"","protected":false},"author":1,"featured_media":0,"parent":0,"menu_order":0,"comment_status":"closed","ping_status":"closed","template":"home-new.php","meta":{"_acf_changed":false,"footnotes":""},"class_list":["post-2903","page","type-page","status-publish","hentry"],"acf":[],"yoast_head":"<!-- This site is optimized with the Yoast SEO plugin v27.0 - https:\/\/yoast.com\/product\/yoast-seo-wordpress\/ -->\n<title>Bahis \u015firketi kullan\u0131c\u0131lara hangi f\u0131rsatlar\u0131 sunuyor?<\/title>\n<meta name=\"description\" content=\"Modern bir bahis\u00e7i, bahis oynamak i\u00e7in ideal bir yerdir; oyuncular\u0131n do\u011fru analiz yoluyla g\u00fczel kazan\u00e7lar elde etmelerine ve kazan\u00e7l\u0131 promosyonlara kat\u0131lmalar\u0131na olanak tan\u0131r.\" \/>\n<meta name=\"robots\" content=\"index, follow, max-snippet:-1, max-image-preview:large, max-video-preview:-1\" \/>\n<link rel=\"canonical\" href=\"https:\/\/casino-site-amp100.top\/tr\/bahiscinin-ofisi\/\" \/>\n<meta property=\"og:locale\" content=\"ru_RU\" \/>\n<meta property=\"og:type\" content=\"article\" \/>\n<meta property=\"og:title\" content=\"Bahis \u015firketi kullan\u0131c\u0131lara hangi f\u0131rsatlar\u0131 sunuyor?\" \/>\n<meta property=\"og:description\" content=\"Modern bir bahis\u00e7i, bahis oynamak i\u00e7in ideal bir yerdir; oyuncular\u0131n do\u011fru analiz yoluyla g\u00fczel kazan\u00e7lar elde etmelerine ve kazan\u00e7l\u0131 promosyonlara kat\u0131lmalar\u0131na olanak tan\u0131r.\" \/>\n<meta property=\"og:url\" content=\"https:\/\/casino-site-amp100.top\/tr\/bahiscinin-ofisi\/\" \/>\n<meta property=\"og:site_name\" content=\"casino-site-amp100.top\" \/>\n<script type=\"application\/ld+json\" class=\"yoast-schema-graph\">{\"@context\":\"https:\/\/schema.org\",\"@graph\":[{\"@type\":\"WebPage\",\"@id\":\"https:\/\/casino-site-amp100.top\/tr\/bahiscinin-ofisi\/\",\"url\":\"https:\/\/casino-site-amp100.top\/tr\/bahiscinin-ofisi\/\",\"name\":\"Bahis \u015firketi kullan\u0131c\u0131lara hangi f\u0131rsatlar\u0131 sunuyor?\",\"isPartOf\":{\"@id\":\"https:\/\/casino-site-amp100.top\/#website\"},\"datePublished\":\"2026-02-13T09:45:37+00:00\",\"description\":\"Modern bir bahis\u00e7i, bahis oynamak i\u00e7in ideal bir yerdir; oyuncular\u0131n do\u011fru analiz yoluyla g\u00fczel kazan\u00e7lar elde etmelerine ve kazan\u00e7l\u0131 promosyonlara kat\u0131lmalar\u0131na olanak tan\u0131r.\",\"breadcrumb\":{\"@id\":\"https:\/\/casino-site-amp100.top\/tr\/bahiscinin-ofisi\/#breadcrumb\"},\"inLanguage\":\"ru-RU\",\"potentialAction\":[{\"@type\":\"ReadAction\",\"target\":[\"https:\/\/casino-site-amp100.top\/tr\/bahiscinin-ofisi\/\"]}]},{\"@type\":\"BreadcrumbList\",\"@id\":\"https:\/\/casino-site-amp100.top\/tr\/bahiscinin-ofisi\/#breadcrumb\",\"itemListElement\":[{\"@type\":\"ListItem\",\"position\":1,\"name\":\"Home\",\"item\":\"https:\/\/casino-site-amp100.top\/\"},{\"@type\":\"ListItem\",\"position\":2,\"name\":\"Bahis\u00e7inin ofisi\"}]},{\"@type\":\"WebSite\",\"@id\":\"https:\/\/casino-site-amp100.top\/#website\",\"url\":\"https:\/\/casino-site-amp100.top\/\",\"name\":\"casino-site-amp100.top\",\"description\":\"\",\"potentialAction\":[{\"@type\":\"SearchAction\",\"target\":{\"@type\":\"EntryPoint\",\"urlTemplate\":\"https:\/\/casino-site-amp100.top\/?s={search_term_string}\"},\"query-input\":{\"@type\":\"PropertyValueSpecification\",\"valueRequired\":true,\"valueName\":\"search_term_string\"}}],\"inLanguage\":\"ru-RU\"}]}<\/script>\n<!-- \/ Yoast SEO plugin. -->","yoast_head_json":{"title":"Bahis \u015firketi kullan\u0131c\u0131lara hangi f\u0131rsatlar\u0131 sunuyor?","description":"Modern bir bahis\u00e7i, bahis oynamak i\u00e7in ideal bir yerdir; oyuncular\u0131n do\u011fru analiz yoluyla g\u00fczel kazan\u00e7lar elde etmelerine ve kazan\u00e7l\u0131 promosyonlara kat\u0131lmalar\u0131na olanak tan\u0131r.","robots":{"index":"index","follow":"follow","max-snippet":"max-snippet:-1","max-image-preview":"max-image-preview:large","max-video-preview":"max-video-preview:-1"},"canonical":"https:\/\/casino-site-amp100.top\/tr\/bahiscinin-ofisi\/","og_locale":"ru_RU","og_type":"article","og_title":"Bahis \u015firketi kullan\u0131c\u0131lara hangi f\u0131rsatlar\u0131 sunuyor?","og_description":"Modern bir bahis\u00e7i, bahis oynamak i\u00e7in ideal bir yerdir; oyuncular\u0131n do\u011fru analiz yoluyla g\u00fczel kazan\u00e7lar elde etmelerine ve kazan\u00e7l\u0131 promosyonlara kat\u0131lmalar\u0131na olanak tan\u0131r.","og_url":"https:\/\/casino-site-amp100.top\/tr\/bahiscinin-ofisi\/","og_site_name":"casino-site-amp100.top","schema":{"@context":"https:\/\/schema.org","@graph":[{"@type":"WebPage","@id":"https:\/\/casino-site-amp100.top\/tr\/bahiscinin-ofisi\/","url":"https:\/\/casino-site-amp100.top\/tr\/bahiscinin-ofisi\/","name":"Bahis \u015firketi kullan\u0131c\u0131lara hangi f\u0131rsatlar\u0131 sunuyor?","isPartOf":{"@id":"https:\/\/casino-site-amp100.top\/#website"},"datePublished":"2026-02-13T09:45:37+00:00","description":"Modern bir bahis\u00e7i, bahis oynamak i\u00e7in ideal bir yerdir; oyuncular\u0131n do\u011fru analiz yoluyla g\u00fczel kazan\u00e7lar elde etmelerine ve kazan\u00e7l\u0131 promosyonlara kat\u0131lmalar\u0131na olanak tan\u0131r.","breadcrumb":{"@id":"https:\/\/casino-site-amp100.top\/tr\/bahiscinin-ofisi\/#breadcrumb"},"inLanguage":"ru-RU","potentialAction":[{"@type":"ReadAction","target":["https:\/\/casino-site-amp100.top\/tr\/bahiscinin-ofisi\/"]}]},{"@type":"BreadcrumbList","@id":"https:\/\/casino-site-amp100.top\/tr\/bahiscinin-ofisi\/#breadcrumb","itemListElement":[{"@type":"ListItem","position":1,"name":"Home","item":"https:\/\/casino-site-amp100.top\/"},{"@type":"ListItem","position":2,"name":"Bahis\u00e7inin ofisi"}]},{"@type":"WebSite","@id":"https:\/\/casino-site-amp100.top\/#website","url":"https:\/\/casino-site-amp100.top\/","name":"casino-site-amp100.top","description":"","potentialAction":[{"@type":"SearchAction","target":{"@type":"EntryPoint","urlTemplate":"https:\/\/casino-site-amp100.top\/?s={search_term_string}"},"query-input":{"@type":"PropertyValueSpecification","valueRequired":true,"valueName":"search_term_string"}}],"inLanguage":"ru-RU"}]}},"amp_enabled":true,"_links":{"self":[{"href":"https:\/\/casino-site-amp100.top\/wp-json\/wp\/v2\/pages\/2903","targetHints":{"allow":["GET"]}}],"collection":[{"href":"https:\/\/casino-site-amp100.top\/wp-json\/wp\/v2\/pages"}],"about":[{"href":"https:\/\/casino-site-amp100.top\/wp-json\/wp\/v2\/types\/page"}],"author":[{"embeddable":true,"href":"https:\/\/casino-site-amp100.top\/wp-json\/wp\/v2\/users\/1"}],"replies":[{"embeddable":true,"href":"https:\/\/casino-site-amp100.top\/wp-json\/wp\/v2\/comments?post=2903"}],"version-history":[{"count":1,"href":"https:\/\/casino-site-amp100.top\/wp-json\/wp\/v2\/pages\/2903\/revisions"}],"predecessor-version":[{"id":2904,"href":"https:\/\/casino-site-amp100.top\/wp-json\/wp\/v2\/pages\/2903\/revisions\/2904"}],"wp:attachment":[{"href":"https:\/\/casino-site-amp100.top\/wp-json\/wp\/v2\/media?parent=2903"}],"curies":[{"name":"wp","href":"https:\/\/api.w.org\/{rel}","templated":true}]}}