{"id":2877,"date":"2026-02-13T10:48:30","date_gmt":"2026-02-13T08:48:30","guid":{"rendered":"https:\/\/casino-site-amp100.top\/?page_id=2877"},"modified":"2026-02-13T10:48:30","modified_gmt":"2026-02-13T08:48:30","slug":"bc-bonuslari","status":"publish","type":"page","link":"https:\/\/casino-site-amp100.top\/az\/bc-bonuslari\/","title":{"rendered":"BC bonuslar\u0131"},"content":{"rendered":"","protected":false},"excerpt":{"rendered":"","protected":false},"author":1,"featured_media":0,"parent":0,"menu_order":0,"comment_status":"closed","ping_status":"closed","template":"home-new.php","meta":{"_acf_changed":false,"footnotes":""},"class_list":["post-2877","page","type-page","status-publish","hentry"],"acf":[],"yoast_head":"<!-- This site is optimized with the Yoast SEO plugin v27.0 - https:\/\/yoast.com\/product\/yoast-seo-wordpress\/ -->\n<title>Az\u0259rbaycanda BC bonuslar\u0131: oyun\u00e7ular \u00fc\u00e7\u00fcn 1xbet m\u00fckafat proqram\u0131<\/title>\n<meta name=\"description\" content=\"Oyun\u00e7ular \u00fc\u00e7\u00fcn hans\u0131 bukmeker bonuslar\u0131 m\u00f6vcuddur? Qeydiyyat \u00fc\u00e7\u00fcn stimullar, pulsuz m\u0259rcl\u0259r, depozitsiz bonuslar, cashback, promosyon kodlar\u0131 v\u0259 bir \u00e7ox dig\u0259r promosyonlar. Bonusu nec\u0259 almaq v\u0259 m\u0259rc etm\u0259k olar?\" \/>\n<meta name=\"robots\" content=\"index, follow, max-snippet:-1, max-image-preview:large, max-video-preview:-1\" \/>\n<link rel=\"canonical\" href=\"https:\/\/casino-site-amp100.top\/az\/bc-bonuslari\/\" \/>\n<meta property=\"og:locale\" content=\"ru_RU\" \/>\n<meta property=\"og:type\" content=\"article\" \/>\n<meta property=\"og:title\" content=\"Az\u0259rbaycanda BC bonuslar\u0131: oyun\u00e7ular \u00fc\u00e7\u00fcn 1xbet m\u00fckafat proqram\u0131\" \/>\n<meta property=\"og:description\" content=\"Oyun\u00e7ular \u00fc\u00e7\u00fcn hans\u0131 bukmeker bonuslar\u0131 m\u00f6vcuddur? Qeydiyyat \u00fc\u00e7\u00fcn stimullar, pulsuz m\u0259rcl\u0259r, depozitsiz bonuslar, cashback, promosyon kodlar\u0131 v\u0259 bir \u00e7ox dig\u0259r promosyonlar. Bonusu nec\u0259 almaq v\u0259 m\u0259rc etm\u0259k olar?\" \/>\n<meta property=\"og:url\" content=\"https:\/\/casino-site-amp100.top\/az\/bc-bonuslari\/\" \/>\n<meta property=\"og:site_name\" content=\"casino-site-amp100.top\" \/>\n<script type=\"application\/ld+json\" class=\"yoast-schema-graph\">{\"@context\":\"https:\/\/schema.org\",\"@graph\":[{\"@type\":\"WebPage\",\"@id\":\"https:\/\/casino-site-amp100.top\/az\/bc-bonuslari\/\",\"url\":\"https:\/\/casino-site-amp100.top\/az\/bc-bonuslari\/\",\"name\":\"Az\u0259rbaycanda BC bonuslar\u0131: oyun\u00e7ular \u00fc\u00e7\u00fcn 1xbet m\u00fckafat proqram\u0131\",\"isPartOf\":{\"@id\":\"https:\/\/casino-site-amp100.top\/#website\"},\"datePublished\":\"2026-02-13T08:48:30+00:00\",\"description\":\"Oyun\u00e7ular \u00fc\u00e7\u00fcn hans\u0131 bukmeker bonuslar\u0131 m\u00f6vcuddur? Qeydiyyat \u00fc\u00e7\u00fcn stimullar, pulsuz m\u0259rcl\u0259r, depozitsiz bonuslar, cashback, promosyon kodlar\u0131 v\u0259 bir \u00e7ox dig\u0259r promosyonlar. Bonusu nec\u0259 almaq v\u0259 m\u0259rc etm\u0259k olar?\",\"breadcrumb\":{\"@id\":\"https:\/\/casino-site-amp100.top\/az\/bc-bonuslari\/#breadcrumb\"},\"inLanguage\":\"ru-RU\",\"potentialAction\":[{\"@type\":\"ReadAction\",\"target\":[\"https:\/\/casino-site-amp100.top\/az\/bc-bonuslari\/\"]}]},{\"@type\":\"BreadcrumbList\",\"@id\":\"https:\/\/casino-site-amp100.top\/az\/bc-bonuslari\/#breadcrumb\",\"itemListElement\":[{\"@type\":\"ListItem\",\"position\":1,\"name\":\"Home\",\"item\":\"https:\/\/casino-site-amp100.top\/\"},{\"@type\":\"ListItem\",\"position\":2,\"name\":\"BC bonuslar\u0131\"}]},{\"@type\":\"WebSite\",\"@id\":\"https:\/\/casino-site-amp100.top\/#website\",\"url\":\"https:\/\/casino-site-amp100.top\/\",\"name\":\"casino-site-amp100.top\",\"description\":\"\",\"potentialAction\":[{\"@type\":\"SearchAction\",\"target\":{\"@type\":\"EntryPoint\",\"urlTemplate\":\"https:\/\/casino-site-amp100.top\/?s={search_term_string}\"},\"query-input\":{\"@type\":\"PropertyValueSpecification\",\"valueRequired\":true,\"valueName\":\"search_term_string\"}}],\"inLanguage\":\"ru-RU\"}]}<\/script>\n<!-- \/ Yoast SEO plugin. -->","yoast_head_json":{"title":"Az\u0259rbaycanda BC bonuslar\u0131: oyun\u00e7ular \u00fc\u00e7\u00fcn 1xbet m\u00fckafat proqram\u0131","description":"Oyun\u00e7ular \u00fc\u00e7\u00fcn hans\u0131 bukmeker bonuslar\u0131 m\u00f6vcuddur? Qeydiyyat \u00fc\u00e7\u00fcn stimullar, pulsuz m\u0259rcl\u0259r, depozitsiz bonuslar, cashback, promosyon kodlar\u0131 v\u0259 bir \u00e7ox dig\u0259r promosyonlar. Bonusu nec\u0259 almaq v\u0259 m\u0259rc etm\u0259k olar?","robots":{"index":"index","follow":"follow","max-snippet":"max-snippet:-1","max-image-preview":"max-image-preview:large","max-video-preview":"max-video-preview:-1"},"canonical":"https:\/\/casino-site-amp100.top\/az\/bc-bonuslari\/","og_locale":"ru_RU","og_type":"article","og_title":"Az\u0259rbaycanda BC bonuslar\u0131: oyun\u00e7ular \u00fc\u00e7\u00fcn 1xbet m\u00fckafat proqram\u0131","og_description":"Oyun\u00e7ular \u00fc\u00e7\u00fcn hans\u0131 bukmeker bonuslar\u0131 m\u00f6vcuddur? Qeydiyyat \u00fc\u00e7\u00fcn stimullar, pulsuz m\u0259rcl\u0259r, depozitsiz bonuslar, cashback, promosyon kodlar\u0131 v\u0259 bir \u00e7ox dig\u0259r promosyonlar. Bonusu nec\u0259 almaq v\u0259 m\u0259rc etm\u0259k olar?","og_url":"https:\/\/casino-site-amp100.top\/az\/bc-bonuslari\/","og_site_name":"casino-site-amp100.top","schema":{"@context":"https:\/\/schema.org","@graph":[{"@type":"WebPage","@id":"https:\/\/casino-site-amp100.top\/az\/bc-bonuslari\/","url":"https:\/\/casino-site-amp100.top\/az\/bc-bonuslari\/","name":"Az\u0259rbaycanda BC bonuslar\u0131: oyun\u00e7ular \u00fc\u00e7\u00fcn 1xbet m\u00fckafat proqram\u0131","isPartOf":{"@id":"https:\/\/casino-site-amp100.top\/#website"},"datePublished":"2026-02-13T08:48:30+00:00","description":"Oyun\u00e7ular \u00fc\u00e7\u00fcn hans\u0131 bukmeker bonuslar\u0131 m\u00f6vcuddur? Qeydiyyat \u00fc\u00e7\u00fcn stimullar, pulsuz m\u0259rcl\u0259r, depozitsiz bonuslar, cashback, promosyon kodlar\u0131 v\u0259 bir \u00e7ox dig\u0259r promosyonlar. Bonusu nec\u0259 almaq v\u0259 m\u0259rc etm\u0259k olar?","breadcrumb":{"@id":"https:\/\/casino-site-amp100.top\/az\/bc-bonuslari\/#breadcrumb"},"inLanguage":"ru-RU","potentialAction":[{"@type":"ReadAction","target":["https:\/\/casino-site-amp100.top\/az\/bc-bonuslari\/"]}]},{"@type":"BreadcrumbList","@id":"https:\/\/casino-site-amp100.top\/az\/bc-bonuslari\/#breadcrumb","itemListElement":[{"@type":"ListItem","position":1,"name":"Home","item":"https:\/\/casino-site-amp100.top\/"},{"@type":"ListItem","position":2,"name":"BC bonuslar\u0131"}]},{"@type":"WebSite","@id":"https:\/\/casino-site-amp100.top\/#website","url":"https:\/\/casino-site-amp100.top\/","name":"casino-site-amp100.top","description":"","potentialAction":[{"@type":"SearchAction","target":{"@type":"EntryPoint","urlTemplate":"https:\/\/casino-site-amp100.top\/?s={search_term_string}"},"query-input":{"@type":"PropertyValueSpecification","valueRequired":true,"valueName":"search_term_string"}}],"inLanguage":"ru-RU"}]}},"amp_enabled":true,"_links":{"self":[{"href":"https:\/\/casino-site-amp100.top\/wp-json\/wp\/v2\/pages\/2877","targetHints":{"allow":["GET"]}}],"collection":[{"href":"https:\/\/casino-site-amp100.top\/wp-json\/wp\/v2\/pages"}],"about":[{"href":"https:\/\/casino-site-amp100.top\/wp-json\/wp\/v2\/types\/page"}],"author":[{"embeddable":true,"href":"https:\/\/casino-site-amp100.top\/wp-json\/wp\/v2\/users\/1"}],"replies":[{"embeddable":true,"href":"https:\/\/casino-site-amp100.top\/wp-json\/wp\/v2\/comments?post=2877"}],"version-history":[{"count":1,"href":"https:\/\/casino-site-amp100.top\/wp-json\/wp\/v2\/pages\/2877\/revisions"}],"predecessor-version":[{"id":2878,"href":"https:\/\/casino-site-amp100.top\/wp-json\/wp\/v2\/pages\/2877\/revisions\/2878"}],"wp:attachment":[{"href":"https:\/\/casino-site-amp100.top\/wp-json\/wp\/v2\/media?parent=2877"}],"curies":[{"name":"wp","href":"https:\/\/api.w.org\/{rel}","templated":true}]}}