{"id":2868,"date":"2026-02-12T16:00:54","date_gmt":"2026-02-12T14:00:54","guid":{"rendered":"https:\/\/casino-site-amp100.top\/?page_id=2868"},"modified":"2026-02-12T16:00:54","modified_gmt":"2026-02-12T14:00:54","slug":"kayit-bonusu","status":"publish","type":"page","link":"https:\/\/casino-site-amp100.top\/tr\/kayit-bonusu\/","title":{"rendered":"Kay\u0131t Bonusu"},"content":{"rendered":"","protected":false},"excerpt":{"rendered":"","protected":false},"author":1,"featured_media":0,"parent":0,"menu_order":0,"comment_status":"closed","ping_status":"closed","template":"home-new.php","meta":{"_acf_changed":false,"footnotes":""},"class_list":["post-2868","page","type-page","status-publish","hentry"],"acf":[],"yoast_head":"<!-- This site is optimized with the Yoast SEO plugin v27.0 - https:\/\/yoast.com\/product\/yoast-seo-wordpress\/ -->\n<title>Bahis\u00e7i 1xbet&#039;e kaydolmak i\u00e7in bonus: karl\u0131 bir oyuna nas\u0131l ba\u015flan\u0131r<\/title>\n<meta name=\"description\" content=\"1xbet web sitesinde T\u00fcrkiye&#039;de kay\u0131t bonusu nas\u0131l al\u0131n\u0131r? Bahis \u015firketinde yeni m\u00fc\u015fteriler i\u00e7in ne gibi te\u015fvikler sunuluyor? K\u00e2rl\u0131 bir oyun i\u00e7in \u00fccretsiz bahisler, para yat\u0131rma bonuslar\u0131, para iadesi ve \u00e7ok daha fazlas\u0131.\" \/>\n<meta name=\"robots\" content=\"index, follow, max-snippet:-1, max-image-preview:large, max-video-preview:-1\" \/>\n<link rel=\"canonical\" href=\"https:\/\/casino-site-amp100.top\/tr\/kayit-bonusu\/\" \/>\n<meta property=\"og:locale\" content=\"ru_RU\" \/>\n<meta property=\"og:type\" content=\"article\" \/>\n<meta property=\"og:title\" content=\"Bahis\u00e7i 1xbet&#039;e kaydolmak i\u00e7in bonus: karl\u0131 bir oyuna nas\u0131l ba\u015flan\u0131r\" \/>\n<meta property=\"og:description\" content=\"1xbet web sitesinde T\u00fcrkiye&#039;de kay\u0131t bonusu nas\u0131l al\u0131n\u0131r? Bahis \u015firketinde yeni m\u00fc\u015fteriler i\u00e7in ne gibi te\u015fvikler sunuluyor? K\u00e2rl\u0131 bir oyun i\u00e7in \u00fccretsiz bahisler, para yat\u0131rma bonuslar\u0131, para iadesi ve \u00e7ok daha fazlas\u0131.\" \/>\n<meta property=\"og:url\" content=\"https:\/\/casino-site-amp100.top\/tr\/kayit-bonusu\/\" \/>\n<meta property=\"og:site_name\" content=\"casino-site-amp100.top\" \/>\n<script type=\"application\/ld+json\" class=\"yoast-schema-graph\">{\"@context\":\"https:\/\/schema.org\",\"@graph\":[{\"@type\":\"WebPage\",\"@id\":\"https:\/\/casino-site-amp100.top\/tr\/kayit-bonusu\/\",\"url\":\"https:\/\/casino-site-amp100.top\/tr\/kayit-bonusu\/\",\"name\":\"Bahis\u00e7i 1xbet'e kaydolmak i\u00e7in bonus: karl\u0131 bir oyuna nas\u0131l ba\u015flan\u0131r\",\"isPartOf\":{\"@id\":\"https:\/\/casino-site-amp100.top\/#website\"},\"datePublished\":\"2026-02-12T14:00:54+00:00\",\"description\":\"1xbet web sitesinde T\u00fcrkiye'de kay\u0131t bonusu nas\u0131l al\u0131n\u0131r? Bahis \u015firketinde yeni m\u00fc\u015fteriler i\u00e7in ne gibi te\u015fvikler sunuluyor? K\u00e2rl\u0131 bir oyun i\u00e7in \u00fccretsiz bahisler, para yat\u0131rma bonuslar\u0131, para iadesi ve \u00e7ok daha fazlas\u0131.\",\"breadcrumb\":{\"@id\":\"https:\/\/casino-site-amp100.top\/tr\/kayit-bonusu\/#breadcrumb\"},\"inLanguage\":\"ru-RU\",\"potentialAction\":[{\"@type\":\"ReadAction\",\"target\":[\"https:\/\/casino-site-amp100.top\/tr\/kayit-bonusu\/\"]}]},{\"@type\":\"BreadcrumbList\",\"@id\":\"https:\/\/casino-site-amp100.top\/tr\/kayit-bonusu\/#breadcrumb\",\"itemListElement\":[{\"@type\":\"ListItem\",\"position\":1,\"name\":\"Home\",\"item\":\"https:\/\/casino-site-amp100.top\/\"},{\"@type\":\"ListItem\",\"position\":2,\"name\":\"Kay\u0131t Bonusu\"}]},{\"@type\":\"WebSite\",\"@id\":\"https:\/\/casino-site-amp100.top\/#website\",\"url\":\"https:\/\/casino-site-amp100.top\/\",\"name\":\"casino-site-amp100.top\",\"description\":\"\",\"potentialAction\":[{\"@type\":\"SearchAction\",\"target\":{\"@type\":\"EntryPoint\",\"urlTemplate\":\"https:\/\/casino-site-amp100.top\/?s={search_term_string}\"},\"query-input\":{\"@type\":\"PropertyValueSpecification\",\"valueRequired\":true,\"valueName\":\"search_term_string\"}}],\"inLanguage\":\"ru-RU\"}]}<\/script>\n<!-- \/ Yoast SEO plugin. -->","yoast_head_json":{"title":"Bahis\u00e7i 1xbet'e kaydolmak i\u00e7in bonus: karl\u0131 bir oyuna nas\u0131l ba\u015flan\u0131r","description":"1xbet web sitesinde T\u00fcrkiye'de kay\u0131t bonusu nas\u0131l al\u0131n\u0131r? Bahis \u015firketinde yeni m\u00fc\u015fteriler i\u00e7in ne gibi te\u015fvikler sunuluyor? K\u00e2rl\u0131 bir oyun i\u00e7in \u00fccretsiz bahisler, para yat\u0131rma bonuslar\u0131, para iadesi ve \u00e7ok daha fazlas\u0131.","robots":{"index":"index","follow":"follow","max-snippet":"max-snippet:-1","max-image-preview":"max-image-preview:large","max-video-preview":"max-video-preview:-1"},"canonical":"https:\/\/casino-site-amp100.top\/tr\/kayit-bonusu\/","og_locale":"ru_RU","og_type":"article","og_title":"Bahis\u00e7i 1xbet'e kaydolmak i\u00e7in bonus: karl\u0131 bir oyuna nas\u0131l ba\u015flan\u0131r","og_description":"1xbet web sitesinde T\u00fcrkiye'de kay\u0131t bonusu nas\u0131l al\u0131n\u0131r? Bahis \u015firketinde yeni m\u00fc\u015fteriler i\u00e7in ne gibi te\u015fvikler sunuluyor? K\u00e2rl\u0131 bir oyun i\u00e7in \u00fccretsiz bahisler, para yat\u0131rma bonuslar\u0131, para iadesi ve \u00e7ok daha fazlas\u0131.","og_url":"https:\/\/casino-site-amp100.top\/tr\/kayit-bonusu\/","og_site_name":"casino-site-amp100.top","schema":{"@context":"https:\/\/schema.org","@graph":[{"@type":"WebPage","@id":"https:\/\/casino-site-amp100.top\/tr\/kayit-bonusu\/","url":"https:\/\/casino-site-amp100.top\/tr\/kayit-bonusu\/","name":"Bahis\u00e7i 1xbet'e kaydolmak i\u00e7in bonus: karl\u0131 bir oyuna nas\u0131l ba\u015flan\u0131r","isPartOf":{"@id":"https:\/\/casino-site-amp100.top\/#website"},"datePublished":"2026-02-12T14:00:54+00:00","description":"1xbet web sitesinde T\u00fcrkiye'de kay\u0131t bonusu nas\u0131l al\u0131n\u0131r? Bahis \u015firketinde yeni m\u00fc\u015fteriler i\u00e7in ne gibi te\u015fvikler sunuluyor? K\u00e2rl\u0131 bir oyun i\u00e7in \u00fccretsiz bahisler, para yat\u0131rma bonuslar\u0131, para iadesi ve \u00e7ok daha fazlas\u0131.","breadcrumb":{"@id":"https:\/\/casino-site-amp100.top\/tr\/kayit-bonusu\/#breadcrumb"},"inLanguage":"ru-RU","potentialAction":[{"@type":"ReadAction","target":["https:\/\/casino-site-amp100.top\/tr\/kayit-bonusu\/"]}]},{"@type":"BreadcrumbList","@id":"https:\/\/casino-site-amp100.top\/tr\/kayit-bonusu\/#breadcrumb","itemListElement":[{"@type":"ListItem","position":1,"name":"Home","item":"https:\/\/casino-site-amp100.top\/"},{"@type":"ListItem","position":2,"name":"Kay\u0131t Bonusu"}]},{"@type":"WebSite","@id":"https:\/\/casino-site-amp100.top\/#website","url":"https:\/\/casino-site-amp100.top\/","name":"casino-site-amp100.top","description":"","potentialAction":[{"@type":"SearchAction","target":{"@type":"EntryPoint","urlTemplate":"https:\/\/casino-site-amp100.top\/?s={search_term_string}"},"query-input":{"@type":"PropertyValueSpecification","valueRequired":true,"valueName":"search_term_string"}}],"inLanguage":"ru-RU"}]}},"amp_enabled":true,"_links":{"self":[{"href":"https:\/\/casino-site-amp100.top\/wp-json\/wp\/v2\/pages\/2868","targetHints":{"allow":["GET"]}}],"collection":[{"href":"https:\/\/casino-site-amp100.top\/wp-json\/wp\/v2\/pages"}],"about":[{"href":"https:\/\/casino-site-amp100.top\/wp-json\/wp\/v2\/types\/page"}],"author":[{"embeddable":true,"href":"https:\/\/casino-site-amp100.top\/wp-json\/wp\/v2\/users\/1"}],"replies":[{"embeddable":true,"href":"https:\/\/casino-site-amp100.top\/wp-json\/wp\/v2\/comments?post=2868"}],"version-history":[{"count":2,"href":"https:\/\/casino-site-amp100.top\/wp-json\/wp\/v2\/pages\/2868\/revisions"}],"predecessor-version":[{"id":2870,"href":"https:\/\/casino-site-amp100.top\/wp-json\/wp\/v2\/pages\/2868\/revisions\/2870"}],"wp:attachment":[{"href":"https:\/\/casino-site-amp100.top\/wp-json\/wp\/v2\/media?parent=2868"}],"curies":[{"name":"wp","href":"https:\/\/api.w.org\/{rel}","templated":true}]}}