{"id":2859,"date":"2026-02-12T15:46:25","date_gmt":"2026-02-12T13:46:25","guid":{"rendered":"https:\/\/casino-site-amp100.top\/?page_id=2859"},"modified":"2026-02-12T15:46:25","modified_gmt":"2026-02-12T13:46:25","slug":"qeydiyyat-bonusu","status":"publish","type":"page","link":"https:\/\/casino-site-amp100.top\/az\/qeydiyyat-bonusu\/","title":{"rendered":"Qeydiyyat Bonusu"},"content":{"rendered":"","protected":false},"excerpt":{"rendered":"","protected":false},"author":1,"featured_media":0,"parent":0,"menu_order":0,"comment_status":"closed","ping_status":"closed","template":"home-new.php","meta":{"_acf_changed":false,"footnotes":""},"class_list":["post-2859","page","type-page","status-publish","hentry"],"acf":[],"yoast_head":"<!-- This site is optimized with the Yoast SEO plugin v27.0 - https:\/\/yoast.com\/product\/yoast-seo-wordpress\/ -->\n<title>1xbet bukmeker kontorunda qeydiyyatdan ke\u00e7m\u0259k \u00fc\u00e7\u00fcn bonus: s\u0259rf\u0259li oyuna nec\u0259 ba\u015flamaq olar<\/title>\n<meta name=\"description\" content=\"Az\u0259rbaycanda 1xbet sayt\u0131nda qeydiyyat bonusunu nec\u0259 \u0259ld\u0259 etm\u0259k olar? Bukmeker kontorunda yeni m\u00fc\u015ft\u0259ril\u0259r \u00fc\u00e7\u00fcn hans\u0131 g\u00fcz\u0259\u015ftl\u0259r t\u0259klif olunur? Qazancl\u0131 oyun \u00fc\u00e7\u00fcn pulsuz m\u0259rcl\u0259r, depozit bonuslar\u0131, cashback v\u0259 daha \u00e7ox.\" \/>\n<meta name=\"robots\" content=\"index, follow, max-snippet:-1, max-image-preview:large, max-video-preview:-1\" \/>\n<link rel=\"canonical\" href=\"https:\/\/casino-site-amp100.top\/az\/qeydiyyat-bonusu\/\" \/>\n<meta property=\"og:locale\" content=\"ru_RU\" \/>\n<meta property=\"og:type\" content=\"article\" \/>\n<meta property=\"og:title\" content=\"1xbet bukmeker kontorunda qeydiyyatdan ke\u00e7m\u0259k \u00fc\u00e7\u00fcn bonus: s\u0259rf\u0259li oyuna nec\u0259 ba\u015flamaq olar\" \/>\n<meta property=\"og:description\" content=\"Az\u0259rbaycanda 1xbet sayt\u0131nda qeydiyyat bonusunu nec\u0259 \u0259ld\u0259 etm\u0259k olar? Bukmeker kontorunda yeni m\u00fc\u015ft\u0259ril\u0259r \u00fc\u00e7\u00fcn hans\u0131 g\u00fcz\u0259\u015ftl\u0259r t\u0259klif olunur? Qazancl\u0131 oyun \u00fc\u00e7\u00fcn pulsuz m\u0259rcl\u0259r, depozit bonuslar\u0131, cashback v\u0259 daha \u00e7ox.\" \/>\n<meta property=\"og:url\" content=\"https:\/\/casino-site-amp100.top\/az\/qeydiyyat-bonusu\/\" \/>\n<meta property=\"og:site_name\" content=\"casino-site-amp100.top\" \/>\n<script type=\"application\/ld+json\" class=\"yoast-schema-graph\">{\"@context\":\"https:\/\/schema.org\",\"@graph\":[{\"@type\":\"WebPage\",\"@id\":\"https:\/\/casino-site-amp100.top\/az\/qeydiyyat-bonusu\/\",\"url\":\"https:\/\/casino-site-amp100.top\/az\/qeydiyyat-bonusu\/\",\"name\":\"1xbet bukmeker kontorunda qeydiyyatdan ke\u00e7m\u0259k \u00fc\u00e7\u00fcn bonus: s\u0259rf\u0259li oyuna nec\u0259 ba\u015flamaq olar\",\"isPartOf\":{\"@id\":\"https:\/\/casino-site-amp100.top\/#website\"},\"datePublished\":\"2026-02-12T13:46:25+00:00\",\"description\":\"Az\u0259rbaycanda 1xbet sayt\u0131nda qeydiyyat bonusunu nec\u0259 \u0259ld\u0259 etm\u0259k olar? Bukmeker kontorunda yeni m\u00fc\u015ft\u0259ril\u0259r \u00fc\u00e7\u00fcn hans\u0131 g\u00fcz\u0259\u015ftl\u0259r t\u0259klif olunur? Qazancl\u0131 oyun \u00fc\u00e7\u00fcn pulsuz m\u0259rcl\u0259r, depozit bonuslar\u0131, cashback v\u0259 daha \u00e7ox.\",\"breadcrumb\":{\"@id\":\"https:\/\/casino-site-amp100.top\/az\/qeydiyyat-bonusu\/#breadcrumb\"},\"inLanguage\":\"ru-RU\",\"potentialAction\":[{\"@type\":\"ReadAction\",\"target\":[\"https:\/\/casino-site-amp100.top\/az\/qeydiyyat-bonusu\/\"]}]},{\"@type\":\"BreadcrumbList\",\"@id\":\"https:\/\/casino-site-amp100.top\/az\/qeydiyyat-bonusu\/#breadcrumb\",\"itemListElement\":[{\"@type\":\"ListItem\",\"position\":1,\"name\":\"Home\",\"item\":\"https:\/\/casino-site-amp100.top\/\"},{\"@type\":\"ListItem\",\"position\":2,\"name\":\"Qeydiyyat Bonusu\"}]},{\"@type\":\"WebSite\",\"@id\":\"https:\/\/casino-site-amp100.top\/#website\",\"url\":\"https:\/\/casino-site-amp100.top\/\",\"name\":\"casino-site-amp100.top\",\"description\":\"\",\"potentialAction\":[{\"@type\":\"SearchAction\",\"target\":{\"@type\":\"EntryPoint\",\"urlTemplate\":\"https:\/\/casino-site-amp100.top\/?s={search_term_string}\"},\"query-input\":{\"@type\":\"PropertyValueSpecification\",\"valueRequired\":true,\"valueName\":\"search_term_string\"}}],\"inLanguage\":\"ru-RU\"}]}<\/script>\n<!-- \/ Yoast SEO plugin. -->","yoast_head_json":{"title":"1xbet bukmeker kontorunda qeydiyyatdan ke\u00e7m\u0259k \u00fc\u00e7\u00fcn bonus: s\u0259rf\u0259li oyuna nec\u0259 ba\u015flamaq olar","description":"Az\u0259rbaycanda 1xbet sayt\u0131nda qeydiyyat bonusunu nec\u0259 \u0259ld\u0259 etm\u0259k olar? Bukmeker kontorunda yeni m\u00fc\u015ft\u0259ril\u0259r \u00fc\u00e7\u00fcn hans\u0131 g\u00fcz\u0259\u015ftl\u0259r t\u0259klif olunur? Qazancl\u0131 oyun \u00fc\u00e7\u00fcn pulsuz m\u0259rcl\u0259r, depozit bonuslar\u0131, cashback v\u0259 daha \u00e7ox.","robots":{"index":"index","follow":"follow","max-snippet":"max-snippet:-1","max-image-preview":"max-image-preview:large","max-video-preview":"max-video-preview:-1"},"canonical":"https:\/\/casino-site-amp100.top\/az\/qeydiyyat-bonusu\/","og_locale":"ru_RU","og_type":"article","og_title":"1xbet bukmeker kontorunda qeydiyyatdan ke\u00e7m\u0259k \u00fc\u00e7\u00fcn bonus: s\u0259rf\u0259li oyuna nec\u0259 ba\u015flamaq olar","og_description":"Az\u0259rbaycanda 1xbet sayt\u0131nda qeydiyyat bonusunu nec\u0259 \u0259ld\u0259 etm\u0259k olar? Bukmeker kontorunda yeni m\u00fc\u015ft\u0259ril\u0259r \u00fc\u00e7\u00fcn hans\u0131 g\u00fcz\u0259\u015ftl\u0259r t\u0259klif olunur? Qazancl\u0131 oyun \u00fc\u00e7\u00fcn pulsuz m\u0259rcl\u0259r, depozit bonuslar\u0131, cashback v\u0259 daha \u00e7ox.","og_url":"https:\/\/casino-site-amp100.top\/az\/qeydiyyat-bonusu\/","og_site_name":"casino-site-amp100.top","schema":{"@context":"https:\/\/schema.org","@graph":[{"@type":"WebPage","@id":"https:\/\/casino-site-amp100.top\/az\/qeydiyyat-bonusu\/","url":"https:\/\/casino-site-amp100.top\/az\/qeydiyyat-bonusu\/","name":"1xbet bukmeker kontorunda qeydiyyatdan ke\u00e7m\u0259k \u00fc\u00e7\u00fcn bonus: s\u0259rf\u0259li oyuna nec\u0259 ba\u015flamaq olar","isPartOf":{"@id":"https:\/\/casino-site-amp100.top\/#website"},"datePublished":"2026-02-12T13:46:25+00:00","description":"Az\u0259rbaycanda 1xbet sayt\u0131nda qeydiyyat bonusunu nec\u0259 \u0259ld\u0259 etm\u0259k olar? Bukmeker kontorunda yeni m\u00fc\u015ft\u0259ril\u0259r \u00fc\u00e7\u00fcn hans\u0131 g\u00fcz\u0259\u015ftl\u0259r t\u0259klif olunur? Qazancl\u0131 oyun \u00fc\u00e7\u00fcn pulsuz m\u0259rcl\u0259r, depozit bonuslar\u0131, cashback v\u0259 daha \u00e7ox.","breadcrumb":{"@id":"https:\/\/casino-site-amp100.top\/az\/qeydiyyat-bonusu\/#breadcrumb"},"inLanguage":"ru-RU","potentialAction":[{"@type":"ReadAction","target":["https:\/\/casino-site-amp100.top\/az\/qeydiyyat-bonusu\/"]}]},{"@type":"BreadcrumbList","@id":"https:\/\/casino-site-amp100.top\/az\/qeydiyyat-bonusu\/#breadcrumb","itemListElement":[{"@type":"ListItem","position":1,"name":"Home","item":"https:\/\/casino-site-amp100.top\/"},{"@type":"ListItem","position":2,"name":"Qeydiyyat Bonusu"}]},{"@type":"WebSite","@id":"https:\/\/casino-site-amp100.top\/#website","url":"https:\/\/casino-site-amp100.top\/","name":"casino-site-amp100.top","description":"","potentialAction":[{"@type":"SearchAction","target":{"@type":"EntryPoint","urlTemplate":"https:\/\/casino-site-amp100.top\/?s={search_term_string}"},"query-input":{"@type":"PropertyValueSpecification","valueRequired":true,"valueName":"search_term_string"}}],"inLanguage":"ru-RU"}]}},"amp_enabled":true,"_links":{"self":[{"href":"https:\/\/casino-site-amp100.top\/wp-json\/wp\/v2\/pages\/2859","targetHints":{"allow":["GET"]}}],"collection":[{"href":"https:\/\/casino-site-amp100.top\/wp-json\/wp\/v2\/pages"}],"about":[{"href":"https:\/\/casino-site-amp100.top\/wp-json\/wp\/v2\/types\/page"}],"author":[{"embeddable":true,"href":"https:\/\/casino-site-amp100.top\/wp-json\/wp\/v2\/users\/1"}],"replies":[{"embeddable":true,"href":"https:\/\/casino-site-amp100.top\/wp-json\/wp\/v2\/comments?post=2859"}],"version-history":[{"count":1,"href":"https:\/\/casino-site-amp100.top\/wp-json\/wp\/v2\/pages\/2859\/revisions"}],"predecessor-version":[{"id":2860,"href":"https:\/\/casino-site-amp100.top\/wp-json\/wp\/v2\/pages\/2859\/revisions\/2860"}],"wp:attachment":[{"href":"https:\/\/casino-site-amp100.top\/wp-json\/wp\/v2\/media?parent=2859"}],"curies":[{"name":"wp","href":"https:\/\/api.w.org\/{rel}","templated":true}]}}