{"id":2818,"date":"2026-02-12T13:47:03","date_gmt":"2026-02-12T11:47:03","guid":{"rendered":"https:\/\/casino-site-amp100.top\/?page_id=2818"},"modified":"2026-02-12T13:47:03","modified_gmt":"2026-02-12T11:47:03","slug":"cevrimici-bahis","status":"publish","type":"page","link":"https:\/\/casino-site-amp100.top\/tr\/cevrimici-bahis\/","title":{"rendered":"\u00c7evrimi\u00e7i bahis"},"content":{"rendered":"","protected":false},"excerpt":{"rendered":"","protected":false},"author":1,"featured_media":0,"parent":0,"menu_order":0,"comment_status":"closed","ping_status":"closed","template":"home-new.php","meta":{"_acf_changed":false,"footnotes":""},"class_list":["post-2818","page","type-page","status-publish","hentry"],"acf":[],"yoast_head":"<!-- This site is optimized with the Yoast SEO plugin v27.0 - https:\/\/yoast.com\/product\/yoast-seo-wordpress\/ -->\n<title>\u00c7evrimi\u00e7i Bahis T\u00fcrkiye: Sanal Bahislerin \u00d6zellikleri ve Avantajlar\u0131<\/title>\n<meta name=\"description\" content=\"T\u00fcrkiye bahis siteleri, heyecan verici ve kazan\u00e7l\u0131 bahisler i\u00e7in \u00e7e\u015fitli f\u0131rsatlar sunuyor. Bakiyenizi art\u0131rmak i\u00e7in sporlara \u00e7evrimi\u00e7i bahis nas\u0131l yap\u0131l\u0131r\" \/>\n<meta name=\"robots\" content=\"index, follow, max-snippet:-1, max-image-preview:large, max-video-preview:-1\" \/>\n<link rel=\"canonical\" href=\"https:\/\/casino-site-amp100.top\/tr\/cevrimici-bahis\/\" \/>\n<meta property=\"og:locale\" content=\"ru_RU\" \/>\n<meta property=\"og:type\" content=\"article\" \/>\n<meta property=\"og:title\" content=\"\u00c7evrimi\u00e7i Bahis T\u00fcrkiye: Sanal Bahislerin \u00d6zellikleri ve Avantajlar\u0131\" \/>\n<meta property=\"og:description\" content=\"T\u00fcrkiye bahis siteleri, heyecan verici ve kazan\u00e7l\u0131 bahisler i\u00e7in \u00e7e\u015fitli f\u0131rsatlar sunuyor. Bakiyenizi art\u0131rmak i\u00e7in sporlara \u00e7evrimi\u00e7i bahis nas\u0131l yap\u0131l\u0131r\" \/>\n<meta property=\"og:url\" content=\"https:\/\/casino-site-amp100.top\/tr\/cevrimici-bahis\/\" \/>\n<meta property=\"og:site_name\" content=\"casino-site-amp100.top\" \/>\n<script type=\"application\/ld+json\" class=\"yoast-schema-graph\">{\"@context\":\"https:\/\/schema.org\",\"@graph\":[{\"@type\":\"WebPage\",\"@id\":\"https:\/\/casino-site-amp100.top\/tr\/cevrimici-bahis\/\",\"url\":\"https:\/\/casino-site-amp100.top\/tr\/cevrimici-bahis\/\",\"name\":\"\u00c7evrimi\u00e7i Bahis T\u00fcrkiye: Sanal Bahislerin \u00d6zellikleri ve Avantajlar\u0131\",\"isPartOf\":{\"@id\":\"https:\/\/casino-site-amp100.top\/#website\"},\"datePublished\":\"2026-02-12T11:47:03+00:00\",\"description\":\"T\u00fcrkiye bahis siteleri, heyecan verici ve kazan\u00e7l\u0131 bahisler i\u00e7in \u00e7e\u015fitli f\u0131rsatlar sunuyor. Bakiyenizi art\u0131rmak i\u00e7in sporlara \u00e7evrimi\u00e7i bahis nas\u0131l yap\u0131l\u0131r\",\"breadcrumb\":{\"@id\":\"https:\/\/casino-site-amp100.top\/tr\/cevrimici-bahis\/#breadcrumb\"},\"inLanguage\":\"ru-RU\",\"potentialAction\":[{\"@type\":\"ReadAction\",\"target\":[\"https:\/\/casino-site-amp100.top\/tr\/cevrimici-bahis\/\"]}]},{\"@type\":\"BreadcrumbList\",\"@id\":\"https:\/\/casino-site-amp100.top\/tr\/cevrimici-bahis\/#breadcrumb\",\"itemListElement\":[{\"@type\":\"ListItem\",\"position\":1,\"name\":\"Home\",\"item\":\"https:\/\/casino-site-amp100.top\/\"},{\"@type\":\"ListItem\",\"position\":2,\"name\":\"\u00c7evrimi\u00e7i bahis\"}]},{\"@type\":\"WebSite\",\"@id\":\"https:\/\/casino-site-amp100.top\/#website\",\"url\":\"https:\/\/casino-site-amp100.top\/\",\"name\":\"casino-site-amp100.top\",\"description\":\"\",\"potentialAction\":[{\"@type\":\"SearchAction\",\"target\":{\"@type\":\"EntryPoint\",\"urlTemplate\":\"https:\/\/casino-site-amp100.top\/?s={search_term_string}\"},\"query-input\":{\"@type\":\"PropertyValueSpecification\",\"valueRequired\":true,\"valueName\":\"search_term_string\"}}],\"inLanguage\":\"ru-RU\"}]}<\/script>\n<!-- \/ Yoast SEO plugin. -->","yoast_head_json":{"title":"\u00c7evrimi\u00e7i Bahis T\u00fcrkiye: Sanal Bahislerin \u00d6zellikleri ve Avantajlar\u0131","description":"T\u00fcrkiye bahis siteleri, heyecan verici ve kazan\u00e7l\u0131 bahisler i\u00e7in \u00e7e\u015fitli f\u0131rsatlar sunuyor. Bakiyenizi art\u0131rmak i\u00e7in sporlara \u00e7evrimi\u00e7i bahis nas\u0131l yap\u0131l\u0131r","robots":{"index":"index","follow":"follow","max-snippet":"max-snippet:-1","max-image-preview":"max-image-preview:large","max-video-preview":"max-video-preview:-1"},"canonical":"https:\/\/casino-site-amp100.top\/tr\/cevrimici-bahis\/","og_locale":"ru_RU","og_type":"article","og_title":"\u00c7evrimi\u00e7i Bahis T\u00fcrkiye: Sanal Bahislerin \u00d6zellikleri ve Avantajlar\u0131","og_description":"T\u00fcrkiye bahis siteleri, heyecan verici ve kazan\u00e7l\u0131 bahisler i\u00e7in \u00e7e\u015fitli f\u0131rsatlar sunuyor. Bakiyenizi art\u0131rmak i\u00e7in sporlara \u00e7evrimi\u00e7i bahis nas\u0131l yap\u0131l\u0131r","og_url":"https:\/\/casino-site-amp100.top\/tr\/cevrimici-bahis\/","og_site_name":"casino-site-amp100.top","schema":{"@context":"https:\/\/schema.org","@graph":[{"@type":"WebPage","@id":"https:\/\/casino-site-amp100.top\/tr\/cevrimici-bahis\/","url":"https:\/\/casino-site-amp100.top\/tr\/cevrimici-bahis\/","name":"\u00c7evrimi\u00e7i Bahis T\u00fcrkiye: Sanal Bahislerin \u00d6zellikleri ve Avantajlar\u0131","isPartOf":{"@id":"https:\/\/casino-site-amp100.top\/#website"},"datePublished":"2026-02-12T11:47:03+00:00","description":"T\u00fcrkiye bahis siteleri, heyecan verici ve kazan\u00e7l\u0131 bahisler i\u00e7in \u00e7e\u015fitli f\u0131rsatlar sunuyor. Bakiyenizi art\u0131rmak i\u00e7in sporlara \u00e7evrimi\u00e7i bahis nas\u0131l yap\u0131l\u0131r","breadcrumb":{"@id":"https:\/\/casino-site-amp100.top\/tr\/cevrimici-bahis\/#breadcrumb"},"inLanguage":"ru-RU","potentialAction":[{"@type":"ReadAction","target":["https:\/\/casino-site-amp100.top\/tr\/cevrimici-bahis\/"]}]},{"@type":"BreadcrumbList","@id":"https:\/\/casino-site-amp100.top\/tr\/cevrimici-bahis\/#breadcrumb","itemListElement":[{"@type":"ListItem","position":1,"name":"Home","item":"https:\/\/casino-site-amp100.top\/"},{"@type":"ListItem","position":2,"name":"\u00c7evrimi\u00e7i bahis"}]},{"@type":"WebSite","@id":"https:\/\/casino-site-amp100.top\/#website","url":"https:\/\/casino-site-amp100.top\/","name":"casino-site-amp100.top","description":"","potentialAction":[{"@type":"SearchAction","target":{"@type":"EntryPoint","urlTemplate":"https:\/\/casino-site-amp100.top\/?s={search_term_string}"},"query-input":{"@type":"PropertyValueSpecification","valueRequired":true,"valueName":"search_term_string"}}],"inLanguage":"ru-RU"}]}},"amp_enabled":true,"_links":{"self":[{"href":"https:\/\/casino-site-amp100.top\/wp-json\/wp\/v2\/pages\/2818","targetHints":{"allow":["GET"]}}],"collection":[{"href":"https:\/\/casino-site-amp100.top\/wp-json\/wp\/v2\/pages"}],"about":[{"href":"https:\/\/casino-site-amp100.top\/wp-json\/wp\/v2\/types\/page"}],"author":[{"embeddable":true,"href":"https:\/\/casino-site-amp100.top\/wp-json\/wp\/v2\/users\/1"}],"replies":[{"embeddable":true,"href":"https:\/\/casino-site-amp100.top\/wp-json\/wp\/v2\/comments?post=2818"}],"version-history":[{"count":1,"href":"https:\/\/casino-site-amp100.top\/wp-json\/wp\/v2\/pages\/2818\/revisions"}],"predecessor-version":[{"id":2819,"href":"https:\/\/casino-site-amp100.top\/wp-json\/wp\/v2\/pages\/2818\/revisions\/2819"}],"wp:attachment":[{"href":"https:\/\/casino-site-amp100.top\/wp-json\/wp\/v2\/media?parent=2818"}],"curies":[{"name":"wp","href":"https:\/\/api.w.org\/{rel}","templated":true}]}}