{"id":2802,"date":"2026-02-12T11:47:11","date_gmt":"2026-02-12T09:47:11","guid":{"rendered":"https:\/\/casino-site-amp100.top\/?page_id=2802"},"modified":"2026-02-12T11:47:11","modified_gmt":"2026-02-12T09:47:11","slug":"canli-bahis","status":"publish","type":"page","link":"https:\/\/casino-site-amp100.top\/tr\/canli-bahis\/","title":{"rendered":"Canl\u0131 bahis"},"content":{"rendered":"","protected":false},"excerpt":{"rendered":"","protected":false},"author":1,"featured_media":0,"parent":0,"menu_order":0,"comment_status":"closed","ping_status":"closed","template":"home-new.php","meta":{"_acf_changed":false,"footnotes":""},"class_list":["post-2802","page","type-page","status-publish","hentry"],"acf":[],"yoast_head":"<!-- This site is optimized with the Yoast SEO plugin v27.0 - https:\/\/yoast.com\/product\/yoast-seo-wordpress\/ -->\n<title>1xBet&#039;te canl\u0131 bahis: nedir, nas\u0131l yap\u0131l\u0131r ve oranlar\u0131n dinamikleri<\/title>\n<meta name=\"description\" content=\"1xBet T\u00fcrkiye bahis b\u00fcrosunda canl\u0131 bahis nas\u0131l yap\u0131l\u0131r? Canl\u0131 bahiste spor m\u00fcsabakalar\u0131na ait oranlar nas\u0131l de\u011fi\u015fiyor? Bu bahis t\u00fcr\u00fcn\u00fcn oyuncular a\u00e7\u0131s\u0131ndan avantajlar\u0131 ve dezavantajlar\u0131.\" \/>\n<meta name=\"robots\" content=\"index, follow, max-snippet:-1, max-image-preview:large, max-video-preview:-1\" \/>\n<link rel=\"canonical\" href=\"https:\/\/casino-site-amp100.top\/tr\/canli-bahis\/\" \/>\n<meta property=\"og:locale\" content=\"ru_RU\" \/>\n<meta property=\"og:type\" content=\"article\" \/>\n<meta property=\"og:title\" content=\"1xBet&#039;te canl\u0131 bahis: nedir, nas\u0131l yap\u0131l\u0131r ve oranlar\u0131n dinamikleri\" \/>\n<meta property=\"og:description\" content=\"1xBet T\u00fcrkiye bahis b\u00fcrosunda canl\u0131 bahis nas\u0131l yap\u0131l\u0131r? Canl\u0131 bahiste spor m\u00fcsabakalar\u0131na ait oranlar nas\u0131l de\u011fi\u015fiyor? Bu bahis t\u00fcr\u00fcn\u00fcn oyuncular a\u00e7\u0131s\u0131ndan avantajlar\u0131 ve dezavantajlar\u0131.\" \/>\n<meta property=\"og:url\" content=\"https:\/\/casino-site-amp100.top\/tr\/canli-bahis\/\" \/>\n<meta property=\"og:site_name\" content=\"casino-site-amp100.top\" \/>\n<script type=\"application\/ld+json\" class=\"yoast-schema-graph\">{\"@context\":\"https:\/\/schema.org\",\"@graph\":[{\"@type\":\"WebPage\",\"@id\":\"https:\/\/casino-site-amp100.top\/tr\/canli-bahis\/\",\"url\":\"https:\/\/casino-site-amp100.top\/tr\/canli-bahis\/\",\"name\":\"1xBet'te canl\u0131 bahis: nedir, nas\u0131l yap\u0131l\u0131r ve oranlar\u0131n dinamikleri\",\"isPartOf\":{\"@id\":\"https:\/\/casino-site-amp100.top\/#website\"},\"datePublished\":\"2026-02-12T09:47:11+00:00\",\"description\":\"1xBet T\u00fcrkiye bahis b\u00fcrosunda canl\u0131 bahis nas\u0131l yap\u0131l\u0131r? Canl\u0131 bahiste spor m\u00fcsabakalar\u0131na ait oranlar nas\u0131l de\u011fi\u015fiyor? Bu bahis t\u00fcr\u00fcn\u00fcn oyuncular a\u00e7\u0131s\u0131ndan avantajlar\u0131 ve dezavantajlar\u0131.\",\"breadcrumb\":{\"@id\":\"https:\/\/casino-site-amp100.top\/tr\/canli-bahis\/#breadcrumb\"},\"inLanguage\":\"ru-RU\",\"potentialAction\":[{\"@type\":\"ReadAction\",\"target\":[\"https:\/\/casino-site-amp100.top\/tr\/canli-bahis\/\"]}]},{\"@type\":\"BreadcrumbList\",\"@id\":\"https:\/\/casino-site-amp100.top\/tr\/canli-bahis\/#breadcrumb\",\"itemListElement\":[{\"@type\":\"ListItem\",\"position\":1,\"name\":\"Home\",\"item\":\"https:\/\/casino-site-amp100.top\/\"},{\"@type\":\"ListItem\",\"position\":2,\"name\":\"Canl\u0131 bahis\"}]},{\"@type\":\"WebSite\",\"@id\":\"https:\/\/casino-site-amp100.top\/#website\",\"url\":\"https:\/\/casino-site-amp100.top\/\",\"name\":\"casino-site-amp100.top\",\"description\":\"\",\"potentialAction\":[{\"@type\":\"SearchAction\",\"target\":{\"@type\":\"EntryPoint\",\"urlTemplate\":\"https:\/\/casino-site-amp100.top\/?s={search_term_string}\"},\"query-input\":{\"@type\":\"PropertyValueSpecification\",\"valueRequired\":true,\"valueName\":\"search_term_string\"}}],\"inLanguage\":\"ru-RU\"}]}<\/script>\n<!-- \/ Yoast SEO plugin. -->","yoast_head_json":{"title":"1xBet'te canl\u0131 bahis: nedir, nas\u0131l yap\u0131l\u0131r ve oranlar\u0131n dinamikleri","description":"1xBet T\u00fcrkiye bahis b\u00fcrosunda canl\u0131 bahis nas\u0131l yap\u0131l\u0131r? Canl\u0131 bahiste spor m\u00fcsabakalar\u0131na ait oranlar nas\u0131l de\u011fi\u015fiyor? Bu bahis t\u00fcr\u00fcn\u00fcn oyuncular a\u00e7\u0131s\u0131ndan avantajlar\u0131 ve dezavantajlar\u0131.","robots":{"index":"index","follow":"follow","max-snippet":"max-snippet:-1","max-image-preview":"max-image-preview:large","max-video-preview":"max-video-preview:-1"},"canonical":"https:\/\/casino-site-amp100.top\/tr\/canli-bahis\/","og_locale":"ru_RU","og_type":"article","og_title":"1xBet'te canl\u0131 bahis: nedir, nas\u0131l yap\u0131l\u0131r ve oranlar\u0131n dinamikleri","og_description":"1xBet T\u00fcrkiye bahis b\u00fcrosunda canl\u0131 bahis nas\u0131l yap\u0131l\u0131r? Canl\u0131 bahiste spor m\u00fcsabakalar\u0131na ait oranlar nas\u0131l de\u011fi\u015fiyor? Bu bahis t\u00fcr\u00fcn\u00fcn oyuncular a\u00e7\u0131s\u0131ndan avantajlar\u0131 ve dezavantajlar\u0131.","og_url":"https:\/\/casino-site-amp100.top\/tr\/canli-bahis\/","og_site_name":"casino-site-amp100.top","schema":{"@context":"https:\/\/schema.org","@graph":[{"@type":"WebPage","@id":"https:\/\/casino-site-amp100.top\/tr\/canli-bahis\/","url":"https:\/\/casino-site-amp100.top\/tr\/canli-bahis\/","name":"1xBet'te canl\u0131 bahis: nedir, nas\u0131l yap\u0131l\u0131r ve oranlar\u0131n dinamikleri","isPartOf":{"@id":"https:\/\/casino-site-amp100.top\/#website"},"datePublished":"2026-02-12T09:47:11+00:00","description":"1xBet T\u00fcrkiye bahis b\u00fcrosunda canl\u0131 bahis nas\u0131l yap\u0131l\u0131r? Canl\u0131 bahiste spor m\u00fcsabakalar\u0131na ait oranlar nas\u0131l de\u011fi\u015fiyor? Bu bahis t\u00fcr\u00fcn\u00fcn oyuncular a\u00e7\u0131s\u0131ndan avantajlar\u0131 ve dezavantajlar\u0131.","breadcrumb":{"@id":"https:\/\/casino-site-amp100.top\/tr\/canli-bahis\/#breadcrumb"},"inLanguage":"ru-RU","potentialAction":[{"@type":"ReadAction","target":["https:\/\/casino-site-amp100.top\/tr\/canli-bahis\/"]}]},{"@type":"BreadcrumbList","@id":"https:\/\/casino-site-amp100.top\/tr\/canli-bahis\/#breadcrumb","itemListElement":[{"@type":"ListItem","position":1,"name":"Home","item":"https:\/\/casino-site-amp100.top\/"},{"@type":"ListItem","position":2,"name":"Canl\u0131 bahis"}]},{"@type":"WebSite","@id":"https:\/\/casino-site-amp100.top\/#website","url":"https:\/\/casino-site-amp100.top\/","name":"casino-site-amp100.top","description":"","potentialAction":[{"@type":"SearchAction","target":{"@type":"EntryPoint","urlTemplate":"https:\/\/casino-site-amp100.top\/?s={search_term_string}"},"query-input":{"@type":"PropertyValueSpecification","valueRequired":true,"valueName":"search_term_string"}}],"inLanguage":"ru-RU"}]}},"amp_enabled":true,"_links":{"self":[{"href":"https:\/\/casino-site-amp100.top\/wp-json\/wp\/v2\/pages\/2802","targetHints":{"allow":["GET"]}}],"collection":[{"href":"https:\/\/casino-site-amp100.top\/wp-json\/wp\/v2\/pages"}],"about":[{"href":"https:\/\/casino-site-amp100.top\/wp-json\/wp\/v2\/types\/page"}],"author":[{"embeddable":true,"href":"https:\/\/casino-site-amp100.top\/wp-json\/wp\/v2\/users\/1"}],"replies":[{"embeddable":true,"href":"https:\/\/casino-site-amp100.top\/wp-json\/wp\/v2\/comments?post=2802"}],"version-history":[{"count":1,"href":"https:\/\/casino-site-amp100.top\/wp-json\/wp\/v2\/pages\/2802\/revisions"}],"predecessor-version":[{"id":2803,"href":"https:\/\/casino-site-amp100.top\/wp-json\/wp\/v2\/pages\/2802\/revisions\/2803"}],"wp:attachment":[{"href":"https:\/\/casino-site-amp100.top\/wp-json\/wp\/v2\/media?parent=2802"}],"curies":[{"name":"wp","href":"https:\/\/api.w.org\/{rel}","templated":true}]}}