{"id":2793,"date":"2026-02-12T11:34:13","date_gmt":"2026-02-12T09:34:13","guid":{"rendered":"https:\/\/casino-site-amp100.top\/?page_id=2793"},"modified":"2026-02-12T11:34:13","modified_gmt":"2026-02-12T09:34:13","slug":"canli-m%c9%99rc","status":"publish","type":"page","link":"https:\/\/casino-site-amp100.top\/az\/canli-m%c9%99rc\/","title":{"rendered":"Canl\u0131 m\u0259rc"},"content":{"rendered":"","protected":false},"excerpt":{"rendered":"","protected":false},"author":1,"featured_media":0,"parent":0,"menu_order":0,"comment_status":"closed","ping_status":"closed","template":"home-new.php","meta":{"_acf_changed":false,"footnotes":""},"class_list":["post-2793","page","type-page","status-publish","hentry"],"acf":[],"yoast_head":"<!-- This site is optimized with the Yoast SEO plugin v27.0 - https:\/\/yoast.com\/product\/yoast-seo-wordpress\/ -->\n<title>1xBet-d\u0259 canl\u0131 m\u0259rc: bu n\u0259dir, bunu nec\u0259 etm\u0259k olar v\u0259 \u0259msallar\u0131n dinamikas\u0131<\/title>\n<meta name=\"description\" content=\"1xBet Az\u0259rbaycan bukmeker kontorunda canl\u0131 m\u0259rcl\u0259ri nec\u0259 etm\u0259k olar? Canl\u0131 m\u0259rcd\u0259 idman hadis\u0259l\u0259ri \u00fc\u00e7\u00fcn \u0259msallar nec\u0259 d\u0259yi\u015fir? Oyun\u00e7ular \u00fc\u00e7\u00fcn bu n\u00f6v bahisin \u00fcst\u00fcnl\u00fckl\u0259ri v\u0259 m\u0259nfi c\u0259h\u0259tl\u0259ri.\" \/>\n<meta name=\"robots\" content=\"index, follow, max-snippet:-1, max-image-preview:large, max-video-preview:-1\" \/>\n<link rel=\"canonical\" href=\"https:\/\/casino-site-amp100.top\/az\/canli-m\u0259rc\/\" \/>\n<meta property=\"og:locale\" content=\"ru_RU\" \/>\n<meta property=\"og:type\" content=\"article\" \/>\n<meta property=\"og:title\" content=\"1xBet-d\u0259 canl\u0131 m\u0259rc: bu n\u0259dir, bunu nec\u0259 etm\u0259k olar v\u0259 \u0259msallar\u0131n dinamikas\u0131\" \/>\n<meta property=\"og:description\" content=\"1xBet Az\u0259rbaycan bukmeker kontorunda canl\u0131 m\u0259rcl\u0259ri nec\u0259 etm\u0259k olar? Canl\u0131 m\u0259rcd\u0259 idman hadis\u0259l\u0259ri \u00fc\u00e7\u00fcn \u0259msallar nec\u0259 d\u0259yi\u015fir? Oyun\u00e7ular \u00fc\u00e7\u00fcn bu n\u00f6v bahisin \u00fcst\u00fcnl\u00fckl\u0259ri v\u0259 m\u0259nfi c\u0259h\u0259tl\u0259ri.\" \/>\n<meta property=\"og:url\" content=\"https:\/\/casino-site-amp100.top\/az\/canli-m\u0259rc\/\" \/>\n<meta property=\"og:site_name\" content=\"casino-site-amp100.top\" \/>\n<script type=\"application\/ld+json\" class=\"yoast-schema-graph\">{\"@context\":\"https:\/\/schema.org\",\"@graph\":[{\"@type\":\"WebPage\",\"@id\":\"https:\/\/casino-site-amp100.top\/az\/canli-m%c9%99rc\/\",\"url\":\"https:\/\/casino-site-amp100.top\/az\/canli-m%c9%99rc\/\",\"name\":\"1xBet-d\u0259 canl\u0131 m\u0259rc: bu n\u0259dir, bunu nec\u0259 etm\u0259k olar v\u0259 \u0259msallar\u0131n dinamikas\u0131\",\"isPartOf\":{\"@id\":\"https:\/\/casino-site-amp100.top\/#website\"},\"datePublished\":\"2026-02-12T09:34:13+00:00\",\"description\":\"1xBet Az\u0259rbaycan bukmeker kontorunda canl\u0131 m\u0259rcl\u0259ri nec\u0259 etm\u0259k olar? Canl\u0131 m\u0259rcd\u0259 idman hadis\u0259l\u0259ri \u00fc\u00e7\u00fcn \u0259msallar nec\u0259 d\u0259yi\u015fir? Oyun\u00e7ular \u00fc\u00e7\u00fcn bu n\u00f6v bahisin \u00fcst\u00fcnl\u00fckl\u0259ri v\u0259 m\u0259nfi c\u0259h\u0259tl\u0259ri.\",\"breadcrumb\":{\"@id\":\"https:\/\/casino-site-amp100.top\/az\/canli-m%c9%99rc\/#breadcrumb\"},\"inLanguage\":\"ru-RU\",\"potentialAction\":[{\"@type\":\"ReadAction\",\"target\":[\"https:\/\/casino-site-amp100.top\/az\/canli-m%c9%99rc\/\"]}]},{\"@type\":\"BreadcrumbList\",\"@id\":\"https:\/\/casino-site-amp100.top\/az\/canli-m%c9%99rc\/#breadcrumb\",\"itemListElement\":[{\"@type\":\"ListItem\",\"position\":1,\"name\":\"Home\",\"item\":\"https:\/\/casino-site-amp100.top\/\"},{\"@type\":\"ListItem\",\"position\":2,\"name\":\"Canl\u0131 m\u0259rc\"}]},{\"@type\":\"WebSite\",\"@id\":\"https:\/\/casino-site-amp100.top\/#website\",\"url\":\"https:\/\/casino-site-amp100.top\/\",\"name\":\"casino-site-amp100.top\",\"description\":\"\",\"potentialAction\":[{\"@type\":\"SearchAction\",\"target\":{\"@type\":\"EntryPoint\",\"urlTemplate\":\"https:\/\/casino-site-amp100.top\/?s={search_term_string}\"},\"query-input\":{\"@type\":\"PropertyValueSpecification\",\"valueRequired\":true,\"valueName\":\"search_term_string\"}}],\"inLanguage\":\"ru-RU\"}]}<\/script>\n<!-- \/ Yoast SEO plugin. -->","yoast_head_json":{"title":"1xBet-d\u0259 canl\u0131 m\u0259rc: bu n\u0259dir, bunu nec\u0259 etm\u0259k olar v\u0259 \u0259msallar\u0131n dinamikas\u0131","description":"1xBet Az\u0259rbaycan bukmeker kontorunda canl\u0131 m\u0259rcl\u0259ri nec\u0259 etm\u0259k olar? Canl\u0131 m\u0259rcd\u0259 idman hadis\u0259l\u0259ri \u00fc\u00e7\u00fcn \u0259msallar nec\u0259 d\u0259yi\u015fir? Oyun\u00e7ular \u00fc\u00e7\u00fcn bu n\u00f6v bahisin \u00fcst\u00fcnl\u00fckl\u0259ri v\u0259 m\u0259nfi c\u0259h\u0259tl\u0259ri.","robots":{"index":"index","follow":"follow","max-snippet":"max-snippet:-1","max-image-preview":"max-image-preview:large","max-video-preview":"max-video-preview:-1"},"canonical":"https:\/\/casino-site-amp100.top\/az\/canli-m\u0259rc\/","og_locale":"ru_RU","og_type":"article","og_title":"1xBet-d\u0259 canl\u0131 m\u0259rc: bu n\u0259dir, bunu nec\u0259 etm\u0259k olar v\u0259 \u0259msallar\u0131n dinamikas\u0131","og_description":"1xBet Az\u0259rbaycan bukmeker kontorunda canl\u0131 m\u0259rcl\u0259ri nec\u0259 etm\u0259k olar? Canl\u0131 m\u0259rcd\u0259 idman hadis\u0259l\u0259ri \u00fc\u00e7\u00fcn \u0259msallar nec\u0259 d\u0259yi\u015fir? Oyun\u00e7ular \u00fc\u00e7\u00fcn bu n\u00f6v bahisin \u00fcst\u00fcnl\u00fckl\u0259ri v\u0259 m\u0259nfi c\u0259h\u0259tl\u0259ri.","og_url":"https:\/\/casino-site-amp100.top\/az\/canli-m\u0259rc\/","og_site_name":"casino-site-amp100.top","schema":{"@context":"https:\/\/schema.org","@graph":[{"@type":"WebPage","@id":"https:\/\/casino-site-amp100.top\/az\/canli-m%c9%99rc\/","url":"https:\/\/casino-site-amp100.top\/az\/canli-m%c9%99rc\/","name":"1xBet-d\u0259 canl\u0131 m\u0259rc: bu n\u0259dir, bunu nec\u0259 etm\u0259k olar v\u0259 \u0259msallar\u0131n dinamikas\u0131","isPartOf":{"@id":"https:\/\/casino-site-amp100.top\/#website"},"datePublished":"2026-02-12T09:34:13+00:00","description":"1xBet Az\u0259rbaycan bukmeker kontorunda canl\u0131 m\u0259rcl\u0259ri nec\u0259 etm\u0259k olar? Canl\u0131 m\u0259rcd\u0259 idman hadis\u0259l\u0259ri \u00fc\u00e7\u00fcn \u0259msallar nec\u0259 d\u0259yi\u015fir? Oyun\u00e7ular \u00fc\u00e7\u00fcn bu n\u00f6v bahisin \u00fcst\u00fcnl\u00fckl\u0259ri v\u0259 m\u0259nfi c\u0259h\u0259tl\u0259ri.","breadcrumb":{"@id":"https:\/\/casino-site-amp100.top\/az\/canli-m%c9%99rc\/#breadcrumb"},"inLanguage":"ru-RU","potentialAction":[{"@type":"ReadAction","target":["https:\/\/casino-site-amp100.top\/az\/canli-m%c9%99rc\/"]}]},{"@type":"BreadcrumbList","@id":"https:\/\/casino-site-amp100.top\/az\/canli-m%c9%99rc\/#breadcrumb","itemListElement":[{"@type":"ListItem","position":1,"name":"Home","item":"https:\/\/casino-site-amp100.top\/"},{"@type":"ListItem","position":2,"name":"Canl\u0131 m\u0259rc"}]},{"@type":"WebSite","@id":"https:\/\/casino-site-amp100.top\/#website","url":"https:\/\/casino-site-amp100.top\/","name":"casino-site-amp100.top","description":"","potentialAction":[{"@type":"SearchAction","target":{"@type":"EntryPoint","urlTemplate":"https:\/\/casino-site-amp100.top\/?s={search_term_string}"},"query-input":{"@type":"PropertyValueSpecification","valueRequired":true,"valueName":"search_term_string"}}],"inLanguage":"ru-RU"}]}},"amp_enabled":true,"_links":{"self":[{"href":"https:\/\/casino-site-amp100.top\/wp-json\/wp\/v2\/pages\/2793","targetHints":{"allow":["GET"]}}],"collection":[{"href":"https:\/\/casino-site-amp100.top\/wp-json\/wp\/v2\/pages"}],"about":[{"href":"https:\/\/casino-site-amp100.top\/wp-json\/wp\/v2\/types\/page"}],"author":[{"embeddable":true,"href":"https:\/\/casino-site-amp100.top\/wp-json\/wp\/v2\/users\/1"}],"replies":[{"embeddable":true,"href":"https:\/\/casino-site-amp100.top\/wp-json\/wp\/v2\/comments?post=2793"}],"version-history":[{"count":1,"href":"https:\/\/casino-site-amp100.top\/wp-json\/wp\/v2\/pages\/2793\/revisions"}],"predecessor-version":[{"id":2794,"href":"https:\/\/casino-site-amp100.top\/wp-json\/wp\/v2\/pages\/2793\/revisions\/2794"}],"wp:attachment":[{"href":"https:\/\/casino-site-amp100.top\/wp-json\/wp\/v2\/media?parent=2793"}],"curies":[{"name":"wp","href":"https:\/\/api.w.org\/{rel}","templated":true}]}}