{"id":2784,"date":"2026-02-12T11:02:38","date_gmt":"2026-02-12T09:02:38","guid":{"rendered":"https:\/\/casino-site-amp100.top\/?page_id=2784"},"modified":"2026-02-12T11:02:38","modified_gmt":"2026-02-12T09:02:38","slug":"spor-bahisleri","status":"publish","type":"page","link":"https:\/\/casino-site-amp100.top\/tr\/spor-bahisleri\/","title":{"rendered":"Spor bahisleri"},"content":{"rendered":"","protected":false},"excerpt":{"rendered":"","protected":false},"author":1,"featured_media":0,"parent":0,"menu_order":0,"comment_status":"closed","ping_status":"closed","template":"home-new.php","meta":{"_acf_changed":false,"footnotes":""},"class_list":["post-2784","page","type-page","status-publish","hentry"],"acf":[],"yoast_head":"<!-- This site is optimized with the Yoast SEO plugin v27.0 - https:\/\/yoast.com\/product\/yoast-seo-wordpress\/ -->\n<title>T\u00fcrkiye bahis\u00e7ilerinin kullan\u0131c\u0131lar\u0131na sundu\u011fu online spor bahisleri<\/title>\n<meta name=\"description\" content=\"T\u00fcrkiye&#039;de spor bahislerinin \u00f6zellikleri. Ma\u00e7 \u00f6ncesi ve canl\u0131 olarak online spor bahisleri nedir, avantajlar\u0131 nelerdir? En \u0130yi Bahis\u00e7iler Hangi Sporlar\u0131 ve Piyasalar\u0131 Sunuyor?\" \/>\n<meta name=\"robots\" content=\"index, follow, max-snippet:-1, max-image-preview:large, max-video-preview:-1\" \/>\n<link rel=\"canonical\" href=\"https:\/\/casino-site-amp100.top\/tr\/spor-bahisleri\/\" \/>\n<meta property=\"og:locale\" content=\"ru_RU\" \/>\n<meta property=\"og:type\" content=\"article\" \/>\n<meta property=\"og:title\" content=\"T\u00fcrkiye bahis\u00e7ilerinin kullan\u0131c\u0131lar\u0131na sundu\u011fu online spor bahisleri\" \/>\n<meta property=\"og:description\" content=\"T\u00fcrkiye&#039;de spor bahislerinin \u00f6zellikleri. Ma\u00e7 \u00f6ncesi ve canl\u0131 olarak online spor bahisleri nedir, avantajlar\u0131 nelerdir? En \u0130yi Bahis\u00e7iler Hangi Sporlar\u0131 ve Piyasalar\u0131 Sunuyor?\" \/>\n<meta property=\"og:url\" content=\"https:\/\/casino-site-amp100.top\/tr\/spor-bahisleri\/\" \/>\n<meta property=\"og:site_name\" content=\"casino-site-amp100.top\" \/>\n<script type=\"application\/ld+json\" class=\"yoast-schema-graph\">{\"@context\":\"https:\/\/schema.org\",\"@graph\":[{\"@type\":\"WebPage\",\"@id\":\"https:\/\/casino-site-amp100.top\/tr\/spor-bahisleri\/\",\"url\":\"https:\/\/casino-site-amp100.top\/tr\/spor-bahisleri\/\",\"name\":\"T\u00fcrkiye bahis\u00e7ilerinin kullan\u0131c\u0131lar\u0131na sundu\u011fu online spor bahisleri\",\"isPartOf\":{\"@id\":\"https:\/\/casino-site-amp100.top\/#website\"},\"datePublished\":\"2026-02-12T09:02:38+00:00\",\"description\":\"T\u00fcrkiye'de spor bahislerinin \u00f6zellikleri. Ma\u00e7 \u00f6ncesi ve canl\u0131 olarak online spor bahisleri nedir, avantajlar\u0131 nelerdir? En \u0130yi Bahis\u00e7iler Hangi Sporlar\u0131 ve Piyasalar\u0131 Sunuyor?\",\"breadcrumb\":{\"@id\":\"https:\/\/casino-site-amp100.top\/tr\/spor-bahisleri\/#breadcrumb\"},\"inLanguage\":\"ru-RU\",\"potentialAction\":[{\"@type\":\"ReadAction\",\"target\":[\"https:\/\/casino-site-amp100.top\/tr\/spor-bahisleri\/\"]}]},{\"@type\":\"BreadcrumbList\",\"@id\":\"https:\/\/casino-site-amp100.top\/tr\/spor-bahisleri\/#breadcrumb\",\"itemListElement\":[{\"@type\":\"ListItem\",\"position\":1,\"name\":\"Home\",\"item\":\"https:\/\/casino-site-amp100.top\/\"},{\"@type\":\"ListItem\",\"position\":2,\"name\":\"Spor bahisleri\"}]},{\"@type\":\"WebSite\",\"@id\":\"https:\/\/casino-site-amp100.top\/#website\",\"url\":\"https:\/\/casino-site-amp100.top\/\",\"name\":\"casino-site-amp100.top\",\"description\":\"\",\"potentialAction\":[{\"@type\":\"SearchAction\",\"target\":{\"@type\":\"EntryPoint\",\"urlTemplate\":\"https:\/\/casino-site-amp100.top\/?s={search_term_string}\"},\"query-input\":{\"@type\":\"PropertyValueSpecification\",\"valueRequired\":true,\"valueName\":\"search_term_string\"}}],\"inLanguage\":\"ru-RU\"}]}<\/script>\n<!-- \/ Yoast SEO plugin. -->","yoast_head_json":{"title":"T\u00fcrkiye bahis\u00e7ilerinin kullan\u0131c\u0131lar\u0131na sundu\u011fu online spor bahisleri","description":"T\u00fcrkiye'de spor bahislerinin \u00f6zellikleri. Ma\u00e7 \u00f6ncesi ve canl\u0131 olarak online spor bahisleri nedir, avantajlar\u0131 nelerdir? En \u0130yi Bahis\u00e7iler Hangi Sporlar\u0131 ve Piyasalar\u0131 Sunuyor?","robots":{"index":"index","follow":"follow","max-snippet":"max-snippet:-1","max-image-preview":"max-image-preview:large","max-video-preview":"max-video-preview:-1"},"canonical":"https:\/\/casino-site-amp100.top\/tr\/spor-bahisleri\/","og_locale":"ru_RU","og_type":"article","og_title":"T\u00fcrkiye bahis\u00e7ilerinin kullan\u0131c\u0131lar\u0131na sundu\u011fu online spor bahisleri","og_description":"T\u00fcrkiye'de spor bahislerinin \u00f6zellikleri. Ma\u00e7 \u00f6ncesi ve canl\u0131 olarak online spor bahisleri nedir, avantajlar\u0131 nelerdir? En \u0130yi Bahis\u00e7iler Hangi Sporlar\u0131 ve Piyasalar\u0131 Sunuyor?","og_url":"https:\/\/casino-site-amp100.top\/tr\/spor-bahisleri\/","og_site_name":"casino-site-amp100.top","schema":{"@context":"https:\/\/schema.org","@graph":[{"@type":"WebPage","@id":"https:\/\/casino-site-amp100.top\/tr\/spor-bahisleri\/","url":"https:\/\/casino-site-amp100.top\/tr\/spor-bahisleri\/","name":"T\u00fcrkiye bahis\u00e7ilerinin kullan\u0131c\u0131lar\u0131na sundu\u011fu online spor bahisleri","isPartOf":{"@id":"https:\/\/casino-site-amp100.top\/#website"},"datePublished":"2026-02-12T09:02:38+00:00","description":"T\u00fcrkiye'de spor bahislerinin \u00f6zellikleri. Ma\u00e7 \u00f6ncesi ve canl\u0131 olarak online spor bahisleri nedir, avantajlar\u0131 nelerdir? En \u0130yi Bahis\u00e7iler Hangi Sporlar\u0131 ve Piyasalar\u0131 Sunuyor?","breadcrumb":{"@id":"https:\/\/casino-site-amp100.top\/tr\/spor-bahisleri\/#breadcrumb"},"inLanguage":"ru-RU","potentialAction":[{"@type":"ReadAction","target":["https:\/\/casino-site-amp100.top\/tr\/spor-bahisleri\/"]}]},{"@type":"BreadcrumbList","@id":"https:\/\/casino-site-amp100.top\/tr\/spor-bahisleri\/#breadcrumb","itemListElement":[{"@type":"ListItem","position":1,"name":"Home","item":"https:\/\/casino-site-amp100.top\/"},{"@type":"ListItem","position":2,"name":"Spor bahisleri"}]},{"@type":"WebSite","@id":"https:\/\/casino-site-amp100.top\/#website","url":"https:\/\/casino-site-amp100.top\/","name":"casino-site-amp100.top","description":"","potentialAction":[{"@type":"SearchAction","target":{"@type":"EntryPoint","urlTemplate":"https:\/\/casino-site-amp100.top\/?s={search_term_string}"},"query-input":{"@type":"PropertyValueSpecification","valueRequired":true,"valueName":"search_term_string"}}],"inLanguage":"ru-RU"}]}},"amp_enabled":true,"_links":{"self":[{"href":"https:\/\/casino-site-amp100.top\/wp-json\/wp\/v2\/pages\/2784","targetHints":{"allow":["GET"]}}],"collection":[{"href":"https:\/\/casino-site-amp100.top\/wp-json\/wp\/v2\/pages"}],"about":[{"href":"https:\/\/casino-site-amp100.top\/wp-json\/wp\/v2\/types\/page"}],"author":[{"embeddable":true,"href":"https:\/\/casino-site-amp100.top\/wp-json\/wp\/v2\/users\/1"}],"replies":[{"embeddable":true,"href":"https:\/\/casino-site-amp100.top\/wp-json\/wp\/v2\/comments?post=2784"}],"version-history":[{"count":1,"href":"https:\/\/casino-site-amp100.top\/wp-json\/wp\/v2\/pages\/2784\/revisions"}],"predecessor-version":[{"id":2785,"href":"https:\/\/casino-site-amp100.top\/wp-json\/wp\/v2\/pages\/2784\/revisions\/2785"}],"wp:attachment":[{"href":"https:\/\/casino-site-amp100.top\/wp-json\/wp\/v2\/media?parent=2784"}],"curies":[{"name":"wp","href":"https:\/\/api.w.org\/{rel}","templated":true}]}}