{"id":2775,"date":"2026-02-12T10:36:45","date_gmt":"2026-02-12T08:36:45","guid":{"rendered":"https:\/\/casino-site-amp100.top\/?page_id=2775"},"modified":"2026-02-12T10:37:14","modified_gmt":"2026-02-12T08:37:14","slug":"idman-m%c9%99rcl%c9%99ri","status":"publish","type":"page","link":"https:\/\/casino-site-amp100.top\/az\/idman-m%c9%99rcl%c9%99ri\/","title":{"rendered":"\u0130dman m\u0259rcl\u0259ri"},"content":{"rendered":"","protected":false},"excerpt":{"rendered":"","protected":false},"author":1,"featured_media":0,"parent":0,"menu_order":0,"comment_status":"closed","ping_status":"closed","template":"home-new.php","meta":{"_acf_changed":false,"footnotes":""},"class_list":["post-2775","page","type-page","status-publish","hentry"],"acf":[],"yoast_head":"<!-- This site is optimized with the Yoast SEO plugin v27.0 - https:\/\/yoast.com\/product\/yoast-seo-wordpress\/ -->\n<title>Onlayn idman m\u0259rc oyunlar\u0131 Az\u0259rbaycan\u0131n bukmeker kontorlar\u0131n\u0131n istifad\u0259\u00e7il\u0259ri \u00fc\u00e7\u00fcn \u0259l\u00e7atand\u0131r<\/title>\n<meta name=\"description\" content=\"Az\u0259rbaycanda idman m\u0259rc oyunlar\u0131n\u0131n x\u00fcsusiyy\u0259tl\u0259ri. Oyun \u00f6nc\u0259si v\u0259 canl\u0131 m\u0259rcd\u0259 onlayn idman m\u0259rcl\u0259ri n\u0259dir, onlar\u0131n \u00fcst\u00fcnl\u00fckl\u0259ri. \u018fn yax\u015f\u0131 bukmekerl\u0259r hans\u0131 idman n\u00f6vl\u0259rini v\u0259 bazarlar\u0131 t\u0259klif edir?\" \/>\n<meta name=\"robots\" content=\"index, follow, max-snippet:-1, max-image-preview:large, max-video-preview:-1\" \/>\n<link rel=\"canonical\" href=\"https:\/\/casino-site-amp100.top\/az\/idman-m\u0259rcl\u0259ri\/\" \/>\n<meta property=\"og:locale\" content=\"ru_RU\" \/>\n<meta property=\"og:type\" content=\"article\" \/>\n<meta property=\"og:title\" content=\"Onlayn idman m\u0259rc oyunlar\u0131 Az\u0259rbaycan\u0131n bukmeker kontorlar\u0131n\u0131n istifad\u0259\u00e7il\u0259ri \u00fc\u00e7\u00fcn \u0259l\u00e7atand\u0131r\" \/>\n<meta property=\"og:description\" content=\"Az\u0259rbaycanda idman m\u0259rc oyunlar\u0131n\u0131n x\u00fcsusiyy\u0259tl\u0259ri. Oyun \u00f6nc\u0259si v\u0259 canl\u0131 m\u0259rcd\u0259 onlayn idman m\u0259rcl\u0259ri n\u0259dir, onlar\u0131n \u00fcst\u00fcnl\u00fckl\u0259ri. \u018fn yax\u015f\u0131 bukmekerl\u0259r hans\u0131 idman n\u00f6vl\u0259rini v\u0259 bazarlar\u0131 t\u0259klif edir?\" \/>\n<meta property=\"og:url\" content=\"https:\/\/casino-site-amp100.top\/az\/idman-m\u0259rcl\u0259ri\/\" \/>\n<meta property=\"og:site_name\" content=\"casino-site-amp100.top\" \/>\n<meta property=\"article:modified_time\" content=\"2026-02-12T08:37:14+00:00\" \/>\n<script type=\"application\/ld+json\" class=\"yoast-schema-graph\">{\"@context\":\"https:\/\/schema.org\",\"@graph\":[{\"@type\":\"WebPage\",\"@id\":\"https:\/\/casino-site-amp100.top\/az\/idman-m%c9%99rcl%c9%99ri\/\",\"url\":\"https:\/\/casino-site-amp100.top\/az\/idman-m%c9%99rcl%c9%99ri\/\",\"name\":\"Onlayn idman m\u0259rc oyunlar\u0131 Az\u0259rbaycan\u0131n bukmeker kontorlar\u0131n\u0131n istifad\u0259\u00e7il\u0259ri \u00fc\u00e7\u00fcn \u0259l\u00e7atand\u0131r\",\"isPartOf\":{\"@id\":\"https:\/\/casino-site-amp100.top\/#website\"},\"datePublished\":\"2026-02-12T08:36:45+00:00\",\"dateModified\":\"2026-02-12T08:37:14+00:00\",\"description\":\"Az\u0259rbaycanda idman m\u0259rc oyunlar\u0131n\u0131n x\u00fcsusiyy\u0259tl\u0259ri. Oyun \u00f6nc\u0259si v\u0259 canl\u0131 m\u0259rcd\u0259 onlayn idman m\u0259rcl\u0259ri n\u0259dir, onlar\u0131n \u00fcst\u00fcnl\u00fckl\u0259ri. \u018fn yax\u015f\u0131 bukmekerl\u0259r hans\u0131 idman n\u00f6vl\u0259rini v\u0259 bazarlar\u0131 t\u0259klif edir?\",\"breadcrumb\":{\"@id\":\"https:\/\/casino-site-amp100.top\/az\/idman-m%c9%99rcl%c9%99ri\/#breadcrumb\"},\"inLanguage\":\"ru-RU\",\"potentialAction\":[{\"@type\":\"ReadAction\",\"target\":[\"https:\/\/casino-site-amp100.top\/az\/idman-m%c9%99rcl%c9%99ri\/\"]}]},{\"@type\":\"BreadcrumbList\",\"@id\":\"https:\/\/casino-site-amp100.top\/az\/idman-m%c9%99rcl%c9%99ri\/#breadcrumb\",\"itemListElement\":[{\"@type\":\"ListItem\",\"position\":1,\"name\":\"Home\",\"item\":\"https:\/\/casino-site-amp100.top\/\"},{\"@type\":\"ListItem\",\"position\":2,\"name\":\"\u0130dman m\u0259rcl\u0259ri\"}]},{\"@type\":\"WebSite\",\"@id\":\"https:\/\/casino-site-amp100.top\/#website\",\"url\":\"https:\/\/casino-site-amp100.top\/\",\"name\":\"casino-site-amp100.top\",\"description\":\"\",\"potentialAction\":[{\"@type\":\"SearchAction\",\"target\":{\"@type\":\"EntryPoint\",\"urlTemplate\":\"https:\/\/casino-site-amp100.top\/?s={search_term_string}\"},\"query-input\":{\"@type\":\"PropertyValueSpecification\",\"valueRequired\":true,\"valueName\":\"search_term_string\"}}],\"inLanguage\":\"ru-RU\"}]}<\/script>\n<!-- \/ Yoast SEO plugin. -->","yoast_head_json":{"title":"Onlayn idman m\u0259rc oyunlar\u0131 Az\u0259rbaycan\u0131n bukmeker kontorlar\u0131n\u0131n istifad\u0259\u00e7il\u0259ri \u00fc\u00e7\u00fcn \u0259l\u00e7atand\u0131r","description":"Az\u0259rbaycanda idman m\u0259rc oyunlar\u0131n\u0131n x\u00fcsusiyy\u0259tl\u0259ri. Oyun \u00f6nc\u0259si v\u0259 canl\u0131 m\u0259rcd\u0259 onlayn idman m\u0259rcl\u0259ri n\u0259dir, onlar\u0131n \u00fcst\u00fcnl\u00fckl\u0259ri. \u018fn yax\u015f\u0131 bukmekerl\u0259r hans\u0131 idman n\u00f6vl\u0259rini v\u0259 bazarlar\u0131 t\u0259klif edir?","robots":{"index":"index","follow":"follow","max-snippet":"max-snippet:-1","max-image-preview":"max-image-preview:large","max-video-preview":"max-video-preview:-1"},"canonical":"https:\/\/casino-site-amp100.top\/az\/idman-m\u0259rcl\u0259ri\/","og_locale":"ru_RU","og_type":"article","og_title":"Onlayn idman m\u0259rc oyunlar\u0131 Az\u0259rbaycan\u0131n bukmeker kontorlar\u0131n\u0131n istifad\u0259\u00e7il\u0259ri \u00fc\u00e7\u00fcn \u0259l\u00e7atand\u0131r","og_description":"Az\u0259rbaycanda idman m\u0259rc oyunlar\u0131n\u0131n x\u00fcsusiyy\u0259tl\u0259ri. Oyun \u00f6nc\u0259si v\u0259 canl\u0131 m\u0259rcd\u0259 onlayn idman m\u0259rcl\u0259ri n\u0259dir, onlar\u0131n \u00fcst\u00fcnl\u00fckl\u0259ri. \u018fn yax\u015f\u0131 bukmekerl\u0259r hans\u0131 idman n\u00f6vl\u0259rini v\u0259 bazarlar\u0131 t\u0259klif edir?","og_url":"https:\/\/casino-site-amp100.top\/az\/idman-m\u0259rcl\u0259ri\/","og_site_name":"casino-site-amp100.top","article_modified_time":"2026-02-12T08:37:14+00:00","schema":{"@context":"https:\/\/schema.org","@graph":[{"@type":"WebPage","@id":"https:\/\/casino-site-amp100.top\/az\/idman-m%c9%99rcl%c9%99ri\/","url":"https:\/\/casino-site-amp100.top\/az\/idman-m%c9%99rcl%c9%99ri\/","name":"Onlayn idman m\u0259rc oyunlar\u0131 Az\u0259rbaycan\u0131n bukmeker kontorlar\u0131n\u0131n istifad\u0259\u00e7il\u0259ri \u00fc\u00e7\u00fcn \u0259l\u00e7atand\u0131r","isPartOf":{"@id":"https:\/\/casino-site-amp100.top\/#website"},"datePublished":"2026-02-12T08:36:45+00:00","dateModified":"2026-02-12T08:37:14+00:00","description":"Az\u0259rbaycanda idman m\u0259rc oyunlar\u0131n\u0131n x\u00fcsusiyy\u0259tl\u0259ri. Oyun \u00f6nc\u0259si v\u0259 canl\u0131 m\u0259rcd\u0259 onlayn idman m\u0259rcl\u0259ri n\u0259dir, onlar\u0131n \u00fcst\u00fcnl\u00fckl\u0259ri. \u018fn yax\u015f\u0131 bukmekerl\u0259r hans\u0131 idman n\u00f6vl\u0259rini v\u0259 bazarlar\u0131 t\u0259klif edir?","breadcrumb":{"@id":"https:\/\/casino-site-amp100.top\/az\/idman-m%c9%99rcl%c9%99ri\/#breadcrumb"},"inLanguage":"ru-RU","potentialAction":[{"@type":"ReadAction","target":["https:\/\/casino-site-amp100.top\/az\/idman-m%c9%99rcl%c9%99ri\/"]}]},{"@type":"BreadcrumbList","@id":"https:\/\/casino-site-amp100.top\/az\/idman-m%c9%99rcl%c9%99ri\/#breadcrumb","itemListElement":[{"@type":"ListItem","position":1,"name":"Home","item":"https:\/\/casino-site-amp100.top\/"},{"@type":"ListItem","position":2,"name":"\u0130dman m\u0259rcl\u0259ri"}]},{"@type":"WebSite","@id":"https:\/\/casino-site-amp100.top\/#website","url":"https:\/\/casino-site-amp100.top\/","name":"casino-site-amp100.top","description":"","potentialAction":[{"@type":"SearchAction","target":{"@type":"EntryPoint","urlTemplate":"https:\/\/casino-site-amp100.top\/?s={search_term_string}"},"query-input":{"@type":"PropertyValueSpecification","valueRequired":true,"valueName":"search_term_string"}}],"inLanguage":"ru-RU"}]}},"amp_enabled":true,"_links":{"self":[{"href":"https:\/\/casino-site-amp100.top\/wp-json\/wp\/v2\/pages\/2775","targetHints":{"allow":["GET"]}}],"collection":[{"href":"https:\/\/casino-site-amp100.top\/wp-json\/wp\/v2\/pages"}],"about":[{"href":"https:\/\/casino-site-amp100.top\/wp-json\/wp\/v2\/types\/page"}],"author":[{"embeddable":true,"href":"https:\/\/casino-site-amp100.top\/wp-json\/wp\/v2\/users\/1"}],"replies":[{"embeddable":true,"href":"https:\/\/casino-site-amp100.top\/wp-json\/wp\/v2\/comments?post=2775"}],"version-history":[{"count":1,"href":"https:\/\/casino-site-amp100.top\/wp-json\/wp\/v2\/pages\/2775\/revisions"}],"predecessor-version":[{"id":2776,"href":"https:\/\/casino-site-amp100.top\/wp-json\/wp\/v2\/pages\/2775\/revisions\/2776"}],"wp:attachment":[{"href":"https:\/\/casino-site-amp100.top\/wp-json\/wp\/v2\/media?parent=2775"}],"curies":[{"name":"wp","href":"https:\/\/api.w.org\/{rel}","templated":true}]}}