{"id":2544,"date":"2026-02-03T16:13:00","date_gmt":"2026-02-03T14:13:00","guid":{"rendered":"https:\/\/casino-site-amp100.top\/?page_id=2544"},"modified":"2026-02-17T14:54:02","modified_gmt":"2026-02-17T12:54:02","slug":"home-az","status":"publish","type":"page","link":"https:\/\/casino-site-amp100.top\/az\/","title":{"rendered":"Home  AZ"},"content":{"rendered":"","protected":false},"excerpt":{"rendered":"","protected":false},"author":1,"featured_media":0,"parent":0,"menu_order":0,"comment_status":"closed","ping_status":"closed","template":"home-new.php","meta":{"_acf_changed":false,"footnotes":""},"class_list":["post-2544","page","type-page","status-publish","hentry"],"acf":[],"yoast_head":"<!-- This site is optimized with the Yoast SEO plugin v27.0 - https:\/\/yoast.com\/product\/yoast-seo-wordpress\/ -->\n<title>1xbet Az\u0259rbaycanda qumar oyunlar\u0131 \u00fc\u00e7\u00fcn \u0259n yax\u015f\u0131 saytd\u0131r<\/title>\n<meta name=\"description\" content=\"1xbet kazinosu Az\u0259rbaycandan olan b\u00fct\u00fcn oyun\u00e7ular \u00fc\u00e7\u00fcn saytd\u0131r. S\u0259xav\u0259tli bonuslarla idman m\u0259rcl\u0259ri \u00fc\u00e7\u00fcn b\u00f6y\u00fck \u0259msallar v\u0259 \u00e7oxlu se\u00e7iml\u0259r qumar oyunlar\u0131n\u0131n qonaqlar\u0131n\u0131 g\u00f6zl\u0259yir.\" \/>\n<meta name=\"robots\" content=\"index, follow, max-snippet:-1, max-image-preview:large, max-video-preview:-1\" \/>\n<link rel=\"canonical\" href=\"https:\/\/casino-site-amp100.top\/az\/\" \/>\n<meta property=\"og:locale\" content=\"ru_RU\" \/>\n<meta property=\"og:type\" content=\"article\" \/>\n<meta property=\"og:title\" content=\"1xbet Az\u0259rbaycanda qumar oyunlar\u0131 \u00fc\u00e7\u00fcn \u0259n yax\u015f\u0131 saytd\u0131r\" \/>\n<meta property=\"og:description\" content=\"1xbet kazinosu Az\u0259rbaycandan olan b\u00fct\u00fcn oyun\u00e7ular \u00fc\u00e7\u00fcn saytd\u0131r. S\u0259xav\u0259tli bonuslarla idman m\u0259rcl\u0259ri \u00fc\u00e7\u00fcn b\u00f6y\u00fck \u0259msallar v\u0259 \u00e7oxlu se\u00e7iml\u0259r qumar oyunlar\u0131n\u0131n qonaqlar\u0131n\u0131 g\u00f6zl\u0259yir.\" \/>\n<meta property=\"og:url\" content=\"https:\/\/casino-site-amp100.top\/az\/\" \/>\n<meta property=\"og:site_name\" content=\"casino-site-amp100.top\" \/>\n<meta property=\"article:modified_time\" content=\"2026-02-17T12:54:02+00:00\" \/>\n<script type=\"application\/ld+json\" class=\"yoast-schema-graph\">{\"@context\":\"https:\/\/schema.org\",\"@graph\":[{\"@type\":\"WebPage\",\"@id\":\"https:\/\/casino-site-amp100.top\/az\/\",\"url\":\"https:\/\/casino-site-amp100.top\/az\/\",\"name\":\"1xbet Az\u0259rbaycanda qumar oyunlar\u0131 \u00fc\u00e7\u00fcn \u0259n yax\u015f\u0131 saytd\u0131r\",\"isPartOf\":{\"@id\":\"https:\/\/casino-site-amp100.top\/#website\"},\"datePublished\":\"2026-02-03T14:13:00+00:00\",\"dateModified\":\"2026-02-17T12:54:02+00:00\",\"description\":\"1xbet kazinosu Az\u0259rbaycandan olan b\u00fct\u00fcn oyun\u00e7ular \u00fc\u00e7\u00fcn saytd\u0131r. S\u0259xav\u0259tli bonuslarla idman m\u0259rcl\u0259ri \u00fc\u00e7\u00fcn b\u00f6y\u00fck \u0259msallar v\u0259 \u00e7oxlu se\u00e7iml\u0259r qumar oyunlar\u0131n\u0131n qonaqlar\u0131n\u0131 g\u00f6zl\u0259yir.\",\"breadcrumb\":{\"@id\":\"https:\/\/casino-site-amp100.top\/az\/#breadcrumb\"},\"inLanguage\":\"ru-RU\",\"potentialAction\":[{\"@type\":\"ReadAction\",\"target\":[\"https:\/\/casino-site-amp100.top\/az\/\"]}]},{\"@type\":\"BreadcrumbList\",\"@id\":\"https:\/\/casino-site-amp100.top\/az\/#breadcrumb\",\"itemListElement\":[{\"@type\":\"ListItem\",\"position\":1,\"name\":\"Home\",\"item\":\"https:\/\/casino-site-amp100.top\/\"},{\"@type\":\"ListItem\",\"position\":2,\"name\":\"Home AZ\"}]},{\"@type\":\"WebSite\",\"@id\":\"https:\/\/casino-site-amp100.top\/#website\",\"url\":\"https:\/\/casino-site-amp100.top\/\",\"name\":\"casino-site-amp100.top\",\"description\":\"\",\"potentialAction\":[{\"@type\":\"SearchAction\",\"target\":{\"@type\":\"EntryPoint\",\"urlTemplate\":\"https:\/\/casino-site-amp100.top\/?s={search_term_string}\"},\"query-input\":{\"@type\":\"PropertyValueSpecification\",\"valueRequired\":true,\"valueName\":\"search_term_string\"}}],\"inLanguage\":\"ru-RU\"}]}<\/script>\n<!-- \/ Yoast SEO plugin. -->","yoast_head_json":{"title":"1xbet Az\u0259rbaycanda qumar oyunlar\u0131 \u00fc\u00e7\u00fcn \u0259n yax\u015f\u0131 saytd\u0131r","description":"1xbet kazinosu Az\u0259rbaycandan olan b\u00fct\u00fcn oyun\u00e7ular \u00fc\u00e7\u00fcn saytd\u0131r. S\u0259xav\u0259tli bonuslarla idman m\u0259rcl\u0259ri \u00fc\u00e7\u00fcn b\u00f6y\u00fck \u0259msallar v\u0259 \u00e7oxlu se\u00e7iml\u0259r qumar oyunlar\u0131n\u0131n qonaqlar\u0131n\u0131 g\u00f6zl\u0259yir.","robots":{"index":"index","follow":"follow","max-snippet":"max-snippet:-1","max-image-preview":"max-image-preview:large","max-video-preview":"max-video-preview:-1"},"canonical":"https:\/\/casino-site-amp100.top\/az\/","og_locale":"ru_RU","og_type":"article","og_title":"1xbet Az\u0259rbaycanda qumar oyunlar\u0131 \u00fc\u00e7\u00fcn \u0259n yax\u015f\u0131 saytd\u0131r","og_description":"1xbet kazinosu Az\u0259rbaycandan olan b\u00fct\u00fcn oyun\u00e7ular \u00fc\u00e7\u00fcn saytd\u0131r. S\u0259xav\u0259tli bonuslarla idman m\u0259rcl\u0259ri \u00fc\u00e7\u00fcn b\u00f6y\u00fck \u0259msallar v\u0259 \u00e7oxlu se\u00e7iml\u0259r qumar oyunlar\u0131n\u0131n qonaqlar\u0131n\u0131 g\u00f6zl\u0259yir.","og_url":"https:\/\/casino-site-amp100.top\/az\/","og_site_name":"casino-site-amp100.top","article_modified_time":"2026-02-17T12:54:02+00:00","schema":{"@context":"https:\/\/schema.org","@graph":[{"@type":"WebPage","@id":"https:\/\/casino-site-amp100.top\/az\/","url":"https:\/\/casino-site-amp100.top\/az\/","name":"1xbet Az\u0259rbaycanda qumar oyunlar\u0131 \u00fc\u00e7\u00fcn \u0259n yax\u015f\u0131 saytd\u0131r","isPartOf":{"@id":"https:\/\/casino-site-amp100.top\/#website"},"datePublished":"2026-02-03T14:13:00+00:00","dateModified":"2026-02-17T12:54:02+00:00","description":"1xbet kazinosu Az\u0259rbaycandan olan b\u00fct\u00fcn oyun\u00e7ular \u00fc\u00e7\u00fcn saytd\u0131r. S\u0259xav\u0259tli bonuslarla idman m\u0259rcl\u0259ri \u00fc\u00e7\u00fcn b\u00f6y\u00fck \u0259msallar v\u0259 \u00e7oxlu se\u00e7iml\u0259r qumar oyunlar\u0131n\u0131n qonaqlar\u0131n\u0131 g\u00f6zl\u0259yir.","breadcrumb":{"@id":"https:\/\/casino-site-amp100.top\/az\/#breadcrumb"},"inLanguage":"ru-RU","potentialAction":[{"@type":"ReadAction","target":["https:\/\/casino-site-amp100.top\/az\/"]}]},{"@type":"BreadcrumbList","@id":"https:\/\/casino-site-amp100.top\/az\/#breadcrumb","itemListElement":[{"@type":"ListItem","position":1,"name":"Home","item":"https:\/\/casino-site-amp100.top\/"},{"@type":"ListItem","position":2,"name":"Home AZ"}]},{"@type":"WebSite","@id":"https:\/\/casino-site-amp100.top\/#website","url":"https:\/\/casino-site-amp100.top\/","name":"casino-site-amp100.top","description":"","potentialAction":[{"@type":"SearchAction","target":{"@type":"EntryPoint","urlTemplate":"https:\/\/casino-site-amp100.top\/?s={search_term_string}"},"query-input":{"@type":"PropertyValueSpecification","valueRequired":true,"valueName":"search_term_string"}}],"inLanguage":"ru-RU"}]}},"amp_enabled":true,"_links":{"self":[{"href":"https:\/\/casino-site-amp100.top\/wp-json\/wp\/v2\/pages\/2544","targetHints":{"allow":["GET"]}}],"collection":[{"href":"https:\/\/casino-site-amp100.top\/wp-json\/wp\/v2\/pages"}],"about":[{"href":"https:\/\/casino-site-amp100.top\/wp-json\/wp\/v2\/types\/page"}],"author":[{"embeddable":true,"href":"https:\/\/casino-site-amp100.top\/wp-json\/wp\/v2\/users\/1"}],"replies":[{"embeddable":true,"href":"https:\/\/casino-site-amp100.top\/wp-json\/wp\/v2\/comments?post=2544"}],"version-history":[{"count":6,"href":"https:\/\/casino-site-amp100.top\/wp-json\/wp\/v2\/pages\/2544\/revisions"}],"predecessor-version":[{"id":3207,"href":"https:\/\/casino-site-amp100.top\/wp-json\/wp\/v2\/pages\/2544\/revisions\/3207"}],"wp:attachment":[{"href":"https:\/\/casino-site-amp100.top\/wp-json\/wp\/v2\/media?parent=2544"}],"curies":[{"name":"wp","href":"https:\/\/api.w.org\/{rel}","templated":true}]}}